{"id":1434,"date":"2020-03-25T20:36:29","date_gmt":"2020-03-25T20:36:29","guid":{"rendered":"http:\/\/neckar-donau-wegekreuz.de\/?page_id=1434"},"modified":"2021-10-07T14:11:29","modified_gmt":"2021-10-07T14:11:29","slug":"begegnungen","status":"publish","type":"page","link":"http:\/\/neckar-donau-wegekreuz.de\/?page_id=1434","title":{"rendered":"Begegnungen alter und neuer Heimat"},"content":{"rendered":"\n\n<p>\u00a0<\/p>\n<figure><img src=\"http:\/\/neckar-donau-wegekreuz.de\/wp-content\/uploads\/2020\/07\/Fc-01.png\" alt=\"Filipowaer Gruppe anl\u00e4\u00dflich der Wallfahrt 2010 nach Alt\u00f6tting. Foto: Archiv Freundeskreis Filipowa\" \/>\n<figcaption>Filipowaer Gruppe anl\u00e4\u00dflich der Wallfahrt 2010 nach Alt\u00f6tting. Foto: Archiv Freundeskreis Filipowa<\/figcaption>\n<\/figure>\n<p>\u00a0<\/p>\n<figure><img src=\"http:\/\/neckar-donau-wegekreuz.de\/wp-content\/uploads\/2020\/07\/Fc-02.png\" alt=\"Busreisegruppe aus Stuttgart auf der Fahrt anl\u00e4\u00dflich 250 Jahre Gr\u00fcndung von Filipowa. Aufnahme am Donauufer Apatin. Foto: Archiv Freundeskreis Filipowa\" \/>\n<p>\u00a0<\/p>\n<figcaption>Busreisegruppe aus Stuttgart auf der Fahrt anl\u00e4\u00dflich 250 Jahre Gr\u00fcndung von Filipowa. Aufnahme am Donauufer Apatin. Foto: Archiv Freundeskreis Filipowa<\/figcaption>\n<\/figure>\n<figure><img src=\"http:\/\/neckar-donau-wegekreuz.de\/wp-content\/uploads\/2020\/07\/Fc-03.png\" alt=\"120 Teilnehmer waren auf der Reise 2013. Aufnahme im Park des Wallfahrtsortes \u201eMaria Dorosl\u00f6\u201c . Foto: Archiv Freundeskreis Filipowa\" \/>\n<p>\u00a0<\/p>\n<figcaption>120 Teilnehmer waren auf der Reise 2013. Aufnahme im Park des Wallfahrtsortes \u201eMaria Dorosl\u00f6\u201c . Foto: Archiv Freundeskreis Filipowa<\/figcaption>\n<\/figure>\n<figure><img src=\"http:\/\/neckar-donau-wegekreuz.de\/wp-content\/uploads\/2020\/07\/Fc-04.png\" alt=\"Kinderspalier zur Begr\u00fc\u00dfung der Besucher im  B\u00fcrgerhaus von Backi Gracac 2013. Foto: Archiv Freundeskreis Filipowa\" \/>\n<p>\u00a0<\/p>\n<figcaption>Kinderspalier zur Begr\u00fc\u00dfung der Besucher im B\u00fcrgerhaus von Backi Gracac 2013. Foto: Archiv Freundeskreis Filipowa<\/figcaption>\n<\/figure>\n<figure><img src=\"http:\/\/neckar-donau-wegekreuz.de\/wp-content\/uploads\/2020\/07\/Fc-05-.png\" alt=\"250 Jahre Gr\u00fcndung Filipowas. Das Mittagessen im B\u00fcrgersaal von Backi Gracac, die Bewirtung erfolgte durch freiwillige Helfer der Ortsbev\u00f6lkerung. Foto: Archiv Freundeskreis Filipowa\" \/>\n<p>\u00a0<\/p>\n<figcaption>250 Jahre Gr\u00fcndung Filipowas. Das Mittagessen im B\u00fcrgersaal von Backi Gracac, die Bewirtung erfolgte durch freiwillige Helfer der Ortsbev\u00f6lkerung. Foto: Archiv Freundeskreis Filipowa<\/figcaption>\n<\/figure>\n<figure><img src=\"http:\/\/neckar-donau-wegekreuz.de\/wp-content\/uploads\/2020\/07\/Fc-06.png\" alt=\"Besuch im einstigen Kloster, ehemalige sowie derzeitige Schule 2013. Foto: Archiv Freundeskreis Filipowa\" \/>\n<p>\u00a0<\/p>\n<figcaption>Besuch im einstigen Kloster, ehemalige sowie derzeitige Schule 2013. Foto: Archiv Freundeskreis Filipowa<\/figcaption>\n<\/figure>\n<figure><img src=\"http:\/\/neckar-donau-wegekreuz.de\/wp-content\/uploads\/2020\/07\/Fc-07-.png\" alt=\"Begegnung im B\u00fcrgersaal Backi Gracac 2014 mit dem Ortsvorstand Dusan Brkljac. Der Bewohner des Hauses Zollitsch gab uns eine Kostprobe seiner Kunst als Damburica-Spieler. Foto: Archiv Freundeskreis Filipowa\" \/>\n<p>\u00a0<\/p>\n<figcaption>Begegnung im B\u00fcrgersaal Backi Gracac 2014 mit dem Ortsvorstand Dusan Brkljac. Der Bewohner des Hauses Zollitsch gab uns eine Kostprobe seiner Kunst als Damburica-Spieler. Foto: Archiv Freundeskreis Filipowa<\/figcaption>\n<\/figure>\n<figure><img src=\"http:\/\/neckar-donau-wegekreuz.de\/wp-content\/uploads\/2020\/07\/Fc-08-.png\" alt=\"Bewirtung durch die einheimische Berv\u00f6lkerung 2013 im B\u00fcrgersaal. Foto: Archiv Freundeskreis Filipowa\" \/>\n<p>\u00a0<\/p>\n<figcaption>Bewirtung durch die einheimische Berv\u00f6lkerung 2013 im B\u00fcrgersaal. Foto: Archiv Freundeskreis Filipowa<\/figcaption>\n<\/figure>\n<figure><img src=\"http:\/\/neckar-donau-wegekreuz.de\/wp-content\/uploads\/2020\/07\/FC-09-.png\" alt=\"In Backi  Gracac mit dem  Ortsvorsteher und der Direktorin der Schule 2016.  Foto: Archiv Freundeskreis Filipowa\" \/>\n<p>\u00a0<\/p>\n<figcaption>In Backi Gracac mit dem Ortsvorsteher und der Direktorin der Schule 2016. Foto: Archiv Freundeskreis Filipowa<\/figcaption>\n<\/figure>\n<figure><img src=\"http:\/\/neckar-donau-wegekreuz.de\/wp-content\/uploads\/2020\/07\/Fc-10-.png\" alt=\"Em. Erzbischof Zollitsch mit der Besuchergruppe im Jahr 2014 im Hof seines Geburtshauses mit dem in diesem Haus seit 1949 lebenden Bewohner Dusan Brkljac. Foto: Archiv Freundeskreis Filipowa\" \/>\n<p>\u00a0<\/p>\n<figcaption>Em. Erzbischof Zollitsch mit der Besuchergruppe im Jahr 2014 im Hof seines Geburtshauses mit dem in diesem Haus seit 1949 lebenden Bewohner Dusan Brkljac. Foto: Archiv Freundeskreis Filipowa<\/figcaption>\n<\/figure>\n<figure><img src=\"http:\/\/neckar-donau-wegekreuz.de\/wp-content\/uploads\/2020\/07\/Fc-11.png\" alt=\"Besuch im Geburtshaus von Erzbischof Zollitsch 2014. Foto: Archiv Freundeskreis Filipowa\" \/>\n<p>\u00a0<\/p>\n<figcaption>Besuch im Geburtshaus von Erzbischof Zollitsch 2014. Foto: Archiv Freundeskreis Filipowa<\/figcaption>\n<\/figure>\n<figure><img src=\"http:\/\/neckar-donau-wegekreuz.de\/wp-content\/uploads\/2020\/07\/Fc-12-.png\" alt=\"Besichtigung der Baustelle. Hier wird die orthodoxe Kirche errichtet, 2014. Foto: Archiv Freundeskreis Filipowa\" \/>\n<p>\u00a0<\/p>\n<figcaption>Besichtigung der Baustelle. Hier wird die orthodoxe Kirche errichtet, 2014. Foto: Archiv Freundeskreis Filipowa<\/figcaption>\n<\/figure>\n<figure><img src=\"http:\/\/neckar-donau-wegekreuz.de\/wp-content\/uploads\/2020\/07\/Fc-13.png\" alt=\"Reisegruppe 2014 in der \u201eSlatna Kruna\u201c dem landestypischen Fischlokal in Apatin. Foto: Archiv Freundeskreis Filipowa\" \/>\n<p>\u00a0<\/p>\n<figcaption>Reisegruppe 2014 in der \u201eSlatna Kruna\u201c dem landestypischen Fischlokal in Apatin. Foto: Archiv Freundeskreis Filipowa<\/figcaption>\n<\/figure>\n<figure><img src=\"http:\/\/neckar-donau-wegekreuz.de\/wp-content\/uploads\/2020\/07\/FC-14-.png\" alt=\"Tanzgruppe aus Backi Gracac. Die Einladung erfolgte auf die Initiative von Erzbischof Zollitsch \u00fcber den Verein \u201eGlaube-Erinnerung-Zukunft e.V.\u201c Hier der Auftritt der Gruppe nach dem Gottesdienst der Vertriebenenwallfahrt am 7.6. 2015 in Ellwangen. Foto: Archiv Freundeskreis Filipowa\" \/>\n<p>\u00a0<\/p>\n<figcaption>Tanzgruppe aus Backi Gracac. Die Einladung erfolgte auf die Initiative von Erzbischof Zollitsch \u00fcber den Verein \u201eGlaube-Erinnerung-Zukunft e.V.\u201c Hier der Auftritt der Gruppe nach dem Gottesdienst der Vertriebenenwallfahrt am 7.6. 2015 in Ellwangen. Foto: Archiv Freundeskreis Filipowa<\/figcaption>\n<\/figure>\n<figure><img src=\"http:\/\/neckar-donau-wegekreuz.de\/wp-content\/uploads\/2020\/07\/Fc-15.png\" alt=\"Tanzgruppe aus Serbien 2015 in  Ellwangen. Foto: Archiv Freundeskreis Filipowa\" \/>\n<p>\u00a0<\/p>\n<figcaption>Tanzgruppe aus Serbien 2015 in Ellwangen. Foto: Archiv Freundeskreis Filipowa<\/figcaption>\n<\/figure>\n<figure><img src=\"http:\/\/neckar-donau-wegekreuz.de\/wp-content\/uploads\/2020\/07\/Fc-16-.png\" alt=\"Besuch in Backi Gracac 2016. Empfang mit  Brot und Salz. Foto: Archiv Freundeskreis Filipowa\" \/>\n<p>\u00a0<\/p>\n<figcaption>Besuch in Backi Gracac 2016. Empfang mit Brot und Salz. Foto: Archiv Freundeskreis Filipowa<\/figcaption>\n<\/figure>\n<figure><img src=\"http:\/\/neckar-donau-wegekreuz.de\/wp-content\/uploads\/2020\/07\/Fc-17-.png\" alt=\"Festbankett mit dem Ortsvorstand zu Ehren unseres Besuches in Backi Gracac 2016. F\u00fcr die Bewirtung sorgte ein zahlreiches Helferteam. Foto: Archiv Freundeskreis Filipowa\" \/>\n<p>\u00a0<\/p>\n<figcaption>Festbankett mit dem Ortsvorstand zu Ehren unseres Besuches in Backi Gracac 2016. F\u00fcr die Bewirtung sorgte ein zahlreiches Helferteam. Foto: Archiv Freundeskreis Filipowa<\/figcaption>\n<\/figure>\n<figure><img src=\"http:\/\/neckar-donau-wegekreuz.de\/wp-content\/uploads\/2020\/07\/Fc-18-.png\" alt=\"Der Pope erkl\u00e4rt die im Innenausbau befindliche orthodoxe Kirche, 2016. Foto: Archiv Freundeskreis Filipowa\" \/>\n<p>\u00a0<\/p>\n<figcaption>Der Pope erkl\u00e4rt die im Innenausbau befindliche orthodoxe Kirche, 2016. Foto: Archiv Freundeskreis Filipowa<\/figcaption>\n<\/figure>\n<figure><img src=\"http:\/\/neckar-donau-wegekreuz.de\/wp-content\/uploads\/2020\/07\/Fc-19.png\" alt=\"Besuch im Geburtshaus- von Agnes Kupferschmidt. Die Gastgeberin freut sich \u00fcber den spontanen Besuch der ehemaligen Bewohner bzw. Nachkommen aus Filipowa.  Foto: Archiv Freundeskreis Filipowa\" \/>\n<p>\u00a0<\/p>\n<figcaption>Besuch im Geburtshaus- von Agnes Kupferschmidt. Die Gastgeberin freut sich \u00fcber den spontanen Besuch der ehemaligen Bewohner bzw. Nachkommen aus Filipowa. Foto: Archiv Freundeskreis Filipowa<\/figcaption>\n<\/figure>\n<figure><img src=\"http:\/\/neckar-donau-wegekreuz.de\/wp-content\/uploads\/2020\/07\/Fc-20.png\" alt=\"Empfang in Backi Gracac 2016. Foto: Archiv Freundeskreis Filipowa\" \/>\n<p>\u00a0<\/p>\n<figcaption>Empfang in Backi Gracac 2016. Foto: Archiv Freundeskreis Filipowa<\/figcaption>\n<\/figure>\n<figure><img src=\"http:\/\/neckar-donau-wegekreuz.de\/wp-content\/uploads\/2020\/07\/Fc-21.png\" alt=\"Begegnung an der Gedenkst\u00e4tte mit serbischen B\u00fcrgern 2014. Foto: Archiv Freundeskreis Filipowa\" \/>\n<p>\u00a0<\/p>\n<figcaption>Begegnung an der Gedenkst\u00e4tte mit serbischen B\u00fcrgern 2014. Foto: Archiv Freundeskreis Filipowa<\/figcaption>\n<\/figure>\n<figure><img src=\"http:\/\/neckar-donau-wegekreuz.de\/wp-content\/uploads\/2020\/07\/Fc-22-2.png\" alt=\"Serbische  G\u00e4ste. Die zweite Einladung nach Bad Niedernau erfolgte \u00fcber Erzbischof Zollitsch, durch den Verein Glaube-Erinnerung-Zukunft e.V. Hier die Begr\u00fc\u00dfung im Wallfahrtsgottesdienst an Christi Himmelfahrt 2017. Foto: Archiv Freundeskreis Filipowa\" \/>\n<p>\u00a0<\/p>\n<figcaption>Serbische G\u00e4ste. Die zweite Einladung nach Bad Niedernau erfolgte \u00fcber Erzbischof Zollitsch, durch den Verein Glaube-Erinnerung-Zukunft e.V. Hier die Begr\u00fc\u00dfung im Wallfahrtsgottesdienst an Christi Himmelfahrt 2017. Foto: Archiv Freundeskreis Filipowa<\/figcaption>\n<\/figure>\n<figure><img src=\"http:\/\/neckar-donau-wegekreuz.de\/wp-content\/uploads\/2020\/07\/Fc-23-2.png\" alt=\"Begegnung nach dem Gottesdienst  25.5.2017.  Foto: Archiv Freundeskreis Filipowa\" \/>\n<p>\u00a0<\/p>\n<figcaption>Begegnung nach dem Gottesdienst 25.5.2017. Foto: Archiv Freundeskreis Filipowa<\/figcaption>\n<\/figure>\n<figure><img src=\"http:\/\/neckar-donau-wegekreuz.de\/wp-content\/uploads\/2020\/07\/Fc-24-.png\" alt=\"Tanzauftritt nach dem Gottesdienst in Bad Niedernau 2017. Foto: Archiv Freundeskreis Filipowa\" \/>\n<p>\u00a0<\/p>\n<figcaption>Tanzauftritt nach dem Gottesdienst in Bad Niedernau 2017. Foto: Archiv Freundeskreis Filipowa<\/figcaption>\n<\/figure>\n<figure><img src=\"http:\/\/neckar-donau-wegekreuz.de\/wp-content\/uploads\/2020\/07\/Fc-25.png\" alt=\"Die serbischen Jugendlichen wurden auch zu einem Besuch des Europaparks eingeladen. Dort hatten sie einen Auftritt auf der Freilichtb\u00fchne. Zahlreiche Besucher spendeten Applaus. Foto: Archiv Freundeskreis Filipowa\" \/>\n<p>\u00a0<\/p>\n<figcaption>Die serbischen Jugendlichen wurden auch zu einem Besuch des Europaparks eingeladen. Dort hatten sie einen Auftritt auf der Freilichtb\u00fchne. Zahlreiche Besucher spendeten Applaus. Foto: Archiv Freundeskreis Filipowa<\/figcaption>\n<\/figure>\n<p>Zur\u00fcck<br \/>Weiter<\/p>","protected":false},"excerpt":{"rendered":"<p>\u00a0 Filipowaer Gruppe anl\u00e4\u00dflich der Wallfahrt 2010 nach Alt\u00f6tting. Foto: Archiv Freundeskreis Filipowa \u00a0 \u00a0Busreisegruppe aus Stuttgart auf der Fahrt anl\u00e4\u00dflich 250 Jahre Gr\u00fcndung von Filipowa. Aufnahme am Donauufer Apatin. Foto: Archiv Freundeskreis Filipowa \u00a0120 Teilnehmer waren auf der Reise 2013. Aufnahme im Park des Wallfahrtsortes \u201eMaria Dorosl\u00f6\u201c . Foto: Archiv Freundeskreis Filipowa \u00a0Kinderspalier zur &hellip;<\/p>\n<p class=\"read-more\"> <a class=\"\" href=\"http:\/\/neckar-donau-wegekreuz.de\/?page_id=1434\"> <span class=\"screen-reader-text\">Begegnungen alter und neuer Heimat<\/span> Read More \u00bb<\/a><\/p>\n","protected":false},"author":1,"featured_media":0,"parent":15,"menu_order":0,"comment_status":"closed","ping_status":"closed","template":"","meta":[],"yoast_head":"<!-- This site is optimized with the Yoast SEO plugin v17.1 - https:\/\/yoast.com\/wordpress\/plugins\/seo\/ -->\n<title>Begegnungen alter und neuer Heimat - Neckar-Donau-Wegekreuz<\/title>\n<meta name=\"robots\" content=\"index, follow, max-snippet:-1, max-image-preview:large, max-video-preview:-1\" \/>\n<link rel=\"canonical\" href=\"https:\/\/neckar-donau-wegekreuz.de\/?page_id=1434\" \/>\n<meta property=\"og:locale\" content=\"de_DE\" \/>\n<meta property=\"og:type\" content=\"article\" \/>\n<meta property=\"og:title\" content=\"Begegnungen alter und neuer Heimat - Neckar-Donau-Wegekreuz\" \/>\n<meta property=\"og:description\" content=\"\u00a0 Filipowaer Gruppe anl\u00e4\u00dflich der Wallfahrt 2010 nach Alt\u00f6tting. Foto: Archiv Freundeskreis Filipowa \u00a0 \u00a0Busreisegruppe aus Stuttgart auf der Fahrt anl\u00e4\u00dflich 250 Jahre Gr\u00fcndung von Filipowa. Aufnahme am Donauufer Apatin. Foto: Archiv Freundeskreis Filipowa \u00a0120 Teilnehmer waren auf der Reise 2013. Aufnahme im Park des Wallfahrtsortes \u201eMaria Dorosl\u00f6\u201c . Foto: Archiv Freundeskreis Filipowa \u00a0Kinderspalier zur &hellip; Begegnungen alter und neuer Heimat Read More \u00bb\" \/>\n<meta property=\"og:url\" content=\"https:\/\/neckar-donau-wegekreuz.de\/?page_id=1434\" \/>\n<meta property=\"og:site_name\" content=\"Neckar-Donau-Wegekreuz\" \/>\n<meta property=\"article:modified_time\" content=\"2021-10-07T14:11:29+00:00\" \/>\n<meta property=\"og:image\" content=\"http:\/\/neckar-donau-wegekreuz.de\/wp-content\/uploads\/2020\/07\/Fc-01.png\" \/>\n<meta name=\"twitter:card\" content=\"summary_large_image\" \/>\n<meta name=\"twitter:label1\" content=\"Gesch\u00e4tzte Lesezeit\" \/>\n\t<meta name=\"twitter:data1\" content=\"7\u00a0Minuten\" \/>\n<script type=\"application\/ld+json\" class=\"yoast-schema-graph\">{\"@context\":\"https:\/\/schema.org\",\"@graph\":[{\"@type\":\"Organization\",\"@id\":\"https:\/\/neckar-donau-wegekreuz.de\/#organization\",\"name\":\"Neckar-Donau-Wegekreuz\",\"url\":\"https:\/\/neckar-donau-wegekreuz.de\/\",\"sameAs\":[],\"logo\":{\"@type\":\"ImageObject\",\"@id\":\"https:\/\/neckar-donau-wegekreuz.de\/#logo\",\"inLanguage\":\"de\",\"url\":\"http:\/\/neckar-donau-wegekreuz.de\/wp-content\/uploads\/2020\/05\/Logo_NeckarDonauWegeX-kl.png\",\"contentUrl\":\"http:\/\/neckar-donau-wegekreuz.de\/wp-content\/uploads\/2020\/05\/Logo_NeckarDonauWegeX-kl.png\",\"width\":2500,\"height\":2221,\"caption\":\"Neckar-Donau-Wegekreuz\"},\"image\":{\"@id\":\"https:\/\/neckar-donau-wegekreuz.de\/#logo\"}},{\"@type\":\"WebSite\",\"@id\":\"https:\/\/neckar-donau-wegekreuz.de\/#website\",\"url\":\"https:\/\/neckar-donau-wegekreuz.de\/\",\"name\":\"Neckar-Donau-Wegekreuz\",\"description\":\"Menschen, Orte, Zeiten treffen sich!\",\"publisher\":{\"@id\":\"https:\/\/neckar-donau-wegekreuz.de\/#organization\"},\"potentialAction\":[{\"@type\":\"SearchAction\",\"target\":{\"@type\":\"EntryPoint\",\"urlTemplate\":\"https:\/\/neckar-donau-wegekreuz.de\/?s={search_term_string}\"},\"query-input\":\"required name=search_term_string\"}],\"inLanguage\":\"de\"},{\"@type\":\"ImageObject\",\"@id\":\"https:\/\/neckar-donau-wegekreuz.de\/?page_id=1434#primaryimage\",\"inLanguage\":\"de\",\"url\":\"http:\/\/neckar-donau-wegekreuz.de\/wp-content\/uploads\/2020\/07\/Fc-01.png\",\"contentUrl\":\"http:\/\/neckar-donau-wegekreuz.de\/wp-content\/uploads\/2020\/07\/Fc-01.png\",\"width\":1920,\"height\":1080,\"caption\":\"Filipowaer Gruppe anl\\u00e4\\u00dflich der Wallfahrt 2010 nach Alt\\u00f6tting. Foto: Archiv Freundeskreis Filipowa\"},{\"@type\":\"WebPage\",\"@id\":\"https:\/\/neckar-donau-wegekreuz.de\/?page_id=1434#webpage\",\"url\":\"https:\/\/neckar-donau-wegekreuz.de\/?page_id=1434\",\"name\":\"Begegnungen alter und neuer Heimat - Neckar-Donau-Wegekreuz\",\"isPartOf\":{\"@id\":\"https:\/\/neckar-donau-wegekreuz.de\/#website\"},\"primaryImageOfPage\":{\"@id\":\"https:\/\/neckar-donau-wegekreuz.de\/?page_id=1434#primaryimage\"},\"datePublished\":\"2020-03-25T20:36:29+00:00\",\"dateModified\":\"2021-10-07T14:11:29+00:00\",\"breadcrumb\":{\"@id\":\"https:\/\/neckar-donau-wegekreuz.de\/?page_id=1434#breadcrumb\"},\"inLanguage\":\"de\",\"potentialAction\":[{\"@type\":\"ReadAction\",\"target\":[\"https:\/\/neckar-donau-wegekreuz.de\/?page_id=1434\"]}]},{\"@type\":\"BreadcrumbList\",\"@id\":\"https:\/\/neckar-donau-wegekreuz.de\/?page_id=1434#breadcrumb\",\"itemListElement\":[{\"@type\":\"ListItem\",\"position\":1,\"name\":\"Startseite\",\"item\":\"https:\/\/neckar-donau-wegekreuz.de\/\"},{\"@type\":\"ListItem\",\"position\":2,\"name\":\"Menschen, Orte, Zeiten treffen sich! \\ufeff\",\"item\":\"https:\/\/neckar-donau-wegekreuz.de\/\"},{\"@type\":\"ListItem\",\"position\":3,\"name\":\"Filipowa &#8211; eine donauschw\\u00e4bische Gemeinde\",\"item\":\"https:\/\/neckar-donau-wegekreuz.de\/?page_id=15\"},{\"@type\":\"ListItem\",\"position\":4,\"name\":\"Begegnungen alter und neuer Heimat\"}]}]}<\/script>\n<!-- \/ Yoast SEO plugin. -->","yoast_head_json":{"title":"Begegnungen alter und neuer Heimat - Neckar-Donau-Wegekreuz","robots":{"index":"index","follow":"follow","max-snippet":"max-snippet:-1","max-image-preview":"max-image-preview:large","max-video-preview":"max-video-preview:-1"},"canonical":"https:\/\/neckar-donau-wegekreuz.de\/?page_id=1434","og_locale":"de_DE","og_type":"article","og_title":"Begegnungen alter und neuer Heimat - Neckar-Donau-Wegekreuz","og_description":"\u00a0 Filipowaer Gruppe anl\u00e4\u00dflich der Wallfahrt 2010 nach Alt\u00f6tting. Foto: Archiv Freundeskreis Filipowa \u00a0 \u00a0Busreisegruppe aus Stuttgart auf der Fahrt anl\u00e4\u00dflich 250 Jahre Gr\u00fcndung von Filipowa. Aufnahme am Donauufer Apatin. Foto: Archiv Freundeskreis Filipowa \u00a0120 Teilnehmer waren auf der Reise 2013. Aufnahme im Park des Wallfahrtsortes \u201eMaria Dorosl\u00f6\u201c . Foto: Archiv Freundeskreis Filipowa \u00a0Kinderspalier zur &hellip; Begegnungen alter und neuer Heimat Read More \u00bb","og_url":"https:\/\/neckar-donau-wegekreuz.de\/?page_id=1434","og_site_name":"Neckar-Donau-Wegekreuz","article_modified_time":"2021-10-07T14:11:29+00:00","og_image":[{"url":"http:\/\/neckar-donau-wegekreuz.de\/wp-content\/uploads\/2020\/07\/Fc-01.png"}],"twitter_card":"summary_large_image","twitter_misc":{"Gesch\u00e4tzte Lesezeit":"7\u00a0Minuten"},"schema":{"@context":"https:\/\/schema.org","@graph":[{"@type":"Organization","@id":"https:\/\/neckar-donau-wegekreuz.de\/#organization","name":"Neckar-Donau-Wegekreuz","url":"https:\/\/neckar-donau-wegekreuz.de\/","sameAs":[],"logo":{"@type":"ImageObject","@id":"https:\/\/neckar-donau-wegekreuz.de\/#logo","inLanguage":"de","url":"http:\/\/neckar-donau-wegekreuz.de\/wp-content\/uploads\/2020\/05\/Logo_NeckarDonauWegeX-kl.png","contentUrl":"http:\/\/neckar-donau-wegekreuz.de\/wp-content\/uploads\/2020\/05\/Logo_NeckarDonauWegeX-kl.png","width":2500,"height":2221,"caption":"Neckar-Donau-Wegekreuz"},"image":{"@id":"https:\/\/neckar-donau-wegekreuz.de\/#logo"}},{"@type":"WebSite","@id":"https:\/\/neckar-donau-wegekreuz.de\/#website","url":"https:\/\/neckar-donau-wegekreuz.de\/","name":"Neckar-Donau-Wegekreuz","description":"Menschen, Orte, Zeiten treffen sich!","publisher":{"@id":"https:\/\/neckar-donau-wegekreuz.de\/#organization"},"potentialAction":[{"@type":"SearchAction","target":{"@type":"EntryPoint","urlTemplate":"https:\/\/neckar-donau-wegekreuz.de\/?s={search_term_string}"},"query-input":"required name=search_term_string"}],"inLanguage":"de"},{"@type":"ImageObject","@id":"https:\/\/neckar-donau-wegekreuz.de\/?page_id=1434#primaryimage","inLanguage":"de","url":"http:\/\/neckar-donau-wegekreuz.de\/wp-content\/uploads\/2020\/07\/Fc-01.png","contentUrl":"http:\/\/neckar-donau-wegekreuz.de\/wp-content\/uploads\/2020\/07\/Fc-01.png","width":1920,"height":1080,"caption":"Filipowaer Gruppe anl\u00e4\u00dflich der Wallfahrt 2010 nach Alt\u00f6tting. Foto: Archiv Freundeskreis Filipowa"},{"@type":"WebPage","@id":"https:\/\/neckar-donau-wegekreuz.de\/?page_id=1434#webpage","url":"https:\/\/neckar-donau-wegekreuz.de\/?page_id=1434","name":"Begegnungen alter und neuer Heimat - Neckar-Donau-Wegekreuz","isPartOf":{"@id":"https:\/\/neckar-donau-wegekreuz.de\/#website"},"primaryImageOfPage":{"@id":"https:\/\/neckar-donau-wegekreuz.de\/?page_id=1434#primaryimage"},"datePublished":"2020-03-25T20:36:29+00:00","dateModified":"2021-10-07T14:11:29+00:00","breadcrumb":{"@id":"https:\/\/neckar-donau-wegekreuz.de\/?page_id=1434#breadcrumb"},"inLanguage":"de","potentialAction":[{"@type":"ReadAction","target":["https:\/\/neckar-donau-wegekreuz.de\/?page_id=1434"]}]},{"@type":"BreadcrumbList","@id":"https:\/\/neckar-donau-wegekreuz.de\/?page_id=1434#breadcrumb","itemListElement":[{"@type":"ListItem","position":1,"name":"Startseite","item":"https:\/\/neckar-donau-wegekreuz.de\/"},{"@type":"ListItem","position":2,"name":"Menschen, Orte, Zeiten treffen sich! \ufeff","item":"https:\/\/neckar-donau-wegekreuz.de\/"},{"@type":"ListItem","position":3,"name":"Filipowa &#8211; eine donauschw\u00e4bische Gemeinde","item":"https:\/\/neckar-donau-wegekreuz.de\/?page_id=15"},{"@type":"ListItem","position":4,"name":"Begegnungen alter und neuer Heimat"}]}]}},"_links":{"self":[{"href":"http:\/\/neckar-donau-wegekreuz.de\/index.php?rest_route=\/wp\/v2\/pages\/1434"}],"collection":[{"href":"http:\/\/neckar-donau-wegekreuz.de\/index.php?rest_route=\/wp\/v2\/pages"}],"about":[{"href":"http:\/\/neckar-donau-wegekreuz.de\/index.php?rest_route=\/wp\/v2\/types\/page"}],"author":[{"embeddable":true,"href":"http:\/\/neckar-donau-wegekreuz.de\/index.php?rest_route=\/wp\/v2\/users\/1"}],"replies":[{"embeddable":true,"href":"http:\/\/neckar-donau-wegekreuz.de\/index.php?rest_route=%2Fwp%2Fv2%2Fcomments&post=1434"}],"version-history":[{"count":14,"href":"http:\/\/neckar-donau-wegekreuz.de\/index.php?rest_route=\/wp\/v2\/pages\/1434\/revisions"}],"predecessor-version":[{"id":2641,"href":"http:\/\/neckar-donau-wegekreuz.de\/index.php?rest_route=\/wp\/v2\/pages\/1434\/revisions\/2641"}],"up":[{"embeddable":true,"href":"http:\/\/neckar-donau-wegekreuz.de\/index.php?rest_route=\/wp\/v2\/pages\/15"}],"wp:attachment":[{"href":"http:\/\/neckar-donau-wegekreuz.de\/index.php?rest_route=%2Fwp%2Fv2%2Fmedia&parent=1434"}],"curies":[{"name":"wp","href":"https:\/\/api.w.org\/{rel}","templated":true}]}}