{"id":1793,"date":"2020-05-20T09:04:12","date_gmt":"2020-05-20T09:04:12","guid":{"rendered":"http:\/\/neckar-donau-wegekreuz.de\/?page_id=1793"},"modified":"2020-05-20T09:04:13","modified_gmt":"2020-05-20T09:04:13","slug":"dr-anton-lepold-namhaftes-mitglied-der-ungarischen-akademie-der-wissenschaften","status":"publish","type":"page","link":"http:\/\/neckar-donau-wegekreuz.de\/?page_id=1793","title":{"rendered":"Dr. Anton Lepold, namhaftes Mitglied der ungarischen Akademie der Wissenschaften"},"content":{"rendered":"\n<p><strong>Die W\u00fcrdigung  anl\u00e4\u00dflich seines 60 J\u00e4hrigen Priesterjubil\u00e4ums<\/strong><\/p>\n\n\n\n<p>Dr. Anton Lepold ist die prominenteste und rangh\u00f6chste Pers\u00f6nlichkeit, welche bis zu seinem Tod 1971 aus der Gemeinde Filipowa hervorgegangen ist. Er hat bis zu seinem elften Lebensjahr nur Deutsch gesprochen. Dennoch hat er sich die ungarische Sprache mit einer Vollkommenheit angeeignet, das er als Stilist, Kanzelredner und vor allem als Conferencier mit den herausragenden Rednern ungarischer Sprache seiner Zeit genannt wurde. Er war ein Meister der charakteristischen Aussprache des Ungarischen.  <\/p>\n\n\n\n<p>Sein besonderes Interesse galt der Geschichte und der Arch\u00e4ologie.  In Estergom (Gran) entwickelten sich die Talente und Tugenden von Dr. Lepold. Durch seine Leistungen bei der Ausgrabung des Palastes der ersten ungarischen K\u00f6nige aus hundertj\u00e4hrigem Schutt, har er auf dem Schlo\u00dfberg die Ausgrabungen geleitet und frei gelegt. Sein Name wurde Millionen von ungarischen B\u00fcrgern  bekannt.  Dr. Lepold war auch enger Vertrauter von Dr. Jakob Bleyer \u2013 deutschungarischer Abgeordneter im ungarischen Parlament. Mit ihm gr\u00fcndete er 1918 den Ungarl\u00e4ndischen Deutschen Volksrat. Er sprach auf Kundgebungen und lieferte f\u00fcr das Presseorgan des Volksrates   wertvolle Beitr\u00e4ge. <\/p>\n\n\n\n<p> Dr. Lepold  war ein Leben lang mit den Menschen seiner Geburtsgemeinde verbunden. Er verbrachte seine Urlaube nicht in vornehmen Kurorten, er kehrte jedes Jahr in seine Heimat zur\u00fcck und verbrachte seine dienstfreien Tage  im Kreise seiner Eltern, Verwandten und Freunden in seinem Heimatort. Die g\u00f6ttliche Vorsehung brachte ihn 1946 nach Wien. Unz\u00e4hlige seiner Landsleute haben bei Dr. Lepold Rat und Hilfe erhalten. Als in Wien der \u201eVerein der Filipowaer e. V.\u201c im Jahr 1963 gegr\u00fcndet wurde, \u00fcbernahm er den geistlichen Ehrenvorsitz.<\/p>\n\n\n\n<p><em> Quelle: Ausz\u00fcge aus Filipowaer Heimatbrief Nr. 17 von 1971<\/em><\/p>\n\n\n\n<figure class=\"wp-block-image size-large is-resized\"><img loading=\"lazy\" src=\"http:\/\/neckar-donau-wegekreuz.de\/wp-content\/uploads\/2020\/05\/Gedenktafel-Leopold.jpg\" alt=\"\" class=\"wp-image-1794\" width=\"1023\" height=\"559\" srcset=\"http:\/\/neckar-donau-wegekreuz.de\/wp-content\/uploads\/2020\/05\/Gedenktafel-Leopold.jpg 364w, http:\/\/neckar-donau-wegekreuz.de\/wp-content\/uploads\/2020\/05\/Gedenktafel-Leopold-300x164.jpg 300w\" sizes=\"(max-width: 1023px) 100vw, 1023px\" \/><figcaption>Der Eingang zum Burgmuseum auf dem Festungsberg mit dem Reliefportr\u00e4t und Gedenktafel an Dr. Anton (Antal) Lepold. Das Museum steht in unmittelbarer N\u00e4he zur Kathedrale von Estergom. Die literarische Arbeiten von Anton Lepold behandeln meist kunstgeschichtliche und kirchenrechtliche Fragen.  &#8211;  Foto  Kupferschmidt 2019<\/figcaption><\/figure>\n\n\n\n<figure class=\"wp-block-image size-large is-resized\"><img loading=\"lazy\" src=\"http:\/\/neckar-donau-wegekreuz.de\/wp-content\/uploads\/2020\/05\/Relief-K\u00f6nig-Stefan.jpg\" alt=\"\" class=\"wp-image-1795\" width=\"1017\" height=\"1513\"\/><figcaption>Am Fu\u00dfe des Festungsberges von Estergom hat ein K\u00fcnstler ein gewaltiges Steinrelief, die Kr\u00f6nung K\u00f6nig Stefan I, durch Papst Silvester festgehalten. Bei genauer Betrachtung sieht man, dass der p\u00e4pstliche Assistent mit der Bischofsm\u00fctze die Gesichtsz\u00fcge von Pr\u00e4lat Lepold tr\u00e4gt. Der K\u00fcnstler hat in dieser Form die wissenschaftlichen Leistungen Anton Lepolds gew\u00fcrdigt und ihm o schon zu Lebzeiten ein Denkmal gesetzt. Quelle: Filipowaer Heimatbrief 17\/1971 &#8211; Foto Archiv Bad Niedernau.<\/figcaption><\/figure>\n\n\n\n<figure class=\"wp-block-image size-large is-resized\"><img loading=\"lazy\" src=\"http:\/\/neckar-donau-wegekreuz.de\/wp-content\/uploads\/2020\/05\/Relief-K\u00f6nig-Stefan-Detail.jpg\" alt=\"\" class=\"wp-image-1796\" width=\"1025\" height=\"702\"\/><figcaption>Detail der mit Pabst und Bischof<\/figcaption><\/figure>\n","protected":false},"excerpt":{"rendered":"<p>Die W\u00fcrdigung anl\u00e4\u00dflich seines 60 J\u00e4hrigen Priesterjubil\u00e4ums Dr. Anton Lepold ist die prominenteste und rangh\u00f6chste Pers\u00f6nlichkeit, welche bis zu seinem Tod 1971 aus der Gemeinde Filipowa hervorgegangen ist. Er hat bis zu seinem elften Lebensjahr nur Deutsch gesprochen. Dennoch hat er sich die ungarische Sprache mit einer Vollkommenheit angeeignet, das er als Stilist, Kanzelredner und &hellip;<\/p>\n<p class=\"read-more\"> <a class=\"\" href=\"http:\/\/neckar-donau-wegekreuz.de\/?page_id=1793\"> <span class=\"screen-reader-text\">Dr. Anton Lepold, namhaftes Mitglied der ungarischen Akademie der Wissenschaften<\/span> Read More \u00bb<\/a><\/p>\n","protected":false},"author":1,"featured_media":0,"parent":653,"menu_order":0,"comment_status":"closed","ping_status":"closed","template":"","meta":[],"yoast_head":"<!-- This site is optimized with the Yoast SEO plugin v17.1 - https:\/\/yoast.com\/wordpress\/plugins\/seo\/ -->\n<title>Dr. Anton Lepold, namhaftes Mitglied der ungarischen Akademie der Wissenschaften - Neckar-Donau-Wegekreuz<\/title>\n<meta name=\"robots\" content=\"index, follow, max-snippet:-1, max-image-preview:large, max-video-preview:-1\" \/>\n<link rel=\"canonical\" href=\"http:\/\/neckar-donau-wegekreuz.de\/?page_id=1793\" \/>\n<meta property=\"og:locale\" content=\"de_DE\" \/>\n<meta property=\"og:type\" content=\"article\" \/>\n<meta property=\"og:title\" content=\"Dr. Anton Lepold, namhaftes Mitglied der ungarischen Akademie der Wissenschaften - Neckar-Donau-Wegekreuz\" \/>\n<meta property=\"og:description\" content=\"Die W\u00fcrdigung anl\u00e4\u00dflich seines 60 J\u00e4hrigen Priesterjubil\u00e4ums Dr. Anton Lepold ist die prominenteste und rangh\u00f6chste Pers\u00f6nlichkeit, welche bis zu seinem Tod 1971 aus der Gemeinde Filipowa hervorgegangen ist. Er hat bis zu seinem elften Lebensjahr nur Deutsch gesprochen. Dennoch hat er sich die ungarische Sprache mit einer Vollkommenheit angeeignet, das er als Stilist, Kanzelredner und &hellip; Dr. Anton Lepold, namhaftes Mitglied der ungarischen Akademie der Wissenschaften Read More \u00bb\" \/>\n<meta property=\"og:url\" content=\"http:\/\/neckar-donau-wegekreuz.de\/?page_id=1793\" \/>\n<meta property=\"og:site_name\" content=\"Neckar-Donau-Wegekreuz\" \/>\n<meta property=\"article:modified_time\" content=\"2020-05-20T09:04:13+00:00\" \/>\n<meta property=\"og:image\" content=\"http:\/\/neckar-donau-wegekreuz.de\/wp-content\/uploads\/2020\/05\/Gedenktafel-Leopold.jpg\" \/>\n<meta name=\"twitter:card\" content=\"summary_large_image\" \/>\n<meta name=\"twitter:label1\" content=\"Gesch\u00e4tzte Lesezeit\" \/>\n\t<meta name=\"twitter:data1\" content=\"2\u00a0Minuten\" \/>\n<script type=\"application\/ld+json\" class=\"yoast-schema-graph\">{\"@context\":\"https:\/\/schema.org\",\"@graph\":[{\"@type\":\"Organization\",\"@id\":\"https:\/\/neckar-donau-wegekreuz.de\/#organization\",\"name\":\"Neckar-Donau-Wegekreuz\",\"url\":\"https:\/\/neckar-donau-wegekreuz.de\/\",\"sameAs\":[],\"logo\":{\"@type\":\"ImageObject\",\"@id\":\"https:\/\/neckar-donau-wegekreuz.de\/#logo\",\"inLanguage\":\"de\",\"url\":\"http:\/\/neckar-donau-wegekreuz.de\/wp-content\/uploads\/2020\/05\/Logo_NeckarDonauWegeX-kl.png\",\"contentUrl\":\"http:\/\/neckar-donau-wegekreuz.de\/wp-content\/uploads\/2020\/05\/Logo_NeckarDonauWegeX-kl.png\",\"width\":2500,\"height\":2221,\"caption\":\"Neckar-Donau-Wegekreuz\"},\"image\":{\"@id\":\"https:\/\/neckar-donau-wegekreuz.de\/#logo\"}},{\"@type\":\"WebSite\",\"@id\":\"https:\/\/neckar-donau-wegekreuz.de\/#website\",\"url\":\"https:\/\/neckar-donau-wegekreuz.de\/\",\"name\":\"Neckar-Donau-Wegekreuz\",\"description\":\"Menschen, Orte, Zeiten treffen sich!\",\"publisher\":{\"@id\":\"https:\/\/neckar-donau-wegekreuz.de\/#organization\"},\"potentialAction\":[{\"@type\":\"SearchAction\",\"target\":{\"@type\":\"EntryPoint\",\"urlTemplate\":\"https:\/\/neckar-donau-wegekreuz.de\/?s={search_term_string}\"},\"query-input\":\"required name=search_term_string\"}],\"inLanguage\":\"de\"},{\"@type\":\"ImageObject\",\"@id\":\"http:\/\/neckar-donau-wegekreuz.de\/?page_id=1793#primaryimage\",\"inLanguage\":\"de\",\"url\":\"http:\/\/neckar-donau-wegekreuz.de\/wp-content\/uploads\/2020\/05\/Gedenktafel-Leopold.jpg\",\"contentUrl\":\"http:\/\/neckar-donau-wegekreuz.de\/wp-content\/uploads\/2020\/05\/Gedenktafel-Leopold.jpg\",\"width\":364,\"height\":199},{\"@type\":\"WebPage\",\"@id\":\"http:\/\/neckar-donau-wegekreuz.de\/?page_id=1793#webpage\",\"url\":\"http:\/\/neckar-donau-wegekreuz.de\/?page_id=1793\",\"name\":\"Dr. Anton Lepold, namhaftes Mitglied der ungarischen Akademie der Wissenschaften - Neckar-Donau-Wegekreuz\",\"isPartOf\":{\"@id\":\"https:\/\/neckar-donau-wegekreuz.de\/#website\"},\"primaryImageOfPage\":{\"@id\":\"http:\/\/neckar-donau-wegekreuz.de\/?page_id=1793#primaryimage\"},\"datePublished\":\"2020-05-20T09:04:12+00:00\",\"dateModified\":\"2020-05-20T09:04:13+00:00\",\"breadcrumb\":{\"@id\":\"http:\/\/neckar-donau-wegekreuz.de\/?page_id=1793#breadcrumb\"},\"inLanguage\":\"de\",\"potentialAction\":[{\"@type\":\"ReadAction\",\"target\":[\"http:\/\/neckar-donau-wegekreuz.de\/?page_id=1793\"]}]},{\"@type\":\"BreadcrumbList\",\"@id\":\"http:\/\/neckar-donau-wegekreuz.de\/?page_id=1793#breadcrumb\",\"itemListElement\":[{\"@type\":\"ListItem\",\"position\":1,\"name\":\"Startseite\",\"item\":\"https:\/\/neckar-donau-wegekreuz.de\/\"},{\"@type\":\"ListItem\",\"position\":2,\"name\":\"Menschen, Orte, Zeiten treffen sich! \\ufeff\",\"item\":\"https:\/\/neckar-donau-wegekreuz.de\/\"},{\"@type\":\"ListItem\",\"position\":3,\"name\":\"Filipowa &#8211; eine donauschw\\u00e4bische Gemeinde\",\"item\":\"https:\/\/neckar-donau-wegekreuz.de\/?page_id=15\"},{\"@type\":\"ListItem\",\"position\":4,\"name\":\"Herausragende Pers\\u00f6nlichkeiten aus Filipowa\",\"item\":\"https:\/\/neckar-donau-wegekreuz.de\/?page_id=653\"},{\"@type\":\"ListItem\",\"position\":5,\"name\":\"Dr. Anton Lepold, namhaftes Mitglied der ungarischen Akademie der Wissenschaften\"}]}]}<\/script>\n<!-- \/ Yoast SEO plugin. -->","yoast_head_json":{"title":"Dr. Anton Lepold, namhaftes Mitglied der ungarischen Akademie der Wissenschaften - Neckar-Donau-Wegekreuz","robots":{"index":"index","follow":"follow","max-snippet":"max-snippet:-1","max-image-preview":"max-image-preview:large","max-video-preview":"max-video-preview:-1"},"canonical":"http:\/\/neckar-donau-wegekreuz.de\/?page_id=1793","og_locale":"de_DE","og_type":"article","og_title":"Dr. Anton Lepold, namhaftes Mitglied der ungarischen Akademie der Wissenschaften - Neckar-Donau-Wegekreuz","og_description":"Die W\u00fcrdigung anl\u00e4\u00dflich seines 60 J\u00e4hrigen Priesterjubil\u00e4ums Dr. Anton Lepold ist die prominenteste und rangh\u00f6chste Pers\u00f6nlichkeit, welche bis zu seinem Tod 1971 aus der Gemeinde Filipowa hervorgegangen ist. Er hat bis zu seinem elften Lebensjahr nur Deutsch gesprochen. Dennoch hat er sich die ungarische Sprache mit einer Vollkommenheit angeeignet, das er als Stilist, Kanzelredner und &hellip; Dr. Anton Lepold, namhaftes Mitglied der ungarischen Akademie der Wissenschaften Read More \u00bb","og_url":"http:\/\/neckar-donau-wegekreuz.de\/?page_id=1793","og_site_name":"Neckar-Donau-Wegekreuz","article_modified_time":"2020-05-20T09:04:13+00:00","og_image":[{"url":"http:\/\/neckar-donau-wegekreuz.de\/wp-content\/uploads\/2020\/05\/Gedenktafel-Leopold.jpg"}],"twitter_card":"summary_large_image","twitter_misc":{"Gesch\u00e4tzte Lesezeit":"2\u00a0Minuten"},"schema":{"@context":"https:\/\/schema.org","@graph":[{"@type":"Organization","@id":"https:\/\/neckar-donau-wegekreuz.de\/#organization","name":"Neckar-Donau-Wegekreuz","url":"https:\/\/neckar-donau-wegekreuz.de\/","sameAs":[],"logo":{"@type":"ImageObject","@id":"https:\/\/neckar-donau-wegekreuz.de\/#logo","inLanguage":"de","url":"http:\/\/neckar-donau-wegekreuz.de\/wp-content\/uploads\/2020\/05\/Logo_NeckarDonauWegeX-kl.png","contentUrl":"http:\/\/neckar-donau-wegekreuz.de\/wp-content\/uploads\/2020\/05\/Logo_NeckarDonauWegeX-kl.png","width":2500,"height":2221,"caption":"Neckar-Donau-Wegekreuz"},"image":{"@id":"https:\/\/neckar-donau-wegekreuz.de\/#logo"}},{"@type":"WebSite","@id":"https:\/\/neckar-donau-wegekreuz.de\/#website","url":"https:\/\/neckar-donau-wegekreuz.de\/","name":"Neckar-Donau-Wegekreuz","description":"Menschen, Orte, Zeiten treffen sich!","publisher":{"@id":"https:\/\/neckar-donau-wegekreuz.de\/#organization"},"potentialAction":[{"@type":"SearchAction","target":{"@type":"EntryPoint","urlTemplate":"https:\/\/neckar-donau-wegekreuz.de\/?s={search_term_string}"},"query-input":"required name=search_term_string"}],"inLanguage":"de"},{"@type":"ImageObject","@id":"http:\/\/neckar-donau-wegekreuz.de\/?page_id=1793#primaryimage","inLanguage":"de","url":"http:\/\/neckar-donau-wegekreuz.de\/wp-content\/uploads\/2020\/05\/Gedenktafel-Leopold.jpg","contentUrl":"http:\/\/neckar-donau-wegekreuz.de\/wp-content\/uploads\/2020\/05\/Gedenktafel-Leopold.jpg","width":364,"height":199},{"@type":"WebPage","@id":"http:\/\/neckar-donau-wegekreuz.de\/?page_id=1793#webpage","url":"http:\/\/neckar-donau-wegekreuz.de\/?page_id=1793","name":"Dr. Anton Lepold, namhaftes Mitglied der ungarischen Akademie der Wissenschaften - Neckar-Donau-Wegekreuz","isPartOf":{"@id":"https:\/\/neckar-donau-wegekreuz.de\/#website"},"primaryImageOfPage":{"@id":"http:\/\/neckar-donau-wegekreuz.de\/?page_id=1793#primaryimage"},"datePublished":"2020-05-20T09:04:12+00:00","dateModified":"2020-05-20T09:04:13+00:00","breadcrumb":{"@id":"http:\/\/neckar-donau-wegekreuz.de\/?page_id=1793#breadcrumb"},"inLanguage":"de","potentialAction":[{"@type":"ReadAction","target":["http:\/\/neckar-donau-wegekreuz.de\/?page_id=1793"]}]},{"@type":"BreadcrumbList","@id":"http:\/\/neckar-donau-wegekreuz.de\/?page_id=1793#breadcrumb","itemListElement":[{"@type":"ListItem","position":1,"name":"Startseite","item":"https:\/\/neckar-donau-wegekreuz.de\/"},{"@type":"ListItem","position":2,"name":"Menschen, Orte, Zeiten treffen sich! \ufeff","item":"https:\/\/neckar-donau-wegekreuz.de\/"},{"@type":"ListItem","position":3,"name":"Filipowa &#8211; eine donauschw\u00e4bische Gemeinde","item":"https:\/\/neckar-donau-wegekreuz.de\/?page_id=15"},{"@type":"ListItem","position":4,"name":"Herausragende Pers\u00f6nlichkeiten aus Filipowa","item":"https:\/\/neckar-donau-wegekreuz.de\/?page_id=653"},{"@type":"ListItem","position":5,"name":"Dr. Anton Lepold, namhaftes Mitglied der ungarischen Akademie der Wissenschaften"}]}]}},"_links":{"self":[{"href":"http:\/\/neckar-donau-wegekreuz.de\/index.php?rest_route=\/wp\/v2\/pages\/1793"}],"collection":[{"href":"http:\/\/neckar-donau-wegekreuz.de\/index.php?rest_route=\/wp\/v2\/pages"}],"about":[{"href":"http:\/\/neckar-donau-wegekreuz.de\/index.php?rest_route=\/wp\/v2\/types\/page"}],"author":[{"embeddable":true,"href":"http:\/\/neckar-donau-wegekreuz.de\/index.php?rest_route=\/wp\/v2\/users\/1"}],"replies":[{"embeddable":true,"href":"http:\/\/neckar-donau-wegekreuz.de\/index.php?rest_route=%2Fwp%2Fv2%2Fcomments&post=1793"}],"version-history":[{"count":1,"href":"http:\/\/neckar-donau-wegekreuz.de\/index.php?rest_route=\/wp\/v2\/pages\/1793\/revisions"}],"predecessor-version":[{"id":1797,"href":"http:\/\/neckar-donau-wegekreuz.de\/index.php?rest_route=\/wp\/v2\/pages\/1793\/revisions\/1797"}],"up":[{"embeddable":true,"href":"http:\/\/neckar-donau-wegekreuz.de\/index.php?rest_route=\/wp\/v2\/pages\/653"}],"wp:attachment":[{"href":"http:\/\/neckar-donau-wegekreuz.de\/index.php?rest_route=%2Fwp%2Fv2%2Fmedia&parent=1793"}],"curies":[{"name":"wp","href":"https:\/\/api.w.org\/{rel}","templated":true}]}}