{"id":2262,"date":"2020-08-26T14:19:50","date_gmt":"2020-08-26T14:19:50","guid":{"rendered":"http:\/\/neckar-donau-wegekreuz.de\/?page_id=2262"},"modified":"2020-08-26T15:16:28","modified_gmt":"2020-08-26T15:16:28","slug":"hoerbeispiele-vom-filipowaer-dialekt","status":"publish","type":"page","link":"http:\/\/neckar-donau-wegekreuz.de\/?page_id=2262","title":{"rendered":"H\u00f6rbeispiele vom Filipowaer Dialekt"},"content":{"rendered":"\n<h3>Martin Eichinger erz\u00e4hlt \u00fcber die Kr\u00e4merm\u00e4rkte. Dauer ca. 11 Minuten<\/h3>\n\n\n\n<figure class=\"wp-block-audio\"><audio controls src=\"http:\/\/neckar-donau-wegekreuz.de\/wp-content\/uploads\/2020\/08\/Kr\u00e4mermarkt-Cassette-7-1-1.mp3\"><\/audio><\/figure>\n\n\n\n<p><\/p>\n\n\n\n<p style=\"font-size:24px\">Filipowaer Zeitzeugen berichten. Aufnahmen von Heinrich Eich, Redaktion Josef Pertschi. Zwei Teile je ca. 45 Minuten<\/p>\n\n\n\n<figure class=\"wp-block-audio\"><audio controls src=\"http:\/\/neckar-donau-wegekreuz.de\/wp-content\/uploads\/2020\/08\/Zeitzeugen-1-H.-Eich-1.mp3\"><\/audio><figcaption>Teil 1<\/figcaption><\/figure>\n\n\n\n<figure class=\"wp-block-audio\"><audio controls src=\"http:\/\/neckar-donau-wegekreuz.de\/wp-content\/uploads\/2020\/08\/Zeitzeugen-2-H.-Eich-1.mp3\"><\/audio><figcaption>Teil 2<\/figcaption><\/figure>\n\n\n\n<p><\/p>\n\n\n\n<p style=\"font-size:26px\">Geschichten in Filipowaer Mundart. Gesprochen von Josef Franz Thiel und Sylvia Schopf. 2010<\/p>\n\n\n\n<figure class=\"wp-block-audio\"><audio controls src=\"http:\/\/neckar-donau-wegekreuz.de\/wp-content\/uploads\/2020\/08\/01-Titelnummer-1.mp3\"><\/audio><\/figure>\n\n\n\n<figure class=\"wp-block-audio\"><audio controls src=\"http:\/\/neckar-donau-wegekreuz.de\/wp-content\/uploads\/2020\/08\/02-Titelnummer-2.mp3\"><\/audio><\/figure>\n\n\n\n<figure class=\"wp-block-audio\"><audio controls src=\"http:\/\/neckar-donau-wegekreuz.de\/wp-content\/uploads\/2020\/08\/03-Titelnummer-3.mp3\"><\/audio><\/figure>\n\n\n\n<figure class=\"wp-block-audio\"><audio controls src=\"http:\/\/neckar-donau-wegekreuz.de\/wp-content\/uploads\/2020\/08\/04-Titelnummer-4.mp3\"><\/audio><\/figure>\n\n\n\n<figure class=\"wp-block-audio\"><audio controls src=\"http:\/\/neckar-donau-wegekreuz.de\/wp-content\/uploads\/2020\/08\/05-Titelnummer-5.mp3\"><\/audio><\/figure>\n\n\n\n<figure class=\"wp-block-audio\"><audio controls src=\"http:\/\/neckar-donau-wegekreuz.de\/wp-content\/uploads\/2020\/08\/06-Titelnummer-6.mp3\"><\/audio><\/figure>\n\n\n\n<figure class=\"wp-block-audio\"><audio controls src=\"http:\/\/neckar-donau-wegekreuz.de\/wp-content\/uploads\/2020\/08\/07-Titelnummer-7.mp3\"><\/audio><\/figure>\n\n\n\n<figure class=\"wp-block-audio\"><audio controls src=\"http:\/\/neckar-donau-wegekreuz.de\/wp-content\/uploads\/2020\/08\/08-Titelnummer-8.mp3\"><\/audio><\/figure>\n\n\n\n<figure class=\"wp-block-audio\"><audio controls src=\"http:\/\/neckar-donau-wegekreuz.de\/wp-content\/uploads\/2020\/08\/09-Titelnummer-9.mp3\"><\/audio><\/figure>\n\n\n\n<figure class=\"wp-block-audio\"><audio controls src=\"http:\/\/neckar-donau-wegekreuz.de\/wp-content\/uploads\/2020\/08\/10-Titelnummer-10.mp3\"><\/audio><\/figure>\n\n\n\n<figure class=\"wp-block-audio\"><audio controls src=\"http:\/\/neckar-donau-wegekreuz.de\/wp-content\/uploads\/2020\/08\/11-Titelnummer-11.mp3\"><\/audio><\/figure>\n\n\n\n<figure class=\"wp-block-audio\"><audio controls src=\"http:\/\/neckar-donau-wegekreuz.de\/wp-content\/uploads\/2020\/08\/12-Titelnummer-12.mp3\"><\/audio><\/figure>\n\n\n\n<figure class=\"wp-block-audio\"><audio controls src=\"http:\/\/neckar-donau-wegekreuz.de\/wp-content\/uploads\/2020\/08\/13-Titelnummer-13.mp3\"><\/audio><\/figure>\n\n\n\n<figure class=\"wp-block-audio\"><audio controls src=\"http:\/\/neckar-donau-wegekreuz.de\/wp-content\/uploads\/2020\/08\/14-Titelnummer-14.mp3\"><\/audio><\/figure>\n\n\n\n<p><\/p>\n\n\n\n<p style=\"font-size:26px\">Die Filpwarisch Schprooch. Ein kommentiertes W\u00f6rterverzeichnis. Teil 1 &#8211; A bis F. Von Josef Franz Thiel 2015<\/p>\n\n\n\n<figure class=\"wp-block-audio\"><audio controls src=\"http:\/\/neckar-donau-wegekreuz.de\/wp-content\/uploads\/2020\/08\/01-Titelnummer-1-2.mp3\"><\/audio><\/figure>\n\n\n\n<figure class=\"wp-block-audio\"><audio controls src=\"http:\/\/neckar-donau-wegekreuz.de\/wp-content\/uploads\/2020\/08\/02-Titelnummer-2-2.mp3\"><\/audio><\/figure>\n\n\n\n<figure class=\"wp-block-audio\"><audio controls src=\"http:\/\/neckar-donau-wegekreuz.de\/wp-content\/uploads\/2020\/08\/03-Titelnummer-3-2.mp3\"><\/audio><\/figure>\n\n\n\n<figure class=\"wp-block-audio\"><audio controls src=\"http:\/\/neckar-donau-wegekreuz.de\/wp-content\/uploads\/2020\/08\/04-Titelnummer-4-2.mp3\"><\/audio><\/figure>\n\n\n\n<figure class=\"wp-block-audio\"><audio controls src=\"http:\/\/neckar-donau-wegekreuz.de\/wp-content\/uploads\/2020\/08\/05-Titelnummer-5-2.mp3\"><\/audio><\/figure>\n\n\n\n<figure class=\"wp-block-audio\"><audio controls src=\"http:\/\/neckar-donau-wegekreuz.de\/wp-content\/uploads\/2020\/08\/06-Titelnummer-6-2.mp3\"><\/audio><\/figure>\n\n\n\n<p><\/p>\n\n\n\n<p style=\"font-size:26px\">Wenker-S\u00e4tze in Filipowaer Mundart. Gesprochen von Anton Haarer, Jahrgang 1926. Aufgenommen 2010<\/p>\n\n\n\n<figure class=\"wp-block-audio\"><audio controls src=\"http:\/\/neckar-donau-wegekreuz.de\/wp-content\/uploads\/2020\/08\/01-1.mp3\"><\/audio><\/figure>\n\n\n\n<figure class=\"wp-block-audio\"><audio controls src=\"http:\/\/neckar-donau-wegekreuz.de\/wp-content\/uploads\/2020\/08\/02-1.mp3\"><\/audio><\/figure>\n\n\n\n<figure class=\"wp-block-audio\"><audio controls src=\"http:\/\/neckar-donau-wegekreuz.de\/wp-content\/uploads\/2020\/08\/03-1.mp3\"><\/audio><\/figure>\n\n\n\n<figure class=\"wp-block-audio\"><audio controls src=\"http:\/\/neckar-donau-wegekreuz.de\/wp-content\/uploads\/2020\/08\/04-1.mp3\"><\/audio><\/figure>\n\n\n\n<figure class=\"wp-block-audio\"><audio controls src=\"http:\/\/neckar-donau-wegekreuz.de\/wp-content\/uploads\/2020\/08\/05-1.mp3\"><\/audio><\/figure>\n\n\n\n<figure class=\"wp-block-audio\"><audio controls src=\"http:\/\/neckar-donau-wegekreuz.de\/wp-content\/uploads\/2020\/08\/06-1.mp3\"><\/audio><\/figure>\n\n\n\n<figure class=\"wp-block-audio\"><audio controls src=\"http:\/\/neckar-donau-wegekreuz.de\/wp-content\/uploads\/2020\/08\/07-1.mp3\"><\/audio><\/figure>\n\n\n\n<figure class=\"wp-block-audio\"><audio controls src=\"http:\/\/neckar-donau-wegekreuz.de\/wp-content\/uploads\/2020\/08\/08-1.mp3\"><\/audio><\/figure>\n\n\n\n<figure class=\"wp-block-audio\"><audio controls src=\"http:\/\/neckar-donau-wegekreuz.de\/wp-content\/uploads\/2020\/08\/09.mp3\"><\/audio><\/figure>\n\n\n\n<figure class=\"wp-block-audio\"><audio controls src=\"http:\/\/neckar-donau-wegekreuz.de\/wp-content\/uploads\/2020\/08\/10.mp3\"><\/audio><\/figure>\n\n\n\n<figure class=\"wp-block-audio\"><audio controls src=\"http:\/\/neckar-donau-wegekreuz.de\/wp-content\/uploads\/2020\/08\/11.mp3\"><\/audio><\/figure>\n\n\n","protected":false},"excerpt":{"rendered":"<p>Martin Eichinger erz\u00e4hlt \u00fcber die Kr\u00e4merm\u00e4rkte. Dauer ca. 11 Minuten Filipowaer Zeitzeugen berichten. Aufnahmen von Heinrich Eich, Redaktion Josef Pertschi. Zwei Teile je ca. 45 Minuten Geschichten in Filipowaer Mundart. Gesprochen von Josef Franz Thiel und Sylvia Schopf. 2010 Die Filpwarisch Schprooch. Ein kommentiertes W\u00f6rterverzeichnis. Teil 1 &#8211; A bis F. Von Josef Franz Thiel &hellip;<\/p>\n<p class=\"read-more\"> <a class=\"\" href=\"http:\/\/neckar-donau-wegekreuz.de\/?page_id=2262\"> <span class=\"screen-reader-text\">H\u00f6rbeispiele vom Filipowaer Dialekt<\/span> Read More \u00bb<\/a><\/p>\n","protected":false},"author":1,"featured_media":0,"parent":15,"menu_order":0,"comment_status":"closed","ping_status":"closed","template":"","meta":[],"yoast_head":"<!-- This site is optimized with the Yoast SEO plugin v17.1 - https:\/\/yoast.com\/wordpress\/plugins\/seo\/ -->\n<title>H\u00f6rbeispiele vom Filipowaer Dialekt - Neckar-Donau-Wegekreuz<\/title>\n<meta name=\"robots\" content=\"index, follow, max-snippet:-1, max-image-preview:large, max-video-preview:-1\" \/>\n<link rel=\"canonical\" href=\"https:\/\/neckar-donau-wegekreuz.de\/?page_id=2262\" \/>\n<meta property=\"og:locale\" content=\"de_DE\" \/>\n<meta property=\"og:type\" content=\"article\" \/>\n<meta property=\"og:title\" content=\"H\u00f6rbeispiele vom Filipowaer Dialekt - Neckar-Donau-Wegekreuz\" \/>\n<meta property=\"og:description\" content=\"Martin Eichinger erz\u00e4hlt \u00fcber die Kr\u00e4merm\u00e4rkte. Dauer ca. 11 Minuten Filipowaer Zeitzeugen berichten. Aufnahmen von Heinrich Eich, Redaktion Josef Pertschi. Zwei Teile je ca. 45 Minuten Geschichten in Filipowaer Mundart. Gesprochen von Josef Franz Thiel und Sylvia Schopf. 2010 Die Filpwarisch Schprooch. Ein kommentiertes W\u00f6rterverzeichnis. Teil 1 &#8211; A bis F. Von Josef Franz Thiel &hellip; H\u00f6rbeispiele vom Filipowaer Dialekt Read More \u00bb\" \/>\n<meta property=\"og:url\" content=\"https:\/\/neckar-donau-wegekreuz.de\/?page_id=2262\" \/>\n<meta property=\"og:site_name\" content=\"Neckar-Donau-Wegekreuz\" \/>\n<meta property=\"article:modified_time\" content=\"2020-08-26T15:16:28+00:00\" \/>\n<meta name=\"twitter:card\" content=\"summary_large_image\" \/>\n<script type=\"application\/ld+json\" class=\"yoast-schema-graph\">{\"@context\":\"https:\/\/schema.org\",\"@graph\":[{\"@type\":\"Organization\",\"@id\":\"https:\/\/neckar-donau-wegekreuz.de\/#organization\",\"name\":\"Neckar-Donau-Wegekreuz\",\"url\":\"https:\/\/neckar-donau-wegekreuz.de\/\",\"sameAs\":[],\"logo\":{\"@type\":\"ImageObject\",\"@id\":\"https:\/\/neckar-donau-wegekreuz.de\/#logo\",\"inLanguage\":\"de\",\"url\":\"http:\/\/neckar-donau-wegekreuz.de\/wp-content\/uploads\/2020\/05\/Logo_NeckarDonauWegeX-kl.png\",\"contentUrl\":\"http:\/\/neckar-donau-wegekreuz.de\/wp-content\/uploads\/2020\/05\/Logo_NeckarDonauWegeX-kl.png\",\"width\":2500,\"height\":2221,\"caption\":\"Neckar-Donau-Wegekreuz\"},\"image\":{\"@id\":\"https:\/\/neckar-donau-wegekreuz.de\/#logo\"}},{\"@type\":\"WebSite\",\"@id\":\"https:\/\/neckar-donau-wegekreuz.de\/#website\",\"url\":\"https:\/\/neckar-donau-wegekreuz.de\/\",\"name\":\"Neckar-Donau-Wegekreuz\",\"description\":\"Menschen, Orte, Zeiten treffen sich!\",\"publisher\":{\"@id\":\"https:\/\/neckar-donau-wegekreuz.de\/#organization\"},\"potentialAction\":[{\"@type\":\"SearchAction\",\"target\":{\"@type\":\"EntryPoint\",\"urlTemplate\":\"https:\/\/neckar-donau-wegekreuz.de\/?s={search_term_string}\"},\"query-input\":\"required name=search_term_string\"}],\"inLanguage\":\"de\"},{\"@type\":\"WebPage\",\"@id\":\"https:\/\/neckar-donau-wegekreuz.de\/?page_id=2262#webpage\",\"url\":\"https:\/\/neckar-donau-wegekreuz.de\/?page_id=2262\",\"name\":\"H\\u00f6rbeispiele vom Filipowaer Dialekt - Neckar-Donau-Wegekreuz\",\"isPartOf\":{\"@id\":\"https:\/\/neckar-donau-wegekreuz.de\/#website\"},\"datePublished\":\"2020-08-26T14:19:50+00:00\",\"dateModified\":\"2020-08-26T15:16:28+00:00\",\"breadcrumb\":{\"@id\":\"https:\/\/neckar-donau-wegekreuz.de\/?page_id=2262#breadcrumb\"},\"inLanguage\":\"de\",\"potentialAction\":[{\"@type\":\"ReadAction\",\"target\":[\"https:\/\/neckar-donau-wegekreuz.de\/?page_id=2262\"]}]},{\"@type\":\"BreadcrumbList\",\"@id\":\"https:\/\/neckar-donau-wegekreuz.de\/?page_id=2262#breadcrumb\",\"itemListElement\":[{\"@type\":\"ListItem\",\"position\":1,\"name\":\"Startseite\",\"item\":\"https:\/\/neckar-donau-wegekreuz.de\/\"},{\"@type\":\"ListItem\",\"position\":2,\"name\":\"Menschen, Orte, Zeiten treffen sich! \\ufeff\",\"item\":\"https:\/\/neckar-donau-wegekreuz.de\/\"},{\"@type\":\"ListItem\",\"position\":3,\"name\":\"Filipowa &#8211; eine donauschw\\u00e4bische Gemeinde\",\"item\":\"https:\/\/neckar-donau-wegekreuz.de\/?page_id=15\"},{\"@type\":\"ListItem\",\"position\":4,\"name\":\"H\\u00f6rbeispiele vom Filipowaer Dialekt\"}]}]}<\/script>\n<!-- \/ Yoast SEO plugin. -->","yoast_head_json":{"title":"H\u00f6rbeispiele vom Filipowaer Dialekt - Neckar-Donau-Wegekreuz","robots":{"index":"index","follow":"follow","max-snippet":"max-snippet:-1","max-image-preview":"max-image-preview:large","max-video-preview":"max-video-preview:-1"},"canonical":"https:\/\/neckar-donau-wegekreuz.de\/?page_id=2262","og_locale":"de_DE","og_type":"article","og_title":"H\u00f6rbeispiele vom Filipowaer Dialekt - Neckar-Donau-Wegekreuz","og_description":"Martin Eichinger erz\u00e4hlt \u00fcber die Kr\u00e4merm\u00e4rkte. Dauer ca. 11 Minuten Filipowaer Zeitzeugen berichten. Aufnahmen von Heinrich Eich, Redaktion Josef Pertschi. Zwei Teile je ca. 45 Minuten Geschichten in Filipowaer Mundart. Gesprochen von Josef Franz Thiel und Sylvia Schopf. 2010 Die Filpwarisch Schprooch. Ein kommentiertes W\u00f6rterverzeichnis. Teil 1 &#8211; A bis F. Von Josef Franz Thiel &hellip; H\u00f6rbeispiele vom Filipowaer Dialekt Read More \u00bb","og_url":"https:\/\/neckar-donau-wegekreuz.de\/?page_id=2262","og_site_name":"Neckar-Donau-Wegekreuz","article_modified_time":"2020-08-26T15:16:28+00:00","twitter_card":"summary_large_image","schema":{"@context":"https:\/\/schema.org","@graph":[{"@type":"Organization","@id":"https:\/\/neckar-donau-wegekreuz.de\/#organization","name":"Neckar-Donau-Wegekreuz","url":"https:\/\/neckar-donau-wegekreuz.de\/","sameAs":[],"logo":{"@type":"ImageObject","@id":"https:\/\/neckar-donau-wegekreuz.de\/#logo","inLanguage":"de","url":"http:\/\/neckar-donau-wegekreuz.de\/wp-content\/uploads\/2020\/05\/Logo_NeckarDonauWegeX-kl.png","contentUrl":"http:\/\/neckar-donau-wegekreuz.de\/wp-content\/uploads\/2020\/05\/Logo_NeckarDonauWegeX-kl.png","width":2500,"height":2221,"caption":"Neckar-Donau-Wegekreuz"},"image":{"@id":"https:\/\/neckar-donau-wegekreuz.de\/#logo"}},{"@type":"WebSite","@id":"https:\/\/neckar-donau-wegekreuz.de\/#website","url":"https:\/\/neckar-donau-wegekreuz.de\/","name":"Neckar-Donau-Wegekreuz","description":"Menschen, Orte, Zeiten treffen sich!","publisher":{"@id":"https:\/\/neckar-donau-wegekreuz.de\/#organization"},"potentialAction":[{"@type":"SearchAction","target":{"@type":"EntryPoint","urlTemplate":"https:\/\/neckar-donau-wegekreuz.de\/?s={search_term_string}"},"query-input":"required name=search_term_string"}],"inLanguage":"de"},{"@type":"WebPage","@id":"https:\/\/neckar-donau-wegekreuz.de\/?page_id=2262#webpage","url":"https:\/\/neckar-donau-wegekreuz.de\/?page_id=2262","name":"H\u00f6rbeispiele vom Filipowaer Dialekt - Neckar-Donau-Wegekreuz","isPartOf":{"@id":"https:\/\/neckar-donau-wegekreuz.de\/#website"},"datePublished":"2020-08-26T14:19:50+00:00","dateModified":"2020-08-26T15:16:28+00:00","breadcrumb":{"@id":"https:\/\/neckar-donau-wegekreuz.de\/?page_id=2262#breadcrumb"},"inLanguage":"de","potentialAction":[{"@type":"ReadAction","target":["https:\/\/neckar-donau-wegekreuz.de\/?page_id=2262"]}]},{"@type":"BreadcrumbList","@id":"https:\/\/neckar-donau-wegekreuz.de\/?page_id=2262#breadcrumb","itemListElement":[{"@type":"ListItem","position":1,"name":"Startseite","item":"https:\/\/neckar-donau-wegekreuz.de\/"},{"@type":"ListItem","position":2,"name":"Menschen, Orte, Zeiten treffen sich! \ufeff","item":"https:\/\/neckar-donau-wegekreuz.de\/"},{"@type":"ListItem","position":3,"name":"Filipowa &#8211; eine donauschw\u00e4bische Gemeinde","item":"https:\/\/neckar-donau-wegekreuz.de\/?page_id=15"},{"@type":"ListItem","position":4,"name":"H\u00f6rbeispiele vom Filipowaer Dialekt"}]}]}},"_links":{"self":[{"href":"http:\/\/neckar-donau-wegekreuz.de\/index.php?rest_route=\/wp\/v2\/pages\/2262"}],"collection":[{"href":"http:\/\/neckar-donau-wegekreuz.de\/index.php?rest_route=\/wp\/v2\/pages"}],"about":[{"href":"http:\/\/neckar-donau-wegekreuz.de\/index.php?rest_route=\/wp\/v2\/types\/page"}],"author":[{"embeddable":true,"href":"http:\/\/neckar-donau-wegekreuz.de\/index.php?rest_route=\/wp\/v2\/users\/1"}],"replies":[{"embeddable":true,"href":"http:\/\/neckar-donau-wegekreuz.de\/index.php?rest_route=%2Fwp%2Fv2%2Fcomments&post=2262"}],"version-history":[{"count":6,"href":"http:\/\/neckar-donau-wegekreuz.de\/index.php?rest_route=\/wp\/v2\/pages\/2262\/revisions"}],"predecessor-version":[{"id":2318,"href":"http:\/\/neckar-donau-wegekreuz.de\/index.php?rest_route=\/wp\/v2\/pages\/2262\/revisions\/2318"}],"up":[{"embeddable":true,"href":"http:\/\/neckar-donau-wegekreuz.de\/index.php?rest_route=\/wp\/v2\/pages\/15"}],"wp:attachment":[{"href":"http:\/\/neckar-donau-wegekreuz.de\/index.php?rest_route=%2Fwp%2Fv2%2Fmedia&parent=2262"}],"curies":[{"name":"wp","href":"https:\/\/api.w.org\/{rel}","templated":true}]}}