{"id":362,"date":"2019-03-22T10:27:11","date_gmt":"2019-03-22T10:27:11","guid":{"rendered":"http:\/\/neckar-donau-wegekreuz.de\/?page_id=362"},"modified":"2020-03-25T17:31:16","modified_gmt":"2020-03-25T17:31:16","slug":"als-kind-interniert","status":"publish","type":"page","link":"http:\/\/neckar-donau-wegekreuz.de\/?page_id=362","title":{"rendered":"Er war als Kind interniert! Josef Thiel"},"content":{"rendered":"\n<div class=\"wp-block-image\"><figure class=\"aligncenter\"><img loading=\"lazy\" width=\"760\" height=\"1024\" src=\"http:\/\/neckar-donau-wegekreuz.de\/wp-content\/uploads\/2019\/05\/Josef-F.-Thiel-Fam.-1951-auss-760x1024.jpg\" alt=\"\" class=\"wp-image-538\" srcset=\"http:\/\/neckar-donau-wegekreuz.de\/wp-content\/uploads\/2019\/05\/Josef-F.-Thiel-Fam.-1951-auss-760x1024.jpg 760w, http:\/\/neckar-donau-wegekreuz.de\/wp-content\/uploads\/2019\/05\/Josef-F.-Thiel-Fam.-1951-auss-223x300.jpg 223w, http:\/\/neckar-donau-wegekreuz.de\/wp-content\/uploads\/2019\/05\/Josef-F.-Thiel-Fam.-1951-auss-768x1035.jpg 768w, http:\/\/neckar-donau-wegekreuz.de\/wp-content\/uploads\/2019\/05\/Josef-F.-Thiel-Fam.-1951-auss.jpg 904w\" sizes=\"(max-width: 760px) 100vw, 760px\" \/><figcaption> Prof. Dr. Josef F. Thiel (geb. 1932),  <br>ehem. Direktor des Weltkulturenmuseums Frankfurt am Main <\/figcaption><\/figure><\/div>\n\n\n\n<p>Josef Franz Thiel war 13 Jahre alt, als  am Ostersamstag 1944 innerhalb von f\u00fcnf Minuten das Haus verlassen und kurz danach das Dorf Filipowa in der jugoslawischen Batschka ger\u00e4umt werden musste. Seine Mutter holte die sechs Kinder zusammen und belud sich und die Kinder mit bereits vorbereiteten Rucks\u00e4cken mit Kleidern und Lebensmitteln. Josef Thiel wurde in die Speisekammer geschickt, einen Schinken zu holen. Er packte ihn in einen Mehlsack und suchte noch seinen kleinen Hund. Zu Fu\u00df ging es mit allen Dorfbewohnern auf eine Wiese weit ab vor dem Ort, am n\u00e4chsten Tag mit dem Zug ins Internierungslager Gakowa. Der Sack, der vom Schleifen auf dem Weg ein Loch bekommen hatte, ist heute in Bad Niedernau im Dokumentationszentrum verwahrt.<\/p>\n\n\n\n<p><\/p>\n\n\n\n<div class=\"wp-block-image\"><figure class=\"aligncenter\"><img loading=\"lazy\" width=\"646\" height=\"1024\" src=\"http:\/\/neckar-donau-wegekreuz.de\/wp-content\/uploads\/2019\/03\/IMG_0597bearb-646x1024.jpg\" alt=\"\" class=\"wp-image-363\" srcset=\"http:\/\/neckar-donau-wegekreuz.de\/wp-content\/uploads\/2019\/03\/IMG_0597bearb-646x1024.jpg 646w, http:\/\/neckar-donau-wegekreuz.de\/wp-content\/uploads\/2019\/03\/IMG_0597bearb-189x300.jpg 189w, http:\/\/neckar-donau-wegekreuz.de\/wp-content\/uploads\/2019\/03\/IMG_0597bearb-768x1218.jpg 768w, http:\/\/neckar-donau-wegekreuz.de\/wp-content\/uploads\/2019\/03\/IMG_0597bearb.jpg 831w\" sizes=\"(max-width: 646px) 100vw, 646px\" \/><figcaption>Hier steht der Sack in der Ausstellung &#8222;Bad Niedernau und die Nonnen&#8220; im ehemaligen Bad-Hotel. Foto: Lang 2017<\/figcaption><\/figure><\/div>\n\n\n\n<p>Als 13-J\u00e4hriger war er einer der \u00c4lteren unter den Kindern. Er war auch der \u00e4lteste Sohn der Familie mit sechs Kindern. Der Vater war zur Zwangsarbeit in die Sowjetunion deportiert. Die Mutter hatte die ganze Verantwortung und er tat alles daran, sie zu unterst\u00fctzen. Doch erlebte er diese Zeit auch als Abenteuer. Listig fand er Tricks und Wege, aus dem Lager zu kommen und Lebensmittel zu beschaffen. Er sprach gut ungarisch und konnte sich so als ungarischer Bauernbub verstellen.<\/p>\n<p>So kam es auch dazu, das er f\u00fcr einen Winter in einer M\u00fchle als Mechanikergehilfe arbeitete, um dann schlie\u00dflich den Entschluss zur Flucht mitsamt seiner Familie zu fassen.<\/p>\n<p>Die Familie fand 1953 wieder mit dem Vater in \u00d6sterreich zusammen, Josef machte Abitur und strebte ein Noviziat in St. Gabriel bei Wien an. Sein Ziel war es zun\u00e4chst, Missionar zu werden &#8211; bis er einen ber\u00fchmten Ethnologen kennen lernte und sich f\u00fcr dieses Fach interessierte. Lange Jahre verbrachte er in Afrika im Kongo, studierte zus\u00e4tzlich Soziologie in Paris, wurde im Fach Ethnologie promoviert und habilitierte 1974 in Bonn. 1985 kam der Ruf als Direktor des V\u00f6lkerkundemuseums nach Frankfurt. Als Religionsethnologe hat er sich einen gro\u00dfen Namen gemacht.<\/p>\n<p><strong><a href=\"http:\/\/neckar-donau-wegekreuz.de\/?page_id=360\">-&gt; Lesen Sie den Zeitzeugenbericht von Josef Franz Thiel<\/a> <\/strong>\u00fcber sein Leben als deutscher Jugendlicher im damaligen Jugoslawien 1945 bis 1947<\/p>\n<p><a href=\"http:\/\/neckar-donau-wegekreuz.de\/?page_id=520\"><strong>-&gt; Lesen Sie seinen und weitere Zeitzeugenberichte<\/strong><\/a> \u00fcber den Tag der Vertreibung aus dem Dorf am 31. M\u00e4rz 1945.<\/p>\n\n\n\n<div class=\"wp-block-image\"><figure class=\"aligncenter\"><img loading=\"lazy\" width=\"243\" height=\"319\" src=\"http:\/\/neckar-donau-wegekreuz.de\/wp-content\/uploads\/2019\/07\/Thiel-und-Frau-Kupferschmidt-auss.jpg\" alt=\"\" class=\"wp-image-884\" srcset=\"http:\/\/neckar-donau-wegekreuz.de\/wp-content\/uploads\/2019\/07\/Thiel-und-Frau-Kupferschmidt-auss.jpg 243w, http:\/\/neckar-donau-wegekreuz.de\/wp-content\/uploads\/2019\/07\/Thiel-und-Frau-Kupferschmidt-auss-229x300.jpg 229w\" sizes=\"(max-width: 243px) 100vw, 243px\" \/><figcaption>Josef Thiel 2014<\/figcaption><\/figure><\/div>\n\n\n\n<p><strong><a href=\"http:\/\/neckar-donau-wegekreuz.de\/?page_id=15\">-&gt; Mehr zur Geschichte des Ortes Filipowa in der Batschka<\/a><\/strong><br><\/p>\n\n\n\n<p><strong><a href=\"http:\/\/neckar-donau-wegekreuz.de\/?page_id=653\">-&gt; \u00dcber ihn steht auch etwas bei den herausragenden Pers\u00f6nlichkeiten<\/a><\/strong><\/p>\n","protected":false},"excerpt":{"rendered":"<p>Josef Franz Thiel war 13 Jahre alt, als am Ostersamstag 1944 innerhalb von f\u00fcnf Minuten das Haus verlassen und kurz danach das Dorf Filipowa in der jugoslawischen Batschka ger\u00e4umt werden musste. Seine Mutter holte die sechs Kinder zusammen und belud sich und die Kinder mit bereits vorbereiteten Rucks\u00e4cken mit Kleidern und Lebensmitteln. Josef Thiel wurde &hellip;<\/p>\n<p class=\"read-more\"> <a class=\"\" href=\"http:\/\/neckar-donau-wegekreuz.de\/?page_id=362\"> <span class=\"screen-reader-text\">Er war als Kind interniert! Josef Thiel<\/span> Read More \u00bb<\/a><\/p>\n","protected":false},"author":1,"featured_media":0,"parent":11,"menu_order":0,"comment_status":"closed","ping_status":"closed","template":"","meta":[],"yoast_head":"<!-- This site is optimized with the Yoast SEO plugin v17.1 - https:\/\/yoast.com\/wordpress\/plugins\/seo\/ -->\n<title>Er war als Kind interniert! Josef Thiel - Neckar-Donau-Wegekreuz<\/title>\n<meta name=\"robots\" content=\"index, follow, max-snippet:-1, max-image-preview:large, max-video-preview:-1\" \/>\n<link rel=\"canonical\" href=\"http:\/\/neckar-donau-wegekreuz.de\/?page_id=362\" \/>\n<meta property=\"og:locale\" content=\"de_DE\" \/>\n<meta property=\"og:type\" content=\"article\" \/>\n<meta property=\"og:title\" content=\"Er war als Kind interniert! Josef Thiel - Neckar-Donau-Wegekreuz\" \/>\n<meta property=\"og:description\" content=\"Josef Franz Thiel war 13 Jahre alt, als am Ostersamstag 1944 innerhalb von f\u00fcnf Minuten das Haus verlassen und kurz danach das Dorf Filipowa in der jugoslawischen Batschka ger\u00e4umt werden musste. Seine Mutter holte die sechs Kinder zusammen und belud sich und die Kinder mit bereits vorbereiteten Rucks\u00e4cken mit Kleidern und Lebensmitteln. Josef Thiel wurde &hellip; Er war als Kind interniert! Josef Thiel Read More \u00bb\" \/>\n<meta property=\"og:url\" content=\"http:\/\/neckar-donau-wegekreuz.de\/?page_id=362\" \/>\n<meta property=\"og:site_name\" content=\"Neckar-Donau-Wegekreuz\" \/>\n<meta property=\"article:modified_time\" content=\"2020-03-25T17:31:16+00:00\" \/>\n<meta property=\"og:image\" content=\"http:\/\/neckar-donau-wegekreuz.de\/wp-content\/uploads\/2019\/05\/Josef-F.-Thiel-Fam.-1951-auss-760x1024.jpg\" \/>\n<meta name=\"twitter:card\" content=\"summary_large_image\" \/>\n<meta name=\"twitter:label1\" content=\"Gesch\u00e4tzte Lesezeit\" \/>\n\t<meta name=\"twitter:data1\" content=\"2\u00a0Minuten\" \/>\n<script type=\"application\/ld+json\" class=\"yoast-schema-graph\">{\"@context\":\"https:\/\/schema.org\",\"@graph\":[{\"@type\":\"Organization\",\"@id\":\"http:\/\/neckar-donau-wegekreuz.de\/#organization\",\"name\":\"Neckar-Donau-Wegekreuz\",\"url\":\"http:\/\/neckar-donau-wegekreuz.de\/\",\"sameAs\":[],\"logo\":{\"@type\":\"ImageObject\",\"@id\":\"http:\/\/neckar-donau-wegekreuz.de\/#logo\",\"inLanguage\":\"de\",\"url\":\"http:\/\/neckar-donau-wegekreuz.de\/wp-content\/uploads\/2020\/05\/Logo_NeckarDonauWegeX-kl.png\",\"contentUrl\":\"http:\/\/neckar-donau-wegekreuz.de\/wp-content\/uploads\/2020\/05\/Logo_NeckarDonauWegeX-kl.png\",\"width\":2500,\"height\":2221,\"caption\":\"Neckar-Donau-Wegekreuz\"},\"image\":{\"@id\":\"http:\/\/neckar-donau-wegekreuz.de\/#logo\"}},{\"@type\":\"WebSite\",\"@id\":\"http:\/\/neckar-donau-wegekreuz.de\/#website\",\"url\":\"http:\/\/neckar-donau-wegekreuz.de\/\",\"name\":\"Neckar-Donau-Wegekreuz\",\"description\":\"Menschen, Orte, Zeiten treffen sich!\",\"publisher\":{\"@id\":\"http:\/\/neckar-donau-wegekreuz.de\/#organization\"},\"potentialAction\":[{\"@type\":\"SearchAction\",\"target\":{\"@type\":\"EntryPoint\",\"urlTemplate\":\"http:\/\/neckar-donau-wegekreuz.de\/?s={search_term_string}\"},\"query-input\":\"required name=search_term_string\"}],\"inLanguage\":\"de\"},{\"@type\":\"ImageObject\",\"@id\":\"http:\/\/neckar-donau-wegekreuz.de\/?page_id=362#primaryimage\",\"inLanguage\":\"de\",\"url\":\"http:\/\/neckar-donau-wegekreuz.de\/wp-content\/uploads\/2019\/05\/Josef-F.-Thiel-Fam.-1951-auss.jpg\",\"contentUrl\":\"http:\/\/neckar-donau-wegekreuz.de\/wp-content\/uploads\/2019\/05\/Josef-F.-Thiel-Fam.-1951-auss.jpg\",\"width\":904,\"height\":1218},{\"@type\":\"WebPage\",\"@id\":\"http:\/\/neckar-donau-wegekreuz.de\/?page_id=362#webpage\",\"url\":\"http:\/\/neckar-donau-wegekreuz.de\/?page_id=362\",\"name\":\"Er war als Kind interniert! Josef Thiel - Neckar-Donau-Wegekreuz\",\"isPartOf\":{\"@id\":\"http:\/\/neckar-donau-wegekreuz.de\/#website\"},\"primaryImageOfPage\":{\"@id\":\"http:\/\/neckar-donau-wegekreuz.de\/?page_id=362#primaryimage\"},\"datePublished\":\"2019-03-22T10:27:11+00:00\",\"dateModified\":\"2020-03-25T17:31:16+00:00\",\"breadcrumb\":{\"@id\":\"http:\/\/neckar-donau-wegekreuz.de\/?page_id=362#breadcrumb\"},\"inLanguage\":\"de\",\"potentialAction\":[{\"@type\":\"ReadAction\",\"target\":[\"http:\/\/neckar-donau-wegekreuz.de\/?page_id=362\"]}]},{\"@type\":\"BreadcrumbList\",\"@id\":\"http:\/\/neckar-donau-wegekreuz.de\/?page_id=362#breadcrumb\",\"itemListElement\":[{\"@type\":\"ListItem\",\"position\":1,\"name\":\"Startseite\",\"item\":\"http:\/\/neckar-donau-wegekreuz.de\/\"},{\"@type\":\"ListItem\",\"position\":2,\"name\":\"Menschen, Orte, Zeiten treffen sich! \\ufeff\",\"item\":\"http:\/\/neckar-donau-wegekreuz.de\/\"},{\"@type\":\"ListItem\",\"position\":3,\"name\":\"Die Installation &#8222;Wegekreuz&#8220;\",\"item\":\"https:\/\/neckar-donau-wegekreuz.de\/?page_id=11\"},{\"@type\":\"ListItem\",\"position\":4,\"name\":\"Er war als Kind interniert! Josef Thiel\"}]}]}<\/script>\n<!-- \/ Yoast SEO plugin. -->","yoast_head_json":{"title":"Er war als Kind interniert! Josef Thiel - Neckar-Donau-Wegekreuz","robots":{"index":"index","follow":"follow","max-snippet":"max-snippet:-1","max-image-preview":"max-image-preview:large","max-video-preview":"max-video-preview:-1"},"canonical":"http:\/\/neckar-donau-wegekreuz.de\/?page_id=362","og_locale":"de_DE","og_type":"article","og_title":"Er war als Kind interniert! Josef Thiel - Neckar-Donau-Wegekreuz","og_description":"Josef Franz Thiel war 13 Jahre alt, als am Ostersamstag 1944 innerhalb von f\u00fcnf Minuten das Haus verlassen und kurz danach das Dorf Filipowa in der jugoslawischen Batschka ger\u00e4umt werden musste. Seine Mutter holte die sechs Kinder zusammen und belud sich und die Kinder mit bereits vorbereiteten Rucks\u00e4cken mit Kleidern und Lebensmitteln. Josef Thiel wurde &hellip; Er war als Kind interniert! Josef Thiel Read More \u00bb","og_url":"http:\/\/neckar-donau-wegekreuz.de\/?page_id=362","og_site_name":"Neckar-Donau-Wegekreuz","article_modified_time":"2020-03-25T17:31:16+00:00","og_image":[{"url":"http:\/\/neckar-donau-wegekreuz.de\/wp-content\/uploads\/2019\/05\/Josef-F.-Thiel-Fam.-1951-auss-760x1024.jpg"}],"twitter_card":"summary_large_image","twitter_misc":{"Gesch\u00e4tzte Lesezeit":"2\u00a0Minuten"},"schema":{"@context":"https:\/\/schema.org","@graph":[{"@type":"Organization","@id":"http:\/\/neckar-donau-wegekreuz.de\/#organization","name":"Neckar-Donau-Wegekreuz","url":"http:\/\/neckar-donau-wegekreuz.de\/","sameAs":[],"logo":{"@type":"ImageObject","@id":"http:\/\/neckar-donau-wegekreuz.de\/#logo","inLanguage":"de","url":"http:\/\/neckar-donau-wegekreuz.de\/wp-content\/uploads\/2020\/05\/Logo_NeckarDonauWegeX-kl.png","contentUrl":"http:\/\/neckar-donau-wegekreuz.de\/wp-content\/uploads\/2020\/05\/Logo_NeckarDonauWegeX-kl.png","width":2500,"height":2221,"caption":"Neckar-Donau-Wegekreuz"},"image":{"@id":"http:\/\/neckar-donau-wegekreuz.de\/#logo"}},{"@type":"WebSite","@id":"http:\/\/neckar-donau-wegekreuz.de\/#website","url":"http:\/\/neckar-donau-wegekreuz.de\/","name":"Neckar-Donau-Wegekreuz","description":"Menschen, Orte, Zeiten treffen sich!","publisher":{"@id":"http:\/\/neckar-donau-wegekreuz.de\/#organization"},"potentialAction":[{"@type":"SearchAction","target":{"@type":"EntryPoint","urlTemplate":"http:\/\/neckar-donau-wegekreuz.de\/?s={search_term_string}"},"query-input":"required name=search_term_string"}],"inLanguage":"de"},{"@type":"ImageObject","@id":"http:\/\/neckar-donau-wegekreuz.de\/?page_id=362#primaryimage","inLanguage":"de","url":"http:\/\/neckar-donau-wegekreuz.de\/wp-content\/uploads\/2019\/05\/Josef-F.-Thiel-Fam.-1951-auss.jpg","contentUrl":"http:\/\/neckar-donau-wegekreuz.de\/wp-content\/uploads\/2019\/05\/Josef-F.-Thiel-Fam.-1951-auss.jpg","width":904,"height":1218},{"@type":"WebPage","@id":"http:\/\/neckar-donau-wegekreuz.de\/?page_id=362#webpage","url":"http:\/\/neckar-donau-wegekreuz.de\/?page_id=362","name":"Er war als Kind interniert! Josef Thiel - Neckar-Donau-Wegekreuz","isPartOf":{"@id":"http:\/\/neckar-donau-wegekreuz.de\/#website"},"primaryImageOfPage":{"@id":"http:\/\/neckar-donau-wegekreuz.de\/?page_id=362#primaryimage"},"datePublished":"2019-03-22T10:27:11+00:00","dateModified":"2020-03-25T17:31:16+00:00","breadcrumb":{"@id":"http:\/\/neckar-donau-wegekreuz.de\/?page_id=362#breadcrumb"},"inLanguage":"de","potentialAction":[{"@type":"ReadAction","target":["http:\/\/neckar-donau-wegekreuz.de\/?page_id=362"]}]},{"@type":"BreadcrumbList","@id":"http:\/\/neckar-donau-wegekreuz.de\/?page_id=362#breadcrumb","itemListElement":[{"@type":"ListItem","position":1,"name":"Startseite","item":"http:\/\/neckar-donau-wegekreuz.de\/"},{"@type":"ListItem","position":2,"name":"Menschen, Orte, Zeiten treffen sich! \ufeff","item":"http:\/\/neckar-donau-wegekreuz.de\/"},{"@type":"ListItem","position":3,"name":"Die Installation &#8222;Wegekreuz&#8220;","item":"https:\/\/neckar-donau-wegekreuz.de\/?page_id=11"},{"@type":"ListItem","position":4,"name":"Er war als Kind interniert! Josef Thiel"}]}]}},"_links":{"self":[{"href":"http:\/\/neckar-donau-wegekreuz.de\/index.php?rest_route=\/wp\/v2\/pages\/362"}],"collection":[{"href":"http:\/\/neckar-donau-wegekreuz.de\/index.php?rest_route=\/wp\/v2\/pages"}],"about":[{"href":"http:\/\/neckar-donau-wegekreuz.de\/index.php?rest_route=\/wp\/v2\/types\/page"}],"author":[{"embeddable":true,"href":"http:\/\/neckar-donau-wegekreuz.de\/index.php?rest_route=\/wp\/v2\/users\/1"}],"replies":[{"embeddable":true,"href":"http:\/\/neckar-donau-wegekreuz.de\/index.php?rest_route=%2Fwp%2Fv2%2Fcomments&post=362"}],"version-history":[{"count":12,"href":"http:\/\/neckar-donau-wegekreuz.de\/index.php?rest_route=\/wp\/v2\/pages\/362\/revisions"}],"predecessor-version":[{"id":1811,"href":"http:\/\/neckar-donau-wegekreuz.de\/index.php?rest_route=\/wp\/v2\/pages\/362\/revisions\/1811"}],"up":[{"embeddable":true,"href":"http:\/\/neckar-donau-wegekreuz.de\/index.php?rest_route=\/wp\/v2\/pages\/11"}],"wp:attachment":[{"href":"http:\/\/neckar-donau-wegekreuz.de\/index.php?rest_route=%2Fwp%2Fv2%2Fmedia&parent=362"}],"curies":[{"name":"wp","href":"https:\/\/api.w.org\/{rel}","templated":true}]}}