{"id":1538,"date":"2020-04-06T10:48:36","date_gmt":"2020-04-06T10:48:36","guid":{"rendered":"http:\/\/neckar-donau-wegekreuz.de\/?page_id=1538"},"modified":"2020-11-15T17:45:55","modified_gmt":"2020-11-15T17:45:55","slug":"historische-bilder-von-bad-niedernau","status":"publish","type":"page","link":"https:\/\/neckar-donau-wegekreuz.de\/?page_id=1538","title":{"rendered":"Historische Bilder von Bad Niedernau"},"content":{"rendered":"\t\t<div data-elementor-type=\"wp-page\" data-elementor-id=\"1538\" class=\"elementor elementor-1538\" data-elementor-settings=\"[]\">\n\t\t\t\t\t\t<div class=\"elementor-inner\">\n\t\t\t\t\t\t\t<div class=\"elementor-section-wrap\">\n\t\t\t\t\t\t\t<section class=\"elementor-section elementor-top-section elementor-element elementor-element-915773f elementor-section-boxed elementor-section-height-default elementor-section-height-default\" data-id=\"915773f\" data-element_type=\"section\">\n\t\t\t\t\t\t<div class=\"elementor-container elementor-column-gap-default\">\n\t\t\t\t\t\t\t<div class=\"elementor-row\">\n\t\t\t\t\t<div class=\"elementor-column elementor-col-100 elementor-top-column elementor-element elementor-element-f0a0712\" data-id=\"f0a0712\" data-element_type=\"column\">\n\t\t\t<div class=\"elementor-column-wrap elementor-element-populated\">\n\t\t\t\t\t\t\t<div class=\"elementor-widget-wrap\">\n\t\t\t\t\t\t<div class=\"elementor-element elementor-element-c63fd9b elementor-arrows-position-outside elementor-pagination-position-outside elementor-widget elementor-widget-image-carousel\" data-id=\"c63fd9b\" data-element_type=\"widget\" data-settings=\"{&quot;slides_to_show&quot;:&quot;1&quot;,&quot;autoplay&quot;:&quot;no&quot;,&quot;navigation&quot;:&quot;both&quot;,&quot;infinite&quot;:&quot;yes&quot;,&quot;effect&quot;:&quot;slide&quot;,&quot;speed&quot;:500}\" data-widget_type=\"image-carousel.default\">\n\t\t\t\t<div class=\"elementor-widget-container\">\n\t\t\t\t\t<div class=\"elementor-image-carousel-wrapper swiper-container\" dir=\"ltr\">\n\t\t\t<div class=\"elementor-image-carousel swiper-wrapper\">\n\t\t\t\t\t\t\t\t<div class=\"swiper-slide\"><a data-elementor-open-lightbox=\"yes\" data-elementor-lightbox-slideshow=\"c63fd9b\" data-elementor-lightbox-title=\"Bb 01\" href=\"https:\/\/neckar-donau-wegekreuz.de\/wp-content\/uploads\/2020\/06\/Bb-01.png\"><figure class=\"swiper-slide-inner\"><img class=\"swiper-slide-image\" src=\"https:\/\/neckar-donau-wegekreuz.de\/wp-content\/uploads\/2020\/06\/Bb-01.png\" alt=\"Blick auf Bad Niedernau -Aquarell um 1820  - Foto: :  Archiv Arme Schulschwestern\" \/><figcaption class=\"elementor-image-carousel-caption\">Blick auf Bad Niedernau -Aquarell um 1820  - Foto: :  Archiv Arme Schulschwestern<\/figcaption><\/figure><\/a><\/div><div class=\"swiper-slide\"><a data-elementor-open-lightbox=\"yes\" data-elementor-lightbox-slideshow=\"c63fd9b\" data-elementor-lightbox-title=\"Bb 02 -\" href=\"https:\/\/neckar-donau-wegekreuz.de\/wp-content\/uploads\/2020\/06\/Bb-02-.png\"><figure class=\"swiper-slide-inner\"><img class=\"swiper-slide-image\" src=\"https:\/\/neckar-donau-wegekreuz.de\/wp-content\/uploads\/2020\/06\/Bb-02-.png\" alt=\"Historische Aufnahme B. Niedernau 1864 -Er\u00f6ffnung der Bahnstrecke Rottenburg-Eyhach- Foto:  Archiv Arme Schulschwestern\" \/><figcaption class=\"elementor-image-carousel-caption\">Historische Aufnahme B. Niedernau 1864 -Er\u00f6ffnung der Bahnstrecke Rottenburg-Eyhach- Foto:  Archiv Arme Schulschwestern <\/figcaption><\/figure><\/a><\/div><div class=\"swiper-slide\"><a data-elementor-open-lightbox=\"yes\" data-elementor-lightbox-slideshow=\"c63fd9b\" data-elementor-lightbox-title=\"Bb 03\" href=\"https:\/\/neckar-donau-wegekreuz.de\/wp-content\/uploads\/2020\/06\/Bb-03-1.png\"><figure class=\"swiper-slide-inner\"><img class=\"swiper-slide-image\" src=\"https:\/\/neckar-donau-wegekreuz.de\/wp-content\/uploads\/2020\/06\/Bb-03-1.png\" alt=\"Reproduktion Badhotel 1915 v. Apotheke Kirsch, Rottenburg. \u2013 Foto:  Archiv Arme Schulschwestern\" \/><figcaption class=\"elementor-image-carousel-caption\">Reproduktion Badhotel 1915 v. Apotheke Kirsch, Rottenburg. \u2013 Foto:  Archiv Arme Schulschwestern<\/figcaption><\/figure><\/a><\/div><div class=\"swiper-slide\"><a data-elementor-open-lightbox=\"yes\" data-elementor-lightbox-slideshow=\"c63fd9b\" data-elementor-lightbox-title=\"Bb 04\" href=\"https:\/\/neckar-donau-wegekreuz.de\/wp-content\/uploads\/2020\/06\/Bb-04-1.png\"><figure class=\"swiper-slide-inner\"><img class=\"swiper-slide-image\" src=\"https:\/\/neckar-donau-wegekreuz.de\/wp-content\/uploads\/2020\/06\/Bb-04-1.png\" alt=\"Blick auf Bad Niedernau \u2013 Aquarell um 1820 \u2013 Foto:  Archiv Arme Schulschwestern\" \/><figcaption class=\"elementor-image-carousel-caption\">Blick auf Bad Niedernau \u2013 Aquarell um 1820 \u2013 Foto:  Archiv Arme Schulschwestern<\/figcaption><\/figure><\/a><\/div><div class=\"swiper-slide\"><a data-elementor-open-lightbox=\"yes\" data-elementor-lightbox-slideshow=\"c63fd9b\" data-elementor-lightbox-title=\"Bb 05 -\" href=\"https:\/\/neckar-donau-wegekreuz.de\/wp-content\/uploads\/2020\/06\/Bb-05-1-1.png\"><figure class=\"swiper-slide-inner\"><img class=\"swiper-slide-image\" src=\"https:\/\/neckar-donau-wegekreuz.de\/wp-content\/uploads\/2020\/06\/Bb-05-1-1.png\" alt=\"Historische gemalte Ansicht-Fritz Keller Haus -Villa Steiner. Foto:  Archiv Arme Schulschwestern\" \/><figcaption class=\"elementor-image-carousel-caption\">Historische gemalte Ansicht-Fritz Keller Haus -Villa Steiner. Foto:  Archiv Arme Schulschwestern<\/figcaption><\/figure><\/a><\/div><div class=\"swiper-slide\"><a data-elementor-open-lightbox=\"yes\" data-elementor-lightbox-slideshow=\"c63fd9b\" data-elementor-lightbox-title=\"Bb 07 -\" href=\"https:\/\/neckar-donau-wegekreuz.de\/wp-content\/uploads\/2020\/06\/Bb-07-1-1.png\"><figure class=\"swiper-slide-inner\"><img class=\"swiper-slide-image\" src=\"https:\/\/neckar-donau-wegekreuz.de\/wp-content\/uploads\/2020\/06\/Bb-07-1-1.png\" alt=\"Villa Steiner um 1890. Foto:  Archiv Arme Schulschwestern\" \/><figcaption class=\"elementor-image-carousel-caption\">Villa Steiner um 1890. Foto:  Archiv Arme Schulschwestern<\/figcaption><\/figure><\/a><\/div><div class=\"swiper-slide\"><a data-elementor-open-lightbox=\"yes\" data-elementor-lightbox-slideshow=\"c63fd9b\" data-elementor-lightbox-title=\"Bb 08 -\" href=\"https:\/\/neckar-donau-wegekreuz.de\/wp-content\/uploads\/2020\/06\/Bb-08-1-1.png\"><figure class=\"swiper-slide-inner\"><img class=\"swiper-slide-image\" src=\"https:\/\/neckar-donau-wegekreuz.de\/wp-content\/uploads\/2020\/06\/Bb-08-1-1.png\" alt=\"Turmhaus der Steinerschen Villa.  Foto:  Archiv Arme Schulschwestern\" \/><figcaption class=\"elementor-image-carousel-caption\">Turmhaus der Steinerschen Villa.  Foto:  Archiv Arme Schulschwestern<\/figcaption><\/figure><\/a><\/div><div class=\"swiper-slide\"><a data-elementor-open-lightbox=\"yes\" data-elementor-lightbox-slideshow=\"c63fd9b\" data-elementor-lightbox-title=\"Bb 09\" href=\"https:\/\/neckar-donau-wegekreuz.de\/wp-content\/uploads\/2020\/06\/Bb-09-1.png\"><figure class=\"swiper-slide-inner\"><img class=\"swiper-slide-image\" src=\"https:\/\/neckar-donau-wegekreuz.de\/wp-content\/uploads\/2020\/06\/Bb-09-1.png\" alt=\"Fritz-Keller Haus - nach Karl Stengele 1899; Foto:  Archiv Arme Schulschwestern\" \/><figcaption class=\"elementor-image-carousel-caption\">Fritz-Keller Haus - nach Karl Stengele 1899; Foto:  Archiv Arme Schulschwestern<\/figcaption><\/figure><\/a><\/div><div class=\"swiper-slide\"><a data-elementor-open-lightbox=\"yes\" data-elementor-lightbox-slideshow=\"c63fd9b\" data-elementor-lightbox-title=\"Bb 10 -\" href=\"https:\/\/neckar-donau-wegekreuz.de\/wp-content\/uploads\/2020\/06\/Bb-10-1-1.png\"><figure class=\"swiper-slide-inner\"><img class=\"swiper-slide-image\" src=\"https:\/\/neckar-donau-wegekreuz.de\/wp-content\/uploads\/2020\/06\/Bb-10-1-1.png\" alt=\"Bad Niedernau um 1917 - neuer Besitzer Kyffh\u00e4userbund \u2013 Foto:  Archiv Arme Schulschwestern\" \/><figcaption class=\"elementor-image-carousel-caption\">Bad Niedernau um 1917 - neuer Besitzer Kyffh\u00e4userbund \u2013 Foto:  Archiv Arme Schulschwestern<\/figcaption><\/figure><\/a><\/div><div class=\"swiper-slide\"><a data-elementor-open-lightbox=\"yes\" data-elementor-lightbox-slideshow=\"c63fd9b\" data-elementor-lightbox-title=\"Bb 11 -\" href=\"https:\/\/neckar-donau-wegekreuz.de\/wp-content\/uploads\/2020\/06\/Bb-11-1-1.png\"><figure class=\"swiper-slide-inner\"><img class=\"swiper-slide-image\" src=\"https:\/\/neckar-donau-wegekreuz.de\/wp-content\/uploads\/2020\/06\/Bb-11-1-1.png\" alt=\"Gesamtansicht ca. um 1925 \u2013 Foto:  Archiv Arme Schulschwestern\" \/><figcaption class=\"elementor-image-carousel-caption\">Gesamtansicht ca. um 1925 \u2013 Foto:  Archiv Arme Schulschwestern<\/figcaption><\/figure><\/a><\/div><div class=\"swiper-slide\"><a data-elementor-open-lightbox=\"yes\" data-elementor-lightbox-slideshow=\"c63fd9b\" data-elementor-lightbox-title=\"Bb 12\" href=\"https:\/\/neckar-donau-wegekreuz.de\/wp-content\/uploads\/2020\/06\/Bb-12-1.png\"><figure class=\"swiper-slide-inner\"><img class=\"swiper-slide-image\" src=\"https:\/\/neckar-donau-wegekreuz.de\/wp-content\/uploads\/2020\/06\/Bb-12-1.png\" alt=\"Badhotel-Postkarte ca 1955 \u2013 Foto: :  Archiv Arme Schulschwestern\" \/><figcaption class=\"elementor-image-carousel-caption\">Badhotel-Postkarte ca 1955 \u2013 Foto: :  Archiv Arme Schulschwestern<\/figcaption><\/figure><\/a><\/div><div class=\"swiper-slide\"><a data-elementor-open-lightbox=\"yes\" data-elementor-lightbox-slideshow=\"c63fd9b\" data-elementor-lightbox-title=\"Bb 13 -\" href=\"https:\/\/neckar-donau-wegekreuz.de\/wp-content\/uploads\/2020\/06\/Bb-13-1-1.png\"><figure class=\"swiper-slide-inner\"><img class=\"swiper-slide-image\" src=\"https:\/\/neckar-donau-wegekreuz.de\/wp-content\/uploads\/2020\/06\/Bb-13-1-1.png\" alt=\"Aufgestockte Steinersche Villa ca 1960 \u2013 Foto; Archiv Arme Schulschwestern\" \/><figcaption class=\"elementor-image-carousel-caption\">Aufgestockte Steinersche Villa ca 1960 \u2013 Foto; Archiv Arme Schulschwestern<\/figcaption><\/figure><\/a><\/div><div class=\"swiper-slide\"><a data-elementor-open-lightbox=\"yes\" data-elementor-lightbox-slideshow=\"c63fd9b\" data-elementor-lightbox-title=\"Bb 14\" href=\"https:\/\/neckar-donau-wegekreuz.de\/wp-content\/uploads\/2020\/06\/Bb-14-1.png\"><figure class=\"swiper-slide-inner\"><img class=\"swiper-slide-image\" src=\"https:\/\/neckar-donau-wegekreuz.de\/wp-content\/uploads\/2020\/06\/Bb-14-1.png\" alt=\"Fritz-Keller Haus ca. 1960; Foto: Archiv Arme Schulschwestern\" \/><figcaption class=\"elementor-image-carousel-caption\">Fritz-Keller Haus ca. 1960; Foto: Archiv Arme Schulschwestern<\/figcaption><\/figure><\/a><\/div><div class=\"swiper-slide\"><a data-elementor-open-lightbox=\"yes\" data-elementor-lightbox-slideshow=\"c63fd9b\" data-elementor-lightbox-title=\"Bb 15 -\" href=\"https:\/\/neckar-donau-wegekreuz.de\/wp-content\/uploads\/2020\/06\/Bb-15-1-1.png\"><figure class=\"swiper-slide-inner\"><img class=\"swiper-slide-image\" src=\"https:\/\/neckar-donau-wegekreuz.de\/wp-content\/uploads\/2020\/06\/Bb-15-1-1.png\" alt=\"Arme Schulschwestern v. ULF 1957 - \u00dcbernahme und Einzug \u2013 Foto:  Archiv Arme Schulschwestern\" \/><figcaption class=\"elementor-image-carousel-caption\">Arme Schulschwestern v. ULF 1957 - \u00dcbernahme und Einzug \u2013 Foto:  Archiv Arme Schulschwestern<\/figcaption><\/figure><\/a><\/div><div class=\"swiper-slide\"><a data-elementor-open-lightbox=\"yes\" data-elementor-lightbox-slideshow=\"c63fd9b\" data-elementor-lightbox-title=\"Bb 16 -\" href=\"https:\/\/neckar-donau-wegekreuz.de\/wp-content\/uploads\/2020\/06\/Bb-16-1-1.jpg\"><figure class=\"swiper-slide-inner\"><img class=\"swiper-slide-image\" src=\"https:\/\/neckar-donau-wegekreuz.de\/wp-content\/uploads\/2020\/06\/Bb-16-1-1.jpg\" alt=\"F\u00f6rderschule f\u00fcr Sp\u00e4taussiedler-M\u00e4dchen Beginn 1958; Foto: Archiv Arme Schulschwestern\" \/><figcaption class=\"elementor-image-carousel-caption\">F\u00f6rderschule f\u00fcr Sp\u00e4taussiedler-M\u00e4dchen Beginn 1958; Foto: Archiv Arme Schulschwestern<\/figcaption><\/figure><\/a><\/div><div class=\"swiper-slide\"><a data-elementor-open-lightbox=\"yes\" data-elementor-lightbox-slideshow=\"c63fd9b\" data-elementor-lightbox-title=\"Bb 17\" href=\"https:\/\/neckar-donau-wegekreuz.de\/wp-content\/uploads\/2020\/06\/Bb-17-1.png\"><figure class=\"swiper-slide-inner\"><img class=\"swiper-slide-image\" src=\"https:\/\/neckar-donau-wegekreuz.de\/wp-content\/uploads\/2020\/06\/Bb-17-1.png\" alt=\"\u00dcbernahme Badhotel 24.2.1964; Foto:  Archiv Arme Schulschwestern\" \/><figcaption class=\"elementor-image-carousel-caption\">\u00dcbernahme Badhotel 24.2.1964; Foto:  Archiv Arme Schulschwestern<\/figcaption><\/figure><\/a><\/div><div class=\"swiper-slide\"><a data-elementor-open-lightbox=\"yes\" data-elementor-lightbox-slideshow=\"c63fd9b\" data-elementor-lightbox-title=\"Bb 18\" href=\"https:\/\/neckar-donau-wegekreuz.de\/wp-content\/uploads\/2020\/06\/Bb-18-1.png\"><figure class=\"swiper-slide-inner\"><img class=\"swiper-slide-image\" src=\"https:\/\/neckar-donau-wegekreuz.de\/wp-content\/uploads\/2020\/06\/Bb-18-1.png\" alt=\"Steinersche Villa vom Klostergarten aus ca. 1975 \u2013 Foto:  Archiv Arme Schulschwestern\" \/><figcaption class=\"elementor-image-carousel-caption\">Steinersche Villa vom Klostergarten aus ca. 1975 \u2013 Foto:  Archiv Arme Schulschwestern<\/figcaption><\/figure><\/a><\/div><div class=\"swiper-slide\"><a data-elementor-open-lightbox=\"yes\" data-elementor-lightbox-slideshow=\"c63fd9b\" data-elementor-lightbox-title=\"Bb 19 -\" href=\"https:\/\/neckar-donau-wegekreuz.de\/wp-content\/uploads\/2020\/06\/Bb-19-1-1.png\"><figure class=\"swiper-slide-inner\"><img class=\"swiper-slide-image\" src=\"https:\/\/neckar-donau-wegekreuz.de\/wp-content\/uploads\/2020\/06\/Bb-19-1-1.png\" alt=\"Klostergarten mit Wandelgang um 1975 \u2013 Foto:  Archiv Arme Schulschwestern\" \/><figcaption class=\"elementor-image-carousel-caption\">Klostergarten mit Wandelgang um 1975 \u2013 Foto:  Archiv Arme Schulschwestern<\/figcaption><\/figure><\/a><\/div><div class=\"swiper-slide\"><a data-elementor-open-lightbox=\"yes\" data-elementor-lightbox-slideshow=\"c63fd9b\" data-elementor-lightbox-title=\"Bb 20\" href=\"https:\/\/neckar-donau-wegekreuz.de\/wp-content\/uploads\/2020\/06\/Bb-20-1.png\"><figure class=\"swiper-slide-inner\"><img class=\"swiper-slide-image\" src=\"https:\/\/neckar-donau-wegekreuz.de\/wp-content\/uploads\/2020\/06\/Bb-20-1.png\" alt=\"Postkarte-Provinzhaus der Schwestern v. ca. 1970 \u2013 Foto:  Archiv Arme Schulschwestern\" \/><figcaption class=\"elementor-image-carousel-caption\">Postkarte-Provinzhaus der Schwestern v. ca. 1970 \u2013 Foto:  Archiv Arme Schulschwestern<\/figcaption><\/figure><\/a><\/div><div class=\"swiper-slide\"><a data-elementor-open-lightbox=\"yes\" data-elementor-lightbox-slideshow=\"c63fd9b\" data-elementor-lightbox-title=\"Bb 21\" href=\"https:\/\/neckar-donau-wegekreuz.de\/wp-content\/uploads\/2020\/06\/Bb-21-1.png\"><figure class=\"swiper-slide-inner\"><img class=\"swiper-slide-image\" src=\"https:\/\/neckar-donau-wegekreuz.de\/wp-content\/uploads\/2020\/06\/Bb-21-1.png\" alt=\"Quellenstube, ab 1964 Arztpraxis; Foto:  Archiv Arme Schulschwestern\" \/><figcaption class=\"elementor-image-carousel-caption\">Quellenstube, ab 1964 Arztpraxis; Foto:  Archiv Arme Schulschwestern<\/figcaption><\/figure><\/a><\/div><div class=\"swiper-slide\"><a data-elementor-open-lightbox=\"yes\" data-elementor-lightbox-slideshow=\"c63fd9b\" data-elementor-lightbox-title=\"Bb 22\" href=\"https:\/\/neckar-donau-wegekreuz.de\/wp-content\/uploads\/2020\/06\/Bb-22-1.png\"><figure class=\"swiper-slide-inner\"><img class=\"swiper-slide-image\" src=\"https:\/\/neckar-donau-wegekreuz.de\/wp-content\/uploads\/2020\/06\/Bb-22-1.png\" alt=\"Schickhardtstube, ab 1964 Hauskapelle; Foto:  Archiv Arme Schulschwestern\" \/><figcaption class=\"elementor-image-carousel-caption\">Schickhardtstube, ab 1964 Hauskapelle; Foto:  Archiv Arme Schulschwestern\n<\/figcaption><\/figure><\/a><\/div>\t\t\t<\/div>\n\t\t\t\t\t\t\t\t\t\t\t\t<div class=\"swiper-pagination\"><\/div>\n\t\t\t\t\t\t\t\t\t\t\t\t\t<div class=\"elementor-swiper-button elementor-swiper-button-prev\">\n\t\t\t\t\t\t<i class=\"eicon-chevron-left\" aria-hidden=\"true\"><\/i>\n\t\t\t\t\t\t<span class=\"elementor-screen-only\">Zur\u00fcck<\/span>\n\t\t\t\t\t<\/div>\n\t\t\t\t\t<div class=\"elementor-swiper-button elementor-swiper-button-next\">\n\t\t\t\t\t\t<i class=\"eicon-chevron-right\" aria-hidden=\"true\"><\/i>\n\t\t\t\t\t\t<span class=\"elementor-screen-only\">Weiter<\/span>\n\t\t\t\t\t<\/div>\n\t\t\t\t\t\t\t\t\t<\/div>\n\t\t\t\t<\/div>\n\t\t\t\t<\/div>\n\t\t\t\t\t\t<\/div>\n\t\t\t\t\t<\/div>\n\t\t<\/div>\n\t\t\t\t\t\t\t\t<\/div>\n\t\t\t\t\t<\/div>\n\t\t<\/section>\n\t\t\t\t\t\t<\/div>\n\t\t\t\t\t\t<\/div>\n\t\t\t\t\t<\/div>\n\t\t","protected":false},"excerpt":{"rendered":"<p>Blick auf Bad Niedernau -Aquarell um 1820 &#8211; Foto: : Archiv Arme Schulschwestern Historische Aufnahme B. Niedernau 1864 -Er\u00f6ffnung der Bahnstrecke Rottenburg-Eyhach- Foto: Archiv Arme Schulschwestern Reproduktion Badhotel 1915 v. Apotheke Kirsch, Rottenburg. \u2013 Foto: Archiv Arme Schulschwestern Blick auf Bad Niedernau \u2013 Aquarell um 1820 \u2013 Foto: Archiv Arme Schulschwestern Historische gemalte Ansicht-Fritz Keller &hellip;<\/p>\n<p class=\"read-more\"> <a class=\"\" href=\"https:\/\/neckar-donau-wegekreuz.de\/?page_id=1538\"> <span class=\"screen-reader-text\">Historische Bilder von Bad Niedernau<\/span> Read More \u00bb<\/a><\/p>\n","protected":false},"author":1,"featured_media":0,"parent":474,"menu_order":0,"comment_status":"closed","ping_status":"closed","template":"","meta":[],"yoast_head":"<!-- This site is optimized with the Yoast SEO plugin v17.1 - https:\/\/yoast.com\/wordpress\/plugins\/seo\/ -->\n<title>Historische Bilder von Bad Niedernau - Neckar-Donau-Wegekreuz<\/title>\n<meta name=\"robots\" content=\"index, follow, max-snippet:-1, max-image-preview:large, max-video-preview:-1\" \/>\n<link rel=\"canonical\" href=\"http:\/\/neckar-donau-wegekreuz.de\/?page_id=1538\" \/>\n<meta property=\"og:locale\" content=\"de_DE\" \/>\n<meta property=\"og:type\" content=\"article\" \/>\n<meta property=\"og:title\" content=\"Historische Bilder von Bad Niedernau - Neckar-Donau-Wegekreuz\" \/>\n<meta property=\"og:description\" content=\"Blick auf Bad Niedernau -Aquarell um 1820 &#8211; Foto: : Archiv Arme Schulschwestern Historische Aufnahme B. Niedernau 1864 -Er\u00f6ffnung der Bahnstrecke Rottenburg-Eyhach- Foto: Archiv Arme Schulschwestern Reproduktion Badhotel 1915 v. Apotheke Kirsch, Rottenburg. \u2013 Foto: Archiv Arme Schulschwestern Blick auf Bad Niedernau \u2013 Aquarell um 1820 \u2013 Foto: Archiv Arme Schulschwestern Historische gemalte Ansicht-Fritz Keller &hellip; Historische Bilder von Bad Niedernau Read More \u00bb\" \/>\n<meta property=\"og:url\" content=\"http:\/\/neckar-donau-wegekreuz.de\/?page_id=1538\" \/>\n<meta property=\"og:site_name\" content=\"Neckar-Donau-Wegekreuz\" \/>\n<meta property=\"article:modified_time\" content=\"2020-11-15T17:45:55+00:00\" \/>\n<meta property=\"og:image\" content=\"http:\/\/neckar-donau-wegekreuz.de\/wp-content\/uploads\/2020\/06\/Bb-01.png\" \/>\n<meta name=\"twitter:card\" content=\"summary_large_image\" \/>\n<meta name=\"twitter:label1\" content=\"Gesch\u00e4tzte Lesezeit\" \/>\n\t<meta name=\"twitter:data1\" content=\"1\u00a0Minute\" \/>\n<script type=\"application\/ld+json\" class=\"yoast-schema-graph\">{\"@context\":\"https:\/\/schema.org\",\"@graph\":[{\"@type\":\"Organization\",\"@id\":\"https:\/\/neckar-donau-wegekreuz.de\/#organization\",\"name\":\"Neckar-Donau-Wegekreuz\",\"url\":\"https:\/\/neckar-donau-wegekreuz.de\/\",\"sameAs\":[],\"logo\":{\"@type\":\"ImageObject\",\"@id\":\"https:\/\/neckar-donau-wegekreuz.de\/#logo\",\"inLanguage\":\"de\",\"url\":\"http:\/\/neckar-donau-wegekreuz.de\/wp-content\/uploads\/2020\/05\/Logo_NeckarDonauWegeX-kl.png\",\"contentUrl\":\"http:\/\/neckar-donau-wegekreuz.de\/wp-content\/uploads\/2020\/05\/Logo_NeckarDonauWegeX-kl.png\",\"width\":2500,\"height\":2221,\"caption\":\"Neckar-Donau-Wegekreuz\"},\"image\":{\"@id\":\"https:\/\/neckar-donau-wegekreuz.de\/#logo\"}},{\"@type\":\"WebSite\",\"@id\":\"https:\/\/neckar-donau-wegekreuz.de\/#website\",\"url\":\"https:\/\/neckar-donau-wegekreuz.de\/\",\"name\":\"Neckar-Donau-Wegekreuz\",\"description\":\"Menschen, Orte, Zeiten treffen sich!\",\"publisher\":{\"@id\":\"https:\/\/neckar-donau-wegekreuz.de\/#organization\"},\"potentialAction\":[{\"@type\":\"SearchAction\",\"target\":{\"@type\":\"EntryPoint\",\"urlTemplate\":\"https:\/\/neckar-donau-wegekreuz.de\/?s={search_term_string}\"},\"query-input\":\"required name=search_term_string\"}],\"inLanguage\":\"de\"},{\"@type\":\"ImageObject\",\"@id\":\"http:\/\/neckar-donau-wegekreuz.de\/?page_id=1538#primaryimage\",\"inLanguage\":\"de\",\"url\":\"http:\/\/neckar-donau-wegekreuz.de\/wp-content\/uploads\/2020\/06\/Bb-01.png\",\"contentUrl\":\"http:\/\/neckar-donau-wegekreuz.de\/wp-content\/uploads\/2020\/06\/Bb-01.png\"},{\"@type\":\"WebPage\",\"@id\":\"http:\/\/neckar-donau-wegekreuz.de\/?page_id=1538#webpage\",\"url\":\"http:\/\/neckar-donau-wegekreuz.de\/?page_id=1538\",\"name\":\"Historische Bilder von Bad Niedernau - Neckar-Donau-Wegekreuz\",\"isPartOf\":{\"@id\":\"https:\/\/neckar-donau-wegekreuz.de\/#website\"},\"primaryImageOfPage\":{\"@id\":\"http:\/\/neckar-donau-wegekreuz.de\/?page_id=1538#primaryimage\"},\"datePublished\":\"2020-04-06T10:48:36+00:00\",\"dateModified\":\"2020-11-15T17:45:55+00:00\",\"breadcrumb\":{\"@id\":\"http:\/\/neckar-donau-wegekreuz.de\/?page_id=1538#breadcrumb\"},\"inLanguage\":\"de\",\"potentialAction\":[{\"@type\":\"ReadAction\",\"target\":[\"http:\/\/neckar-donau-wegekreuz.de\/?page_id=1538\"]}]},{\"@type\":\"BreadcrumbList\",\"@id\":\"http:\/\/neckar-donau-wegekreuz.de\/?page_id=1538#breadcrumb\",\"itemListElement\":[{\"@type\":\"ListItem\",\"position\":1,\"name\":\"Startseite\",\"item\":\"https:\/\/neckar-donau-wegekreuz.de\/\"},{\"@type\":\"ListItem\",\"position\":2,\"name\":\"Menschen, Orte, Zeiten treffen sich! \\ufeff\",\"item\":\"https:\/\/neckar-donau-wegekreuz.de\/\"},{\"@type\":\"ListItem\",\"position\":3,\"name\":\"Bad Niedernau\",\"item\":\"https:\/\/neckar-donau-wegekreuz.de\/?page_id=474\"},{\"@type\":\"ListItem\",\"position\":4,\"name\":\"Historische Bilder von Bad Niedernau\"}]}]}<\/script>\n<!-- \/ Yoast SEO plugin. -->","yoast_head_json":{"title":"Historische Bilder von Bad Niedernau - Neckar-Donau-Wegekreuz","robots":{"index":"index","follow":"follow","max-snippet":"max-snippet:-1","max-image-preview":"max-image-preview:large","max-video-preview":"max-video-preview:-1"},"canonical":"http:\/\/neckar-donau-wegekreuz.de\/?page_id=1538","og_locale":"de_DE","og_type":"article","og_title":"Historische Bilder von Bad Niedernau - Neckar-Donau-Wegekreuz","og_description":"Blick auf Bad Niedernau -Aquarell um 1820 &#8211; Foto: : Archiv Arme Schulschwestern Historische Aufnahme B. Niedernau 1864 -Er\u00f6ffnung der Bahnstrecke Rottenburg-Eyhach- Foto: Archiv Arme Schulschwestern Reproduktion Badhotel 1915 v. Apotheke Kirsch, Rottenburg. \u2013 Foto: Archiv Arme Schulschwestern Blick auf Bad Niedernau \u2013 Aquarell um 1820 \u2013 Foto: Archiv Arme Schulschwestern Historische gemalte Ansicht-Fritz Keller &hellip; Historische Bilder von Bad Niedernau Read More \u00bb","og_url":"http:\/\/neckar-donau-wegekreuz.de\/?page_id=1538","og_site_name":"Neckar-Donau-Wegekreuz","article_modified_time":"2020-11-15T17:45:55+00:00","og_image":[{"url":"http:\/\/neckar-donau-wegekreuz.de\/wp-content\/uploads\/2020\/06\/Bb-01.png"}],"twitter_card":"summary_large_image","twitter_misc":{"Gesch\u00e4tzte Lesezeit":"1\u00a0Minute"},"schema":{"@context":"https:\/\/schema.org","@graph":[{"@type":"Organization","@id":"https:\/\/neckar-donau-wegekreuz.de\/#organization","name":"Neckar-Donau-Wegekreuz","url":"https:\/\/neckar-donau-wegekreuz.de\/","sameAs":[],"logo":{"@type":"ImageObject","@id":"https:\/\/neckar-donau-wegekreuz.de\/#logo","inLanguage":"de","url":"http:\/\/neckar-donau-wegekreuz.de\/wp-content\/uploads\/2020\/05\/Logo_NeckarDonauWegeX-kl.png","contentUrl":"http:\/\/neckar-donau-wegekreuz.de\/wp-content\/uploads\/2020\/05\/Logo_NeckarDonauWegeX-kl.png","width":2500,"height":2221,"caption":"Neckar-Donau-Wegekreuz"},"image":{"@id":"https:\/\/neckar-donau-wegekreuz.de\/#logo"}},{"@type":"WebSite","@id":"https:\/\/neckar-donau-wegekreuz.de\/#website","url":"https:\/\/neckar-donau-wegekreuz.de\/","name":"Neckar-Donau-Wegekreuz","description":"Menschen, Orte, Zeiten treffen sich!","publisher":{"@id":"https:\/\/neckar-donau-wegekreuz.de\/#organization"},"potentialAction":[{"@type":"SearchAction","target":{"@type":"EntryPoint","urlTemplate":"https:\/\/neckar-donau-wegekreuz.de\/?s={search_term_string}"},"query-input":"required name=search_term_string"}],"inLanguage":"de"},{"@type":"ImageObject","@id":"http:\/\/neckar-donau-wegekreuz.de\/?page_id=1538#primaryimage","inLanguage":"de","url":"http:\/\/neckar-donau-wegekreuz.de\/wp-content\/uploads\/2020\/06\/Bb-01.png","contentUrl":"http:\/\/neckar-donau-wegekreuz.de\/wp-content\/uploads\/2020\/06\/Bb-01.png"},{"@type":"WebPage","@id":"http:\/\/neckar-donau-wegekreuz.de\/?page_id=1538#webpage","url":"http:\/\/neckar-donau-wegekreuz.de\/?page_id=1538","name":"Historische Bilder von Bad Niedernau - Neckar-Donau-Wegekreuz","isPartOf":{"@id":"https:\/\/neckar-donau-wegekreuz.de\/#website"},"primaryImageOfPage":{"@id":"http:\/\/neckar-donau-wegekreuz.de\/?page_id=1538#primaryimage"},"datePublished":"2020-04-06T10:48:36+00:00","dateModified":"2020-11-15T17:45:55+00:00","breadcrumb":{"@id":"http:\/\/neckar-donau-wegekreuz.de\/?page_id=1538#breadcrumb"},"inLanguage":"de","potentialAction":[{"@type":"ReadAction","target":["http:\/\/neckar-donau-wegekreuz.de\/?page_id=1538"]}]},{"@type":"BreadcrumbList","@id":"http:\/\/neckar-donau-wegekreuz.de\/?page_id=1538#breadcrumb","itemListElement":[{"@type":"ListItem","position":1,"name":"Startseite","item":"https:\/\/neckar-donau-wegekreuz.de\/"},{"@type":"ListItem","position":2,"name":"Menschen, Orte, Zeiten treffen sich! \ufeff","item":"https:\/\/neckar-donau-wegekreuz.de\/"},{"@type":"ListItem","position":3,"name":"Bad Niedernau","item":"https:\/\/neckar-donau-wegekreuz.de\/?page_id=474"},{"@type":"ListItem","position":4,"name":"Historische Bilder von Bad Niedernau"}]}]}},"_links":{"self":[{"href":"https:\/\/neckar-donau-wegekreuz.de\/index.php?rest_route=\/wp\/v2\/pages\/1538"}],"collection":[{"href":"https:\/\/neckar-donau-wegekreuz.de\/index.php?rest_route=\/wp\/v2\/pages"}],"about":[{"href":"https:\/\/neckar-donau-wegekreuz.de\/index.php?rest_route=\/wp\/v2\/types\/page"}],"author":[{"embeddable":true,"href":"https:\/\/neckar-donau-wegekreuz.de\/index.php?rest_route=\/wp\/v2\/users\/1"}],"replies":[{"embeddable":true,"href":"https:\/\/neckar-donau-wegekreuz.de\/index.php?rest_route=%2Fwp%2Fv2%2Fcomments&post=1538"}],"version-history":[{"count":16,"href":"https:\/\/neckar-donau-wegekreuz.de\/index.php?rest_route=\/wp\/v2\/pages\/1538\/revisions"}],"predecessor-version":[{"id":2463,"href":"https:\/\/neckar-donau-wegekreuz.de\/index.php?rest_route=\/wp\/v2\/pages\/1538\/revisions\/2463"}],"up":[{"embeddable":true,"href":"https:\/\/neckar-donau-wegekreuz.de\/index.php?rest_route=\/wp\/v2\/pages\/474"}],"wp:attachment":[{"href":"https:\/\/neckar-donau-wegekreuz.de\/index.php?rest_route=%2Fwp%2Fv2%2Fmedia&parent=1538"}],"curies":[{"name":"wp","href":"https:\/\/api.w.org\/{rel}","templated":true}]}}