{"id":190,"date":"2019-02-27T14:36:39","date_gmt":"2019-02-27T14:36:39","guid":{"rendered":"http:\/\/neckar-donau-wegekreuz.de\/?page_id=190"},"modified":"2020-05-15T07:18:57","modified_gmt":"2020-05-15T07:18:57","slug":"sein-vater-wurde-auf-der-heuwiese-ermordet","status":"publish","type":"page","link":"https:\/\/neckar-donau-wegekreuz.de\/?page_id=190","title":{"rendered":"Sein Vater wurde auf der Heuwiese ermordet! Ludwig Vogl"},"content":{"rendered":"\n<h2>Ludwig Vogl (geb. 1931)<\/h2>\n\n\n\n<div class=\"wp-block-image\"><figure class=\"aligncenter\"><img loading=\"lazy\" width=\"768\" height=\"1024\" src=\"http:\/\/neckar-donau-wegekreuz.de\/wp-content\/uploads\/2019\/06\/IMG_6884-768x1024.jpg\" alt=\"\" class=\"wp-image-756\"\/><figcaption>Ludwig Vogl 2019 auf der Wallfahrt in Bad Niedernau. Foto Lang<\/figcaption><\/figure><\/div>\n\n\n\n<p> Der Vater von Magister \u00adLudwig Vogl war der Apotheker in \u00adFilipowa, der 5000 Seelen-\u00adGemeinde im ehemaligen Jugoslawien. Ludwig junior war 13 Jahre alt, als 1944 nach Abzug der deutschen Wehrmacht die Tito-Partisanen alle M\u00e4nner von 16 bis 60 Jahren zusammentrieben und 212 von ihnen ausw\u00e4hlten, um sie zu erschie\u00dfen oder zu erschlagen. Er musste dies alles miterleben. An jenem 25. November 1944 sollte sein Vater gar nicht zuhause sein, er war zum Sanit\u00e4tsdienst nach Subotica einberufen \u2013 doch er und auch der Dorfarzt Dr. Franz Dickmann hatten Wochenendurlaub. Beide wurden ermordet. Ludwig Vogl, Apotheker wie sein Vater, kommt jedes Jahr zur Wallfahrt nach Bad Niedernau.<\/p>\n\n\n\n<p><\/p>\n\n\n\n<div class=\"wp-block-image\"><figure class=\"aligncenter size-large\"><img loading=\"lazy\" width=\"474\" height=\"728\" src=\"http:\/\/neckar-donau-wegekreuz.de\/wp-content\/uploads\/2020\/03\/Ludwig-Vogl.jpg\" alt=\"\" class=\"wp-image-1375\" srcset=\"https:\/\/neckar-donau-wegekreuz.de\/wp-content\/uploads\/2020\/03\/Ludwig-Vogl.jpg 474w, https:\/\/neckar-donau-wegekreuz.de\/wp-content\/uploads\/2020\/03\/Ludwig-Vogl-195x300.jpg 195w\" sizes=\"(max-width: 474px) 100vw, 474px\" \/><figcaption> Foto: Familienbesitz <\/figcaption><\/figure><\/div>\n\n\n\n<p><\/p>\n\n\n\n<p><\/p>\n\n\n\n<figure class=\"wp-block-image size-large\"><img src=\"http:\/\/neckar-donau-wegekreuz.de\/wp-content\/uploads\/2020\/03\/Fam.-Vogl-1938-1024x626.jpg\" alt=\"\" class=\"wp-image-1376\"\/><figcaption> Familie Vogl 1938, Foto: Familienbesitz <\/figcaption><\/figure>\n\n\n\n<p>Mittags um zw\u00f6lf war das Essen fertig und Ludwig schaute nach seinem Vater. Die meisten M\u00e4nner waren auf dem Hof vor der Kirche, einige hatten die Partisanen in die Kirche geschickt &#8211; sie wurden verschont. Die anderen standen noch im Hof. Der junge Ludwig h\u00f6rte heimlich zwei Partisanen zu, als sie sich unterhielten. &#8222;Stace biti sa ovima?&#8220; (was wird mit ihnen passieren?) &#8211; &#8222;Biti ce streljani&#8220; (sie werden erschossen). Was konnte er tun? Sein Leben lang schon stellt Ludwig Vogl sich diese Frage. Wie h\u00e4tte er als Bub da eingreifen k\u00f6nnen? Stunden sp\u00e4ter kam er wieder und sah, wie sie aus dem Dorf getrieben wurden. Er h\u00f6rte die Sch\u00fcsse. Wie er sp\u00e4ter erfuhr, wurde sein Vater und der Dorfarzt, die Dorfprominenten, als erste erschossen.<\/p>\n\n\n\n<figure class=\"wp-block-image size-large\"><img src=\"http:\/\/neckar-donau-wegekreuz.de\/wp-content\/uploads\/2020\/03\/Apotheke-Vogl-1941-1024x658.jpg\" alt=\"\" class=\"wp-image-1377\"\/><figcaption> Die Apotheke der Familie Vogl in Filipowa, 1930er Jahre. Foto: Familienbesitz <\/figcaption><\/figure>\n\n\n\n<p>Heute ist auf der Heuwiese, einem Gewann vor dem Ort Filipowa, das heute Backi Gracac hei\u00dft, ein Gedenkstein errichtet, ein Monument, das an die 212 Ermordeten erinnert. Ludwig Vogl war bei der Einweihung 2011 dabei. Die Namen der Ermordeten sind dort in Stein gemei\u00dfelt. Noch lange Jahre waren die Massengr\u00e4ber dort an den Erdverf\u00e4rbungen und dem schlechten Wuchs der Ackerfr\u00fcchte und des Grases erkennbar gewesen. Man hatte die Get\u00f6teten schnell in vorhandene Gruben einer aufgegebenen Flak-Stellung geworfen und vermutlich Chemikalien verwendet, die sp\u00e4ter vielleicht die Wuchshemmung verursachten. <\/p>\n\n\n\n<figure class=\"wp-block-image size-large\"><img loading=\"lazy\" width=\"1017\" height=\"683\" src=\"http:\/\/neckar-donau-wegekreuz.de\/wp-content\/uploads\/2020\/03\/1Ackerflur.jpg\" alt=\"\" class=\"wp-image-1378\" srcset=\"https:\/\/neckar-donau-wegekreuz.de\/wp-content\/uploads\/2020\/03\/1Ackerflur.jpg 1017w, https:\/\/neckar-donau-wegekreuz.de\/wp-content\/uploads\/2020\/03\/1Ackerflur-300x201.jpg 300w, https:\/\/neckar-donau-wegekreuz.de\/wp-content\/uploads\/2020\/03\/1Ackerflur-768x516.jpg 768w\" sizes=\"(max-width: 1017px) 100vw, 1017px\" \/><figcaption> 67 Jahre nach dem Massenmord: Die Pflugschar konnte die Spuren der Gr\u00e4ber nicht l\u00f6schen. Foto: Adam Kupferschmidt 2011 <\/figcaption><\/figure>\n\n\n\n<p>Bis in die 1990er-Jahre durfte man sich in der N\u00e4he des Ackers (alter Flurname \u201eHeuwiese\u201c), auf dem der Massenmord geschah, nicht aufhalten, um der Toten zu gedenken. Das Gel\u00e4nde der Massengr\u00e4ber wurde bis 2010 viele Jahrzehnte lang umgep\ufb02\u00fcgt und als landwirtschaftliche Nutz\ufb02\u00e4che bep\ufb02anzt. Die Massengr\u00e4ber blieben jedoch deutlich sichtbar, weil die Saat an dieser Stelle nicht gedeihen wollte. Seit etwa 2002 begann die Ann\u00e4herung zwischen den ehemaligen Bewohnern und der politischen Vertretung des Ortes. Im Jahr 2008 durfte auf dem ehemals deutschen Friedhof eine Gedenkst\u00e4tte f\u00fcr die hier bis 1945 bestatteten deutschen Bewohner errichtet werden. 2011 bekam die Arbeitsgemeinschaft der Filipowaer die Genehmigung, auf dem Feld der Massengr\u00e4ber eine Erinnerungsst\u00e4tte zu erstellen. Die Namen der Ermordeten durften in den Granitsockel des Denkmals eingraviert werden. <\/p>\n\n\n\n<div class=\"wp-block-image\"><figure class=\"aligncenter size-large\"><img loading=\"lazy\" width=\"886\" height=\"612\" src=\"http:\/\/neckar-donau-wegekreuz.de\/wp-content\/uploads\/2020\/03\/4Einweihung.jpg\" alt=\"\" class=\"wp-image-1379\" srcset=\"https:\/\/neckar-donau-wegekreuz.de\/wp-content\/uploads\/2020\/03\/4Einweihung.jpg 886w, https:\/\/neckar-donau-wegekreuz.de\/wp-content\/uploads\/2020\/03\/4Einweihung-300x207.jpg 300w, https:\/\/neckar-donau-wegekreuz.de\/wp-content\/uploads\/2020\/03\/4Einweihung-768x530.jpg 768w\" sizes=\"(max-width: 886px) 100vw, 886px\" \/><figcaption> 7.6. 2011 \u2013 Rund 550 bis 600 Angeh\u00f6rige und Trauerg\u00e4ste nahmen an der Einweihung der Gedenkst\u00e4tte teil. Foto:  Pagi <\/figcaption><\/figure><\/div>\n\n\n\n<p><strong><a href=\"http:\/\/neckar-donau-wegekreuz.de\/?page_id=204\">Mehr zur Geschichte der Deutschen aus Filipowa?<\/a><\/strong><\/p>\n\n\n\n<p>Die nahezu 350 Spenderinnen und Spender aus Deutschland, \u00d6sterreich, Kanada und den USA sind der Gemeinde Backi Gracac sehr dankbar, dass sie dieses Denkmal erm\u00f6glicht hat. Dies war ein starkes Startsignal f\u00fcr die Aufarbeitung und Dokumentation des Schicksals der Deutschen im Ort  Filipowa auf dortigem Boden. Seitdem gedeihen die Beziehungen zwischen ehemaligen und heutigen Bewohnern mehr und mehr. <\/p>\n\n\n\n<div class=\"wp-block-image\"><figure class=\"aligncenter size-large\"><img loading=\"lazy\" width=\"907\" height=\"617\" src=\"http:\/\/neckar-donau-wegekreuz.de\/wp-content\/uploads\/2020\/03\/5Einweihung.jpg\" alt=\"\" class=\"wp-image-1380\" srcset=\"https:\/\/neckar-donau-wegekreuz.de\/wp-content\/uploads\/2020\/03\/5Einweihung.jpg 907w, https:\/\/neckar-donau-wegekreuz.de\/wp-content\/uploads\/2020\/03\/5Einweihung-300x204.jpg 300w, https:\/\/neckar-donau-wegekreuz.de\/wp-content\/uploads\/2020\/03\/5Einweihung-768x522.jpg 768w\" sizes=\"(max-width: 907px) 100vw, 907px\" \/><figcaption> 17.6. 2011 \u2013 Ehreng\u00e4ste bei der Einweihung \u2013 nebst Geistlichkeit waren   auch der deutsche und ungarische Botschafter aus Belgrad sowie der   Ministerpr\u00e4sident der Woiwodina aus Novi Sad anwesend.  Foto: Pagi  <\/figcaption><\/figure><\/div>\n\n\n\n<div class=\"wp-block-image\"><figure class=\"aligncenter size-large\"><img loading=\"lazy\" width=\"639\" height=\"923\" src=\"http:\/\/neckar-donau-wegekreuz.de\/wp-content\/uploads\/2020\/03\/6Einweihung.jpg\" alt=\"\" class=\"wp-image-1381\" srcset=\"https:\/\/neckar-donau-wegekreuz.de\/wp-content\/uploads\/2020\/03\/6Einweihung.jpg 639w, https:\/\/neckar-donau-wegekreuz.de\/wp-content\/uploads\/2020\/03\/6Einweihung-208x300.jpg 208w\" sizes=\"(max-width: 639px) 100vw, 639px\" \/><figcaption> 17.6.2011 \u2013 Erzbischof Zollitsch beim Weiheakt der Gedenkst\u00e4tte Heuwiese. Foto: Pagi  <\/figcaption><\/figure><\/div>\n\n\n\n<p><strong><a href=\"http:\/\/neckar-donau-wegekreuz.de\/?page_id=444\">-&gt; Mehr zum Massaker auf der Heuwiese?<\/a><\/strong><\/p>\n\n\n\n<p><strong><a href=\"http:\/\/neckar-donau-wegekreuz.de\/?page_id=204\">-&gt; \u00dcber die Vertreibung der Filipowaer<\/a><\/strong><\/p>\n\n\n\n<p><strong><a href=\"http:\/\/neckar-donau-wegekreuz.de\/?page_id=42\">-&gt; Zum Lager Gakowa<\/a><\/strong><\/p>\n","protected":false},"excerpt":{"rendered":"<p>Ludwig Vogl (geb. 1931) Der Vater von Magister \u00adLudwig Vogl war der Apotheker in \u00adFilipowa, der 5000 Seelen-\u00adGemeinde im ehemaligen Jugoslawien. Ludwig junior war 13 Jahre alt, als 1944 nach Abzug der deutschen Wehrmacht die Tito-Partisanen alle M\u00e4nner von 16 bis 60 Jahren zusammentrieben und 212 von ihnen ausw\u00e4hlten, um sie zu erschie\u00dfen oder zu &hellip;<\/p>\n<p class=\"read-more\"> <a class=\"\" href=\"https:\/\/neckar-donau-wegekreuz.de\/?page_id=190\"> <span class=\"screen-reader-text\">Sein Vater wurde auf der Heuwiese ermordet! Ludwig Vogl<\/span> Read More \u00bb<\/a><\/p>\n","protected":false},"author":1,"featured_media":0,"parent":11,"menu_order":0,"comment_status":"closed","ping_status":"closed","template":"","meta":[],"yoast_head":"<!-- This site is optimized with the Yoast SEO plugin v17.1 - https:\/\/yoast.com\/wordpress\/plugins\/seo\/ -->\n<title>Sein Vater wurde auf der Heuwiese ermordet! Ludwig Vogl - Neckar-Donau-Wegekreuz<\/title>\n<meta name=\"robots\" content=\"index, follow, max-snippet:-1, max-image-preview:large, max-video-preview:-1\" \/>\n<link rel=\"canonical\" href=\"https:\/\/neckar-donau-wegekreuz.de\/?page_id=190\" \/>\n<meta property=\"og:locale\" content=\"de_DE\" \/>\n<meta property=\"og:type\" content=\"article\" \/>\n<meta property=\"og:title\" content=\"Sein Vater wurde auf der Heuwiese ermordet! Ludwig Vogl - Neckar-Donau-Wegekreuz\" \/>\n<meta property=\"og:description\" content=\"Ludwig Vogl (geb. 1931) Der Vater von Magister \u00adLudwig Vogl war der Apotheker in \u00adFilipowa, der 5000 Seelen-\u00adGemeinde im ehemaligen Jugoslawien. Ludwig junior war 13 Jahre alt, als 1944 nach Abzug der deutschen Wehrmacht die Tito-Partisanen alle M\u00e4nner von 16 bis 60 Jahren zusammentrieben und 212 von ihnen ausw\u00e4hlten, um sie zu erschie\u00dfen oder zu &hellip; Sein Vater wurde auf der Heuwiese ermordet! Ludwig Vogl Read More \u00bb\" \/>\n<meta property=\"og:url\" content=\"https:\/\/neckar-donau-wegekreuz.de\/?page_id=190\" \/>\n<meta property=\"og:site_name\" content=\"Neckar-Donau-Wegekreuz\" \/>\n<meta property=\"article:modified_time\" content=\"2020-05-15T07:18:57+00:00\" \/>\n<meta property=\"og:image\" content=\"http:\/\/neckar-donau-wegekreuz.de\/wp-content\/uploads\/2019\/06\/IMG_6884-768x1024.jpg\" \/>\n<meta name=\"twitter:card\" content=\"summary_large_image\" \/>\n<meta name=\"twitter:label1\" content=\"Gesch\u00e4tzte Lesezeit\" \/>\n\t<meta name=\"twitter:data1\" content=\"3\u00a0Minuten\" \/>\n<script type=\"application\/ld+json\" class=\"yoast-schema-graph\">{\"@context\":\"https:\/\/schema.org\",\"@graph\":[{\"@type\":\"Organization\",\"@id\":\"https:\/\/neckar-donau-wegekreuz.de\/#organization\",\"name\":\"Neckar-Donau-Wegekreuz\",\"url\":\"https:\/\/neckar-donau-wegekreuz.de\/\",\"sameAs\":[],\"logo\":{\"@type\":\"ImageObject\",\"@id\":\"https:\/\/neckar-donau-wegekreuz.de\/#logo\",\"inLanguage\":\"de\",\"url\":\"http:\/\/neckar-donau-wegekreuz.de\/wp-content\/uploads\/2020\/05\/Logo_NeckarDonauWegeX-kl.png\",\"contentUrl\":\"http:\/\/neckar-donau-wegekreuz.de\/wp-content\/uploads\/2020\/05\/Logo_NeckarDonauWegeX-kl.png\",\"width\":2500,\"height\":2221,\"caption\":\"Neckar-Donau-Wegekreuz\"},\"image\":{\"@id\":\"https:\/\/neckar-donau-wegekreuz.de\/#logo\"}},{\"@type\":\"WebSite\",\"@id\":\"https:\/\/neckar-donau-wegekreuz.de\/#website\",\"url\":\"https:\/\/neckar-donau-wegekreuz.de\/\",\"name\":\"Neckar-Donau-Wegekreuz\",\"description\":\"Menschen, Orte, Zeiten treffen sich!\",\"publisher\":{\"@id\":\"https:\/\/neckar-donau-wegekreuz.de\/#organization\"},\"potentialAction\":[{\"@type\":\"SearchAction\",\"target\":{\"@type\":\"EntryPoint\",\"urlTemplate\":\"https:\/\/neckar-donau-wegekreuz.de\/?s={search_term_string}\"},\"query-input\":\"required name=search_term_string\"}],\"inLanguage\":\"de\"},{\"@type\":\"ImageObject\",\"@id\":\"https:\/\/neckar-donau-wegekreuz.de\/?page_id=190#primaryimage\",\"inLanguage\":\"de\",\"url\":\"http:\/\/neckar-donau-wegekreuz.de\/wp-content\/uploads\/2019\/06\/IMG_6884-768x1024.jpg\",\"contentUrl\":\"http:\/\/neckar-donau-wegekreuz.de\/wp-content\/uploads\/2019\/06\/IMG_6884-768x1024.jpg\"},{\"@type\":\"WebPage\",\"@id\":\"https:\/\/neckar-donau-wegekreuz.de\/?page_id=190#webpage\",\"url\":\"https:\/\/neckar-donau-wegekreuz.de\/?page_id=190\",\"name\":\"Sein Vater wurde auf der Heuwiese ermordet! Ludwig Vogl - Neckar-Donau-Wegekreuz\",\"isPartOf\":{\"@id\":\"https:\/\/neckar-donau-wegekreuz.de\/#website\"},\"primaryImageOfPage\":{\"@id\":\"https:\/\/neckar-donau-wegekreuz.de\/?page_id=190#primaryimage\"},\"datePublished\":\"2019-02-27T14:36:39+00:00\",\"dateModified\":\"2020-05-15T07:18:57+00:00\",\"breadcrumb\":{\"@id\":\"https:\/\/neckar-donau-wegekreuz.de\/?page_id=190#breadcrumb\"},\"inLanguage\":\"de\",\"potentialAction\":[{\"@type\":\"ReadAction\",\"target\":[\"https:\/\/neckar-donau-wegekreuz.de\/?page_id=190\"]}]},{\"@type\":\"BreadcrumbList\",\"@id\":\"https:\/\/neckar-donau-wegekreuz.de\/?page_id=190#breadcrumb\",\"itemListElement\":[{\"@type\":\"ListItem\",\"position\":1,\"name\":\"Startseite\",\"item\":\"https:\/\/neckar-donau-wegekreuz.de\/\"},{\"@type\":\"ListItem\",\"position\":2,\"name\":\"Menschen, Orte, Zeiten treffen sich! \\ufeff\",\"item\":\"https:\/\/neckar-donau-wegekreuz.de\/\"},{\"@type\":\"ListItem\",\"position\":3,\"name\":\"Die Installation &#8222;Wegekreuz&#8220;\",\"item\":\"http:\/\/neckar-donau-wegekreuz.de\/?page_id=11\"},{\"@type\":\"ListItem\",\"position\":4,\"name\":\"Sein Vater wurde auf der Heuwiese ermordet! Ludwig Vogl\"}]}]}<\/script>\n<!-- \/ Yoast SEO plugin. -->","yoast_head_json":{"title":"Sein Vater wurde auf der Heuwiese ermordet! Ludwig Vogl - Neckar-Donau-Wegekreuz","robots":{"index":"index","follow":"follow","max-snippet":"max-snippet:-1","max-image-preview":"max-image-preview:large","max-video-preview":"max-video-preview:-1"},"canonical":"https:\/\/neckar-donau-wegekreuz.de\/?page_id=190","og_locale":"de_DE","og_type":"article","og_title":"Sein Vater wurde auf der Heuwiese ermordet! Ludwig Vogl - Neckar-Donau-Wegekreuz","og_description":"Ludwig Vogl (geb. 1931) Der Vater von Magister \u00adLudwig Vogl war der Apotheker in \u00adFilipowa, der 5000 Seelen-\u00adGemeinde im ehemaligen Jugoslawien. Ludwig junior war 13 Jahre alt, als 1944 nach Abzug der deutschen Wehrmacht die Tito-Partisanen alle M\u00e4nner von 16 bis 60 Jahren zusammentrieben und 212 von ihnen ausw\u00e4hlten, um sie zu erschie\u00dfen oder zu &hellip; Sein Vater wurde auf der Heuwiese ermordet! Ludwig Vogl Read More \u00bb","og_url":"https:\/\/neckar-donau-wegekreuz.de\/?page_id=190","og_site_name":"Neckar-Donau-Wegekreuz","article_modified_time":"2020-05-15T07:18:57+00:00","og_image":[{"url":"http:\/\/neckar-donau-wegekreuz.de\/wp-content\/uploads\/2019\/06\/IMG_6884-768x1024.jpg"}],"twitter_card":"summary_large_image","twitter_misc":{"Gesch\u00e4tzte Lesezeit":"3\u00a0Minuten"},"schema":{"@context":"https:\/\/schema.org","@graph":[{"@type":"Organization","@id":"https:\/\/neckar-donau-wegekreuz.de\/#organization","name":"Neckar-Donau-Wegekreuz","url":"https:\/\/neckar-donau-wegekreuz.de\/","sameAs":[],"logo":{"@type":"ImageObject","@id":"https:\/\/neckar-donau-wegekreuz.de\/#logo","inLanguage":"de","url":"http:\/\/neckar-donau-wegekreuz.de\/wp-content\/uploads\/2020\/05\/Logo_NeckarDonauWegeX-kl.png","contentUrl":"http:\/\/neckar-donau-wegekreuz.de\/wp-content\/uploads\/2020\/05\/Logo_NeckarDonauWegeX-kl.png","width":2500,"height":2221,"caption":"Neckar-Donau-Wegekreuz"},"image":{"@id":"https:\/\/neckar-donau-wegekreuz.de\/#logo"}},{"@type":"WebSite","@id":"https:\/\/neckar-donau-wegekreuz.de\/#website","url":"https:\/\/neckar-donau-wegekreuz.de\/","name":"Neckar-Donau-Wegekreuz","description":"Menschen, Orte, Zeiten treffen sich!","publisher":{"@id":"https:\/\/neckar-donau-wegekreuz.de\/#organization"},"potentialAction":[{"@type":"SearchAction","target":{"@type":"EntryPoint","urlTemplate":"https:\/\/neckar-donau-wegekreuz.de\/?s={search_term_string}"},"query-input":"required name=search_term_string"}],"inLanguage":"de"},{"@type":"ImageObject","@id":"https:\/\/neckar-donau-wegekreuz.de\/?page_id=190#primaryimage","inLanguage":"de","url":"http:\/\/neckar-donau-wegekreuz.de\/wp-content\/uploads\/2019\/06\/IMG_6884-768x1024.jpg","contentUrl":"http:\/\/neckar-donau-wegekreuz.de\/wp-content\/uploads\/2019\/06\/IMG_6884-768x1024.jpg"},{"@type":"WebPage","@id":"https:\/\/neckar-donau-wegekreuz.de\/?page_id=190#webpage","url":"https:\/\/neckar-donau-wegekreuz.de\/?page_id=190","name":"Sein Vater wurde auf der Heuwiese ermordet! Ludwig Vogl - Neckar-Donau-Wegekreuz","isPartOf":{"@id":"https:\/\/neckar-donau-wegekreuz.de\/#website"},"primaryImageOfPage":{"@id":"https:\/\/neckar-donau-wegekreuz.de\/?page_id=190#primaryimage"},"datePublished":"2019-02-27T14:36:39+00:00","dateModified":"2020-05-15T07:18:57+00:00","breadcrumb":{"@id":"https:\/\/neckar-donau-wegekreuz.de\/?page_id=190#breadcrumb"},"inLanguage":"de","potentialAction":[{"@type":"ReadAction","target":["https:\/\/neckar-donau-wegekreuz.de\/?page_id=190"]}]},{"@type":"BreadcrumbList","@id":"https:\/\/neckar-donau-wegekreuz.de\/?page_id=190#breadcrumb","itemListElement":[{"@type":"ListItem","position":1,"name":"Startseite","item":"https:\/\/neckar-donau-wegekreuz.de\/"},{"@type":"ListItem","position":2,"name":"Menschen, Orte, Zeiten treffen sich! \ufeff","item":"https:\/\/neckar-donau-wegekreuz.de\/"},{"@type":"ListItem","position":3,"name":"Die Installation &#8222;Wegekreuz&#8220;","item":"http:\/\/neckar-donau-wegekreuz.de\/?page_id=11"},{"@type":"ListItem","position":4,"name":"Sein Vater wurde auf der Heuwiese ermordet! Ludwig Vogl"}]}]}},"_links":{"self":[{"href":"https:\/\/neckar-donau-wegekreuz.de\/index.php?rest_route=\/wp\/v2\/pages\/190"}],"collection":[{"href":"https:\/\/neckar-donau-wegekreuz.de\/index.php?rest_route=\/wp\/v2\/pages"}],"about":[{"href":"https:\/\/neckar-donau-wegekreuz.de\/index.php?rest_route=\/wp\/v2\/types\/page"}],"author":[{"embeddable":true,"href":"https:\/\/neckar-donau-wegekreuz.de\/index.php?rest_route=\/wp\/v2\/users\/1"}],"replies":[{"embeddable":true,"href":"https:\/\/neckar-donau-wegekreuz.de\/index.php?rest_route=%2Fwp%2Fv2%2Fcomments&post=190"}],"version-history":[{"count":18,"href":"https:\/\/neckar-donau-wegekreuz.de\/index.php?rest_route=\/wp\/v2\/pages\/190\/revisions"}],"predecessor-version":[{"id":1772,"href":"https:\/\/neckar-donau-wegekreuz.de\/index.php?rest_route=\/wp\/v2\/pages\/190\/revisions\/1772"}],"up":[{"embeddable":true,"href":"https:\/\/neckar-donau-wegekreuz.de\/index.php?rest_route=\/wp\/v2\/pages\/11"}],"wp:attachment":[{"href":"https:\/\/neckar-donau-wegekreuz.de\/index.php?rest_route=%2Fwp%2Fv2%2Fmedia&parent=190"}],"curies":[{"name":"wp","href":"https:\/\/api.w.org\/{rel}","templated":true}]}}