{"id":2109,"date":"2020-07-08T16:19:45","date_gmt":"2020-07-08T16:19:45","guid":{"rendered":"http:\/\/neckar-donau-wegekreuz.de\/?page_id=2109"},"modified":"2021-10-07T14:12:51","modified_gmt":"2021-10-07T14:12:51","slug":"die-gedenkstaette-heuwiese-eingeweiht-im-jahr-2011","status":"publish","type":"page","link":"https:\/\/neckar-donau-wegekreuz.de\/?page_id=2109","title":{"rendered":"Die Gedenkst\u00e4tte Heuwiese. Eingeweiht im Jahr 2011"},"content":{"rendered":"<p><\/p>\n\n\n\n<p>\u00a0<\/p>\n<figure><img src=\"http:\/\/neckar-donau-wegekreuz.de\/wp-content\/uploads\/2020\/07\/Fb-01a.png\" alt=\"Die angereiste Gedenkgemeinde versammelt sich im Schatten der B\u00e4ume und um das Kreuz. Es sind ca. 600 Personen angereist. Foto: Kupferschmidt\" \/>\n<figcaption>Die angereiste Gedenkgemeinde versammelt sich im Schatten der B\u00e4ume und um das Kreuz. Es sind ca. 600 Personen angereist. Foto: Kupferschmidt<\/figcaption>\n<\/figure>\n<p>\u00a0<\/p>\n<figure><img src=\"http:\/\/neckar-donau-wegekreuz.de\/wp-content\/uploads\/2020\/07\/Fb-02-.png\" alt=\"Die Massengr\u00e4ber waren jahrzehntelang sichtbar, die Saat wollte hier nicht gedeihen. Foto: Archiv Freundeskreis Filipowa\" \/>\n<p>\u00a0<\/p>\n<figcaption>Die Massengr\u00e4ber waren jahrzehntelang sichtbar, die Saat wollte hier nicht gedeihen. Foto: Archiv Freundeskreis Filipowa<\/figcaption>\n<\/figure>\n<figure><img src=\"http:\/\/neckar-donau-wegekreuz.de\/wp-content\/uploads\/2020\/07\/Fb-03-.png\" alt=\"Der Vorsitzende der Arbeitsgemeinschaft Filipowa, Adam Kupferschmidt, begr\u00fc\u00dft die Teilnehmer, .Foto: Archiv Freundeskreis Filipowa\" \/>\n<p>\u00a0<\/p>\n<figcaption>Der Vorsitzende der Arbeitsgemeinschaft Filipowa, Adam Kupferschmidt, begr\u00fc\u00dft die Teilnehmer, .Foto: Archiv Freundeskreis Filipowa<\/figcaption>\n<\/figure>\n<figure><img src=\"http:\/\/neckar-donau-wegekreuz.de\/wp-content\/uploads\/2020\/07\/Fb-04-.jpg\" alt=\"Erzbischof Dr. Robert Zollitsch aus Freiburg, bei der Er\u00f6ffnung der Weihefeier. Foto: Archiv Freundeskreis Filipowa\" \/>\n<p>\u00a0<\/p>\n<figcaption>Erzbischof Dr. Robert Zollitsch aus Freiburg, bei der Er\u00f6ffnung der Weihefeier. Foto: Archiv Freundeskreis Filipowa<\/figcaption>\n<\/figure>\n<figure><img src=\"http:\/\/neckar-donau-wegekreuz.de\/wp-content\/uploads\/2020\/07\/Fb-05-.png\" alt=\"Pr\u00e4lat Josef Eichinger aus St. P\u00f6lten bei der Gedenkrede. Foto: Archiv Freundeskreis Filipowa\" \/>\n<p>\u00a0<\/p>\n<figcaption>Pr\u00e4lat Josef Eichinger aus St. P\u00f6lten bei der Gedenkrede. Foto: Archiv Freundeskreis Filipowa<\/figcaption>\n<\/figure>\n<figure><img src=\"http:\/\/neckar-donau-wegekreuz.de\/wp-content\/uploads\/2020\/07\/Fb-06-.png\" alt=\"Parlamentspr\u00e4sident Sandor Egeresi \u2013 Novi Sad. Im  Gru\u00dfwort sagte er  deutlich: \u201eWir bitten um Vergebung\u201c. Foto: Archiv Freundeskreis Filipowa\" \/>\n<p>\u00a0<\/p>\n<figcaption>Parlamentspr\u00e4sident Sandor Egeresi \u2013 Novi Sad. Im Gru\u00dfwort sagte er deutlich: \u201eWir bitten um Vergebung\u201c. Foto: Archiv Freundeskreis Filipowa<\/figcaption>\n<\/figure>\n<figure><img src=\"http:\/\/neckar-donau-wegekreuz.de\/wp-content\/uploads\/2020\/07\/Fb-07-.png\" alt=\"Die Weihe der Gedenkst\u00e4tte auf der Heuwiese erreichte eine unerwartet hohe \u00d6ffentlichkeit, wenn man die Ehreng\u00e4ste ins Auge fast, die zugesagt hatten. Nebst der Geistlichkeit waren auch der deutsche Botschafter, Wolfram Maas, und der ungarische Botschafter erschienen. Foto: Freundeskreis Filipowa\" \/>\n<p>\u00a0<\/p>\n<figcaption>Die Weihe der Gedenkst\u00e4tte auf der Heuwiese erreichte eine unerwartet hohe \u00d6ffentlichkeit, wenn man die Ehreng\u00e4ste ins Auge fast, die zugesagt hatten. Nebst der Geistlichkeit waren auch der deutsche Botschafter, Wolfram Maas, und der ungarische Botschafter erschienen. Foto: Freundeskreis Filipowa<\/figcaption>\n<\/figure>\n<figure><img src=\"http:\/\/neckar-donau-wegekreuz.de\/wp-content\/uploads\/2020\/07\/Fb-08-.png\" alt=\"Erzbischof Zollitsch beim Weihegebet. Foto: Archiv Freundeskreis Filipowa\" \/>\n<p>\u00a0<\/p>\n<figcaption>Erzbischof Zollitsch beim Weihegebet. Foto: Archiv Freundeskreis Filipowa<\/figcaption>\n<\/figure>\n<figure><img src=\"http:\/\/neckar-donau-wegekreuz.de\/wp-content\/uploads\/2020\/07\/Fb-8a.png\" alt=\"Erzbischof Zollitsch bei der Weihehandlung des Denkmals\" \/>\n<p>\u00a0<\/p>\n<figcaption>Erzbischof Zollitsch bei der Weihehandlung des Denkmals<\/figcaption>\n<\/figure>\n<figure><img src=\"http:\/\/neckar-donau-wegekreuz.de\/wp-content\/uploads\/2020\/07\/Fb-9-.png\" alt=\"Enth\u00fcllung des Sockels des Kreuzes mit den Namen der Opfer durch Agnes Kupferschmidt, Backnang, und Stefan Eichinger, Wien. Foto: Archiv Freundeskreis Filipowa\" \/>\n<p>\u00a0<\/p>\n<figcaption>Enth\u00fcllung des Sockels des Kreuzes mit den Namen der Opfer durch Agnes Kupferschmidt, Backnang, und Stefan Eichinger, Wien. Foto: Archiv Freundeskreis Filipowa<\/figcaption>\n<\/figure>\n<figure><img src=\"http:\/\/neckar-donau-wegekreuz.de\/wp-content\/uploads\/2020\/07\/Fb-10-.png\" alt=\"Kr\u00e4nze aus den Hauptsiedlungsgebieten. Foto: Archiv Freundeskreis Filipowa\" \/>\n<p>\u00a0<\/p>\n<figcaption>Kr\u00e4nze aus den Hauptsiedlungsgebieten. Foto: Archiv Freundeskreis Filipowa<\/figcaption>\n<\/figure>\n<figure><img src=\"http:\/\/neckar-donau-wegekreuz.de\/wp-content\/uploads\/2020\/07\/Fb-11.png\" alt=\"Prozession zu den 3 Massengr\u00e4bern zur Einsegnung. Foto: Archiv Freundeskreis Filipowa\" \/>\n<p>\u00a0<\/p>\n<figcaption>Prozession zu den 3 Massengr\u00e4bern zur Einsegnung. Foto: Archiv Freundeskreis Filipowa<\/figcaption>\n<\/figure>\n<figure><img src=\"http:\/\/neckar-donau-wegekreuz.de\/wp-content\/uploads\/2020\/07\/Fb-12.png\" alt=\"Die Prozession erreicht das gr\u00f6\u00dfte Massengrab in dem laut sp\u00e4teren Berichten von am Massaker unbeteiligten Partisanen ca. 180 Tote ruhen. Auf die zwei kleineren Gr\u00e4ber verteilt sich der Rest der Opfer welche nach dem Zusch\u00fctten des gro\u00dfen Grabes ermordet wurden.\" \/>\n<p>\u00a0<\/p>\n<figcaption>Die Prozession erreicht das gr\u00f6\u00dfte Massengrab in dem laut sp\u00e4teren Berichten von am Massaker unbeteiligten Partisanen ca. 180 Tote ruhen. Auf die zwei kleineren Gr\u00e4ber verteilt sich der Rest der Opfer welche nach dem Zusch\u00fctten des gro\u00dfen Grabes ermordet wurden.<\/figcaption>\n<\/figure>\n<figure><img src=\"http:\/\/neckar-donau-wegekreuz.de\/wp-content\/uploads\/2020\/07\/Fb-13-.png\" alt=\"Auf den Grabh\u00fcgeln - eine Kerze mit den Namen der Verstorbenen. Foto: Archiv Freundeskreis Filipowa\" \/>\n<p>\u00a0<\/p>\n<figcaption>Auf den Grabh\u00fcgeln &#8211; eine Kerze mit den Namen der Verstorbenen. Foto: Archiv Freundeskreis Filipowa<\/figcaption>\n<\/figure>\n<figure><img src=\"http:\/\/neckar-donau-wegekreuz.de\/wp-content\/uploads\/2020\/07\/Fb-14-.png\" alt=\"Das Denkmal am Tag der Einweihung. Foto: Archiv Freundeskreis Filipowa\" \/>\n<p>\u00a0<\/p>\n<figcaption>Das Denkmal am Tag der Einweihung. Foto: Archiv Freundeskreis Filipowa<\/figcaption>\n<\/figure>\n<figure><img src=\"http:\/\/neckar-donau-wegekreuz.de\/wp-content\/uploads\/2020\/07\/Fb-15-.png\" alt=\"Das Denkmal am Tag der Einweihung. Foto: Archiv Freundeskreis Filipowa\" \/>\n<p>\u00a0<\/p>\n<figcaption>Das Denkmal am Tag der Einweihung. Foto: Archiv Freundeskreis Filipowa<\/figcaption>\n<\/figure>\n<figure><img src=\"http:\/\/neckar-donau-wegekreuz.de\/wp-content\/uploads\/2020\/07\/Fb-15.png\" alt=\"Sockel mit den 212 Namen der Opfer. Foto: Archiv Freundeskreis Filipowa\" \/>\n<p>\u00a0<\/p>\n<figcaption>Sockel mit den 212 Namen der Opfer. Foto: Archiv Freundeskreis Filipowa<\/figcaption>\n<\/figure>\n<figure><img src=\"http:\/\/neckar-donau-wegekreuz.de\/wp-content\/uploads\/2020\/07\/Fb-16-.png\" alt=\"Friedenswillen \u00fcber den Gr\u00e4bern: die Geistlichen aus Serbien, Kroatien \u00d6sterreich und Deutschland. Foto: Archiv Freundeskreis Filipowa\" \/>\n<p>\u00a0<\/p>\n<figcaption>Friedenswillen \u00fcber den Gr\u00e4bern: die Geistlichen aus Serbien, Kroatien \u00d6sterreich und Deutschland. Foto: Archiv Freundeskreis Filipowa<\/figcaption>\n<\/figure>\n<figure><img src=\"http:\/\/neckar-donau-wegekreuz.de\/wp-content\/uploads\/2020\/07\/Fb-17-.png\" alt=\"550 Teilnehmer beim Mittagessen im B\u00fcrgerhaus von Backi Gracac. Foto: Archiv Freundeskreis Filipowa\" \/>\n<p>\u00a0<\/p>\n<figcaption>550 Teilnehmer beim Mittagessen im B\u00fcrgerhaus von Backi Gracac. Foto: Archiv Freundeskreis Filipowa<\/figcaption>\n<\/figure>\n<figure><img src=\"http:\/\/neckar-donau-wegekreuz.de\/wp-content\/uploads\/2020\/07\/Fb-18-.png\" alt=\"Requiem. Acht Bisch\u00f6fe: Stanislav Hocevar, Erzbischof von Belgrad; Janos Penzes, Bischof von Subotica; Laszlo Nemeth, Bischof v. Zrenjanin; Orlando Antonini, Erzbischof, Nuntius des Vatikans in Serbien; Djuro Gasparovic, Bischof von Srem;  Irinej Bulovic. der Orthodoxe Bischof von Novi Sad; Djura Dzudzar, griechisch-katholische (unierte) Bischof von Serbien; sowie Erzbischof Robert Zollitsch und weitere Priester am Altar der Pfarrkirche St. Michael von Hodschag. Foto: Archiv Freundeskreis Filipowa\" \/>\n<p>\u00a0<\/p>\n<figcaption>Requiem. Acht Bisch\u00f6fe: Stanislav Hocevar, Erzbischof von Belgrad; Janos Penzes, Bischof von Subotica; Laszlo Nemeth, Bischof v. Zrenjanin; Orlando Antonini, Erzbischof, Nuntius des Vatikans in Serbien; Djuro Gasparovic, Bischof von Srem; Irinej Bulovic. der Orthodoxe Bischof von Novi Sad; Djura Dzudzar, griechisch-katholische (unierte) Bischof von Serbien; sowie Erzbischof Robert Zollitsch und weitere Priester am Altar der Pfarrkirche St. Michael von Hodschag. Foto: Archiv Freundeskreis Filipowa<\/figcaption>\n<\/figure>\n<figure><img src=\"http:\/\/neckar-donau-wegekreuz.de\/wp-content\/uploads\/2020\/07\/Fb-19-.png\" alt=\"Requiem. Ein besonderes Ereignis in der ehemals donauschw\u00e4bischen Gemeinde Hodschag, seit Jahrzehnten waren nicht mehr so viele Gl\u00e4ubige in dieser Kirche. Foto: Archiv Freundeskreis Filipowa\" \/>\n<p>\u00a0<\/p>\n<figcaption>Requiem. Ein besonderes Ereignis in der ehemals donauschw\u00e4bischen Gemeinde Hodschag, seit Jahrzehnten waren nicht mehr so viele Gl\u00e4ubige in dieser Kirche. Foto: Archiv Freundeskreis Filipowa<\/figcaption>\n<\/figure>\n<figure><img src=\"http:\/\/neckar-donau-wegekreuz.de\/wp-content\/uploads\/2020\/07\/FB-20.png\" alt=\"\u00dcbergabe eines ausgemusterten aber funktionsf\u00e4higen Feuerwehrfahrzeuges mit kompletter L\u00f6schausr\u00fcstung als Gastgeschenk an die heutigen Bewohner des einstigen Filipowa.\" \/>\n<p>\u00a0<\/p>\n<figcaption>\u00dcbergabe eines ausgemusterten aber funktionsf\u00e4higen Feuerwehrfahrzeuges mit kompletter L\u00f6schausr\u00fcstung als Gastgeschenk an die heutigen Bewohner des einstigen Filipowa.<\/figcaption>\n<\/figure>\n<figure><img src=\"http:\/\/neckar-donau-wegekreuz.de\/wp-content\/uploads\/2020\/07\/Fb-21.png\" alt=\"Das Gastgeschenk wurde vom Chiemgauer Feuerwehrverband  gespendet. Hans Lauber, zweiter von rechts aus (Hodschag) Traunreut, hat die Hilfsbereitschaftsaktion organisiert. Es waren 18 Feuerwehrm\u00e4nner zur Einweihung und \u00dcbergabe aus dem Chiemgau angereist.\" \/>\n<p>\u00a0<\/p>\n<figcaption>Das Gastgeschenk wurde vom Chiemgauer Feuerwehrverband gespendet. Hans Lauber, zweiter von rechts aus (Hodschag) Traunreut, hat die Hilfsbereitschaftsaktion organisiert. Es waren 18 Feuerwehrm\u00e4nner zur Einweihung und \u00dcbergabe aus dem Chiemgau angereist.<\/figcaption>\n<\/figure>\n<figure><img src=\"http:\/\/neckar-donau-wegekreuz.de\/wp-content\/uploads\/2020\/07\/Fb-22-.png\" alt=\"Die Gedenkst\u00e4tte Heuwiese -2018 - Gesamtansicht. Foto: Archiv Freundeskreis  Filipowa\" \/>\n<p>\u00a0<\/p>\n<figcaption>Die Gedenkst\u00e4tte Heuwiese -2018 &#8211; Gesamtansicht. Foto: Archiv Freundeskreis Filipowa<\/figcaption>\n<\/figure>\n<figure><img src=\"http:\/\/neckar-donau-wegekreuz.de\/wp-content\/uploads\/2020\/07\/Fb-01-.png\" alt=\"Fb 01 - -\" \/><\/figure>\n<p>\u00a0<\/p>\n<p>Zur\u00fcck<br \/>Weiter<\/p>","protected":false},"excerpt":{"rendered":"<p>\u00a0 Die angereiste Gedenkgemeinde versammelt sich im Schatten der B\u00e4ume und um das Kreuz. Es sind ca. 600 Personen angereist. Foto: Kupferschmidt \u00a0 \u00a0Die Massengr\u00e4ber waren jahrzehntelang sichtbar, die Saat wollte hier nicht gedeihen. Foto: Archiv Freundeskreis Filipowa \u00a0Der Vorsitzende der Arbeitsgemeinschaft Filipowa, Adam Kupferschmidt, begr\u00fc\u00dft die Teilnehmer, .Foto: Archiv Freundeskreis Filipowa \u00a0Erzbischof Dr. Robert &hellip;<\/p>\n<p class=\"read-more\"> <a class=\"\" href=\"https:\/\/neckar-donau-wegekreuz.de\/?page_id=2109\"> <span class=\"screen-reader-text\">Die Gedenkst\u00e4tte Heuwiese. Eingeweiht im Jahr 2011<\/span> Read More \u00bb<\/a><\/p>\n","protected":false},"author":1,"featured_media":0,"parent":15,"menu_order":0,"comment_status":"closed","ping_status":"closed","template":"","meta":[],"yoast_head":"<!-- This site is optimized with the Yoast SEO plugin v17.1 - https:\/\/yoast.com\/wordpress\/plugins\/seo\/ -->\n<title>Die Gedenkst\u00e4tte Heuwiese. Eingeweiht im Jahr 2011 - Neckar-Donau-Wegekreuz<\/title>\n<meta name=\"robots\" content=\"index, follow, max-snippet:-1, max-image-preview:large, max-video-preview:-1\" \/>\n<link rel=\"canonical\" href=\"https:\/\/neckar-donau-wegekreuz.de\/?page_id=2109\" \/>\n<meta property=\"og:locale\" content=\"de_DE\" \/>\n<meta property=\"og:type\" content=\"article\" \/>\n<meta property=\"og:title\" content=\"Die Gedenkst\u00e4tte Heuwiese. Eingeweiht im Jahr 2011 - Neckar-Donau-Wegekreuz\" \/>\n<meta property=\"og:description\" content=\"\u00a0 Die angereiste Gedenkgemeinde versammelt sich im Schatten der B\u00e4ume und um das Kreuz. Es sind ca. 600 Personen angereist. Foto: Kupferschmidt \u00a0 \u00a0Die Massengr\u00e4ber waren jahrzehntelang sichtbar, die Saat wollte hier nicht gedeihen. Foto: Archiv Freundeskreis Filipowa \u00a0Der Vorsitzende der Arbeitsgemeinschaft Filipowa, Adam Kupferschmidt, begr\u00fc\u00dft die Teilnehmer, .Foto: Archiv Freundeskreis Filipowa \u00a0Erzbischof Dr. Robert &hellip; Die Gedenkst\u00e4tte Heuwiese. Eingeweiht im Jahr 2011 Read More \u00bb\" \/>\n<meta property=\"og:url\" content=\"https:\/\/neckar-donau-wegekreuz.de\/?page_id=2109\" \/>\n<meta property=\"og:site_name\" content=\"Neckar-Donau-Wegekreuz\" \/>\n<meta property=\"article:modified_time\" content=\"2021-10-07T14:12:51+00:00\" \/>\n<meta property=\"og:image\" content=\"http:\/\/neckar-donau-wegekreuz.de\/wp-content\/uploads\/2020\/07\/Fb-01a.png\" \/>\n<meta name=\"twitter:card\" content=\"summary_large_image\" \/>\n<meta name=\"twitter:label1\" content=\"Gesch\u00e4tzte Lesezeit\" \/>\n\t<meta name=\"twitter:data1\" content=\"7\u00a0Minuten\" \/>\n<script type=\"application\/ld+json\" class=\"yoast-schema-graph\">{\"@context\":\"https:\/\/schema.org\",\"@graph\":[{\"@type\":\"Organization\",\"@id\":\"https:\/\/neckar-donau-wegekreuz.de\/#organization\",\"name\":\"Neckar-Donau-Wegekreuz\",\"url\":\"https:\/\/neckar-donau-wegekreuz.de\/\",\"sameAs\":[],\"logo\":{\"@type\":\"ImageObject\",\"@id\":\"https:\/\/neckar-donau-wegekreuz.de\/#logo\",\"inLanguage\":\"de\",\"url\":\"http:\/\/neckar-donau-wegekreuz.de\/wp-content\/uploads\/2020\/05\/Logo_NeckarDonauWegeX-kl.png\",\"contentUrl\":\"http:\/\/neckar-donau-wegekreuz.de\/wp-content\/uploads\/2020\/05\/Logo_NeckarDonauWegeX-kl.png\",\"width\":2500,\"height\":2221,\"caption\":\"Neckar-Donau-Wegekreuz\"},\"image\":{\"@id\":\"https:\/\/neckar-donau-wegekreuz.de\/#logo\"}},{\"@type\":\"WebSite\",\"@id\":\"https:\/\/neckar-donau-wegekreuz.de\/#website\",\"url\":\"https:\/\/neckar-donau-wegekreuz.de\/\",\"name\":\"Neckar-Donau-Wegekreuz\",\"description\":\"Menschen, Orte, Zeiten treffen sich!\",\"publisher\":{\"@id\":\"https:\/\/neckar-donau-wegekreuz.de\/#organization\"},\"potentialAction\":[{\"@type\":\"SearchAction\",\"target\":{\"@type\":\"EntryPoint\",\"urlTemplate\":\"https:\/\/neckar-donau-wegekreuz.de\/?s={search_term_string}\"},\"query-input\":\"required name=search_term_string\"}],\"inLanguage\":\"de\"},{\"@type\":\"ImageObject\",\"@id\":\"https:\/\/neckar-donau-wegekreuz.de\/?page_id=2109#primaryimage\",\"inLanguage\":\"de\",\"url\":\"http:\/\/neckar-donau-wegekreuz.de\/wp-content\/uploads\/2020\/07\/Fb-01a.png\",\"contentUrl\":\"http:\/\/neckar-donau-wegekreuz.de\/wp-content\/uploads\/2020\/07\/Fb-01a.png\"},{\"@type\":\"WebPage\",\"@id\":\"https:\/\/neckar-donau-wegekreuz.de\/?page_id=2109#webpage\",\"url\":\"https:\/\/neckar-donau-wegekreuz.de\/?page_id=2109\",\"name\":\"Die Gedenkst\\u00e4tte Heuwiese. Eingeweiht im Jahr 2011 - Neckar-Donau-Wegekreuz\",\"isPartOf\":{\"@id\":\"https:\/\/neckar-donau-wegekreuz.de\/#website\"},\"primaryImageOfPage\":{\"@id\":\"https:\/\/neckar-donau-wegekreuz.de\/?page_id=2109#primaryimage\"},\"datePublished\":\"2020-07-08T16:19:45+00:00\",\"dateModified\":\"2021-10-07T14:12:51+00:00\",\"breadcrumb\":{\"@id\":\"https:\/\/neckar-donau-wegekreuz.de\/?page_id=2109#breadcrumb\"},\"inLanguage\":\"de\",\"potentialAction\":[{\"@type\":\"ReadAction\",\"target\":[\"https:\/\/neckar-donau-wegekreuz.de\/?page_id=2109\"]}]},{\"@type\":\"BreadcrumbList\",\"@id\":\"https:\/\/neckar-donau-wegekreuz.de\/?page_id=2109#breadcrumb\",\"itemListElement\":[{\"@type\":\"ListItem\",\"position\":1,\"name\":\"Startseite\",\"item\":\"https:\/\/neckar-donau-wegekreuz.de\/\"},{\"@type\":\"ListItem\",\"position\":2,\"name\":\"Menschen, Orte, Zeiten treffen sich! \\ufeff\",\"item\":\"https:\/\/neckar-donau-wegekreuz.de\/\"},{\"@type\":\"ListItem\",\"position\":3,\"name\":\"Filipowa &#8211; eine donauschw\\u00e4bische Gemeinde\",\"item\":\"https:\/\/neckar-donau-wegekreuz.de\/?page_id=15\"},{\"@type\":\"ListItem\",\"position\":4,\"name\":\"Die Gedenkst\\u00e4tte Heuwiese. Eingeweiht im Jahr 2011\"}]}]}<\/script>\n<!-- \/ Yoast SEO plugin. -->","yoast_head_json":{"title":"Die Gedenkst\u00e4tte Heuwiese. Eingeweiht im Jahr 2011 - Neckar-Donau-Wegekreuz","robots":{"index":"index","follow":"follow","max-snippet":"max-snippet:-1","max-image-preview":"max-image-preview:large","max-video-preview":"max-video-preview:-1"},"canonical":"https:\/\/neckar-donau-wegekreuz.de\/?page_id=2109","og_locale":"de_DE","og_type":"article","og_title":"Die Gedenkst\u00e4tte Heuwiese. Eingeweiht im Jahr 2011 - Neckar-Donau-Wegekreuz","og_description":"\u00a0 Die angereiste Gedenkgemeinde versammelt sich im Schatten der B\u00e4ume und um das Kreuz. Es sind ca. 600 Personen angereist. Foto: Kupferschmidt \u00a0 \u00a0Die Massengr\u00e4ber waren jahrzehntelang sichtbar, die Saat wollte hier nicht gedeihen. Foto: Archiv Freundeskreis Filipowa \u00a0Der Vorsitzende der Arbeitsgemeinschaft Filipowa, Adam Kupferschmidt, begr\u00fc\u00dft die Teilnehmer, .Foto: Archiv Freundeskreis Filipowa \u00a0Erzbischof Dr. Robert &hellip; Die Gedenkst\u00e4tte Heuwiese. Eingeweiht im Jahr 2011 Read More \u00bb","og_url":"https:\/\/neckar-donau-wegekreuz.de\/?page_id=2109","og_site_name":"Neckar-Donau-Wegekreuz","article_modified_time":"2021-10-07T14:12:51+00:00","og_image":[{"url":"http:\/\/neckar-donau-wegekreuz.de\/wp-content\/uploads\/2020\/07\/Fb-01a.png"}],"twitter_card":"summary_large_image","twitter_misc":{"Gesch\u00e4tzte Lesezeit":"7\u00a0Minuten"},"schema":{"@context":"https:\/\/schema.org","@graph":[{"@type":"Organization","@id":"https:\/\/neckar-donau-wegekreuz.de\/#organization","name":"Neckar-Donau-Wegekreuz","url":"https:\/\/neckar-donau-wegekreuz.de\/","sameAs":[],"logo":{"@type":"ImageObject","@id":"https:\/\/neckar-donau-wegekreuz.de\/#logo","inLanguage":"de","url":"http:\/\/neckar-donau-wegekreuz.de\/wp-content\/uploads\/2020\/05\/Logo_NeckarDonauWegeX-kl.png","contentUrl":"http:\/\/neckar-donau-wegekreuz.de\/wp-content\/uploads\/2020\/05\/Logo_NeckarDonauWegeX-kl.png","width":2500,"height":2221,"caption":"Neckar-Donau-Wegekreuz"},"image":{"@id":"https:\/\/neckar-donau-wegekreuz.de\/#logo"}},{"@type":"WebSite","@id":"https:\/\/neckar-donau-wegekreuz.de\/#website","url":"https:\/\/neckar-donau-wegekreuz.de\/","name":"Neckar-Donau-Wegekreuz","description":"Menschen, Orte, Zeiten treffen sich!","publisher":{"@id":"https:\/\/neckar-donau-wegekreuz.de\/#organization"},"potentialAction":[{"@type":"SearchAction","target":{"@type":"EntryPoint","urlTemplate":"https:\/\/neckar-donau-wegekreuz.de\/?s={search_term_string}"},"query-input":"required name=search_term_string"}],"inLanguage":"de"},{"@type":"ImageObject","@id":"https:\/\/neckar-donau-wegekreuz.de\/?page_id=2109#primaryimage","inLanguage":"de","url":"http:\/\/neckar-donau-wegekreuz.de\/wp-content\/uploads\/2020\/07\/Fb-01a.png","contentUrl":"http:\/\/neckar-donau-wegekreuz.de\/wp-content\/uploads\/2020\/07\/Fb-01a.png"},{"@type":"WebPage","@id":"https:\/\/neckar-donau-wegekreuz.de\/?page_id=2109#webpage","url":"https:\/\/neckar-donau-wegekreuz.de\/?page_id=2109","name":"Die Gedenkst\u00e4tte Heuwiese. Eingeweiht im Jahr 2011 - Neckar-Donau-Wegekreuz","isPartOf":{"@id":"https:\/\/neckar-donau-wegekreuz.de\/#website"},"primaryImageOfPage":{"@id":"https:\/\/neckar-donau-wegekreuz.de\/?page_id=2109#primaryimage"},"datePublished":"2020-07-08T16:19:45+00:00","dateModified":"2021-10-07T14:12:51+00:00","breadcrumb":{"@id":"https:\/\/neckar-donau-wegekreuz.de\/?page_id=2109#breadcrumb"},"inLanguage":"de","potentialAction":[{"@type":"ReadAction","target":["https:\/\/neckar-donau-wegekreuz.de\/?page_id=2109"]}]},{"@type":"BreadcrumbList","@id":"https:\/\/neckar-donau-wegekreuz.de\/?page_id=2109#breadcrumb","itemListElement":[{"@type":"ListItem","position":1,"name":"Startseite","item":"https:\/\/neckar-donau-wegekreuz.de\/"},{"@type":"ListItem","position":2,"name":"Menschen, Orte, Zeiten treffen sich! \ufeff","item":"https:\/\/neckar-donau-wegekreuz.de\/"},{"@type":"ListItem","position":3,"name":"Filipowa &#8211; eine donauschw\u00e4bische Gemeinde","item":"https:\/\/neckar-donau-wegekreuz.de\/?page_id=15"},{"@type":"ListItem","position":4,"name":"Die Gedenkst\u00e4tte Heuwiese. Eingeweiht im Jahr 2011"}]}]}},"_links":{"self":[{"href":"https:\/\/neckar-donau-wegekreuz.de\/index.php?rest_route=\/wp\/v2\/pages\/2109"}],"collection":[{"href":"https:\/\/neckar-donau-wegekreuz.de\/index.php?rest_route=\/wp\/v2\/pages"}],"about":[{"href":"https:\/\/neckar-donau-wegekreuz.de\/index.php?rest_route=\/wp\/v2\/types\/page"}],"author":[{"embeddable":true,"href":"https:\/\/neckar-donau-wegekreuz.de\/index.php?rest_route=\/wp\/v2\/users\/1"}],"replies":[{"embeddable":true,"href":"https:\/\/neckar-donau-wegekreuz.de\/index.php?rest_route=%2Fwp%2Fv2%2Fcomments&post=2109"}],"version-history":[{"count":12,"href":"https:\/\/neckar-donau-wegekreuz.de\/index.php?rest_route=\/wp\/v2\/pages\/2109\/revisions"}],"predecessor-version":[{"id":2640,"href":"https:\/\/neckar-donau-wegekreuz.de\/index.php?rest_route=\/wp\/v2\/pages\/2109\/revisions\/2640"}],"up":[{"embeddable":true,"href":"https:\/\/neckar-donau-wegekreuz.de\/index.php?rest_route=\/wp\/v2\/pages\/15"}],"wp:attachment":[{"href":"https:\/\/neckar-donau-wegekreuz.de\/index.php?rest_route=%2Fwp%2Fv2%2Fmedia&parent=2109"}],"curies":[{"name":"wp","href":"https:\/\/api.w.org\/{rel}","templated":true}]}}