{"id":2558,"date":"2021-07-02T06:38:46","date_gmt":"2021-07-02T06:38:46","guid":{"rendered":"http:\/\/neckar-donau-wegekreuz.de\/?page_id=2558"},"modified":"2021-07-02T06:38:48","modified_gmt":"2021-07-02T06:38:48","slug":"die-liegenschaft-der-armen-schulschwestern-unserer-lieben-frau-von-bad-niedernau","status":"publish","type":"page","link":"https:\/\/neckar-donau-wegekreuz.de\/?page_id=2558","title":{"rendered":"Die Liegenschaft der Armen Schulschwestern Unserer Lieben Frau von Bad Niedernau"},"content":{"rendered":"\n<p>\u00a0<\/p>\n<p><img loading=\"lazy\" class=\"alignnone  wp-image-2566\" src=\"http:\/\/neckar-donau-wegekreuz.de\/wp-content\/uploads\/2021\/07\/Luftbild-Anwesen--214x300.jpg\" alt=\"\" width=\"524\" height=\"734\" srcset=\"https:\/\/neckar-donau-wegekreuz.de\/wp-content\/uploads\/2021\/07\/Luftbild-Anwesen--214x300.jpg 214w, https:\/\/neckar-donau-wegekreuz.de\/wp-content\/uploads\/2021\/07\/Luftbild-Anwesen-.jpg 497w\" sizes=\"(max-width: 524px) 100vw, 524px\" \/><br \/>Foto: Archiv Bad Niedernau<\/p>\n<p><strong>Umfang der Liegenschaft<\/strong><\/p>\n<p><strong>Haus am Berg (Steinersche Villa), mit dem Fritz Keller-Haus (ehem.<\/strong><br \/><strong>Wirtschaftsgeb\u00e4ude) und der Gartenanlage mit S\u00e4ulen-Wandelgang.<\/strong> <br \/>Im Bildhintergrund; rechts oben:<\/p>\n<p>die denkmalgesch\u00fctzte Steinersche Villa; (Haus mit spitzem Giebel davor die Gartenanlage <br \/>(heute Klostergarten genannt) mit dem fr\u00fcheren Wirtschaftsgeb\u00e4ude und dem <br \/>\u00fcberdachtem Wandelgang mit ehem. Kegelbahn. Diese Geb\u00e4ude erwarben die Armen <br \/>Schulschwestern im Jahre 1957. <br \/>In der Steinerschen Villa betrieben die Schwestern eine F\u00f6rderschule f\u00fcr <br \/>Sp\u00e4taussiedlerkinder bis 1985. Nach dem 2. WK, bis 1954 diente dieses Geb\u00e4ude als <br \/>Fl\u00fcchtlingslager und Kriegsversehrten-Erholungsheim. Im Klostergarten mit den <br \/>Wandelg\u00e4ngen wurden die allj\u00e4hrlichen Begegnungen der Wallfahrer an Christi Himmelfahrt <br \/>abgehalten. Die Armen Schulschwester unterhielten 27 Jahre lang eine F\u00f6rderschule f\u00fcr <br \/>Kinder von Sp\u00e4taussiedlern aus Ost und S\u00fcdosteurop\u00e4ischen L\u00e4ndern. In dieser Zeit <br \/>durchliefen 1822 Sch\u00fclerinnen und 285 Erwachsene die Einrichtung.<\/p>\n<p><strong>Sanatoriumsgeb\u00e4ude, Kurmittelhaus, Schwesternhaus, G\u00e4stehaus und <\/strong><br \/><strong>Ged\u00e4chtniskapelle<\/strong> <br \/>Im Zentrum des Bildes ;<br \/>Im Jahr 1964 erwarben die Armen Schulschwestern Unseren Lieben Frau das <br \/>Sanatoriumsgeb\u00e4ude und f\u00fchrten den Sanatoriums Betrieb f\u00fcr Erholungssuchende ohne <br \/>Badebetrieb weiter. Der Bau des Kurmittelhauses mit Hallenbad sowie das Schwesternhaus <br \/>erfolge 1974-1977. Neue Heilwasserquellen werden erschlossen. Die Ged\u00e4chtniskapelle <br \/>wurde 1979 ihrer Bestimmung \u00fcbergeben. Hinter dem Schwesterhaus, das renovierte <br \/>G\u00e4stehaus mit 50 Betten (weitere 37 Betten sind noch in weiteren Geb\u00e4uden vorhanden). <br \/>Die Schwestern hatten hier ihr zweites wirtschaftliches Standbein, ein Sanatorium zur <br \/>Versorgung von Rekonvaleszenten und Erholungsbed\u00fcrftigen. Die Schwestern versorgten <br \/>hier in Spitzenzeiten bis zu 80 Krankenkassenpatienten und Erholungssuchende. Der <br \/>station\u00e4re Kurbetrieb musste aus Altersgr\u00fcnden der Schwestern 1989 eingestellt werden. <br \/>Der ambulante Badebetrieb wurde bis 2004 aufrechterhalten. Bad Niedernau bekam in der <br \/>Zeit des Kurbetriebes durch die Schwestern das Pr\u00e4dikat \u201eOrt mit Heilquellen Kurbetrieb\u201c.<\/p>\n<p><strong>Kurpark<\/strong> <br \/>Im Vordergrund des Bildes; <br \/>der gro\u00dfz\u00fcgig angelegte und gepflegte Kurpark mit weit verzweigten Spazierwegen. Das <br \/>Grundst\u00fcck des Kurparks geh\u00f6rt ebenfalls zum Anwesen der Armen Schulschwestern <br \/>unserer Lieben Frau. Er ist von seltener nat\u00fcrlicher Sch\u00f6nheit in einer herrlichen Natur. Der <br \/>Katzenbach durchflie\u00dft den Park und bildet ab der H\u00f6he des Sanatorium die Grenze zum <br \/>Grundst\u00fcck. Der Geb\u00e4udekomplex wurde vor wenigen Jahren durch einen Hochwasserschutzdamm gegen \u00dcberflutung gesichert.\u00a0<\/p>\n<p>\u00a0<\/p>\n","protected":false},"excerpt":{"rendered":"<p>\u00a0 Foto: Archiv Bad Niedernau Umfang der Liegenschaft Haus am Berg (Steinersche Villa), mit dem Fritz Keller-Haus (ehem.Wirtschaftsgeb\u00e4ude) und der Gartenanlage mit S\u00e4ulen-Wandelgang. Im Bildhintergrund; rechts oben: die denkmalgesch\u00fctzte Steinersche Villa; (Haus mit spitzem Giebel davor die Gartenanlage (heute Klostergarten genannt) mit dem fr\u00fcheren Wirtschaftsgeb\u00e4ude und dem \u00fcberdachtem Wandelgang mit ehem. Kegelbahn. Diese Geb\u00e4ude erwarben &hellip;<\/p>\n<p class=\"read-more\"> <a class=\"\" href=\"https:\/\/neckar-donau-wegekreuz.de\/?page_id=2558\"> <span class=\"screen-reader-text\">Die Liegenschaft der Armen Schulschwestern Unserer Lieben Frau von Bad Niedernau<\/span> Read More \u00bb<\/a><\/p>\n","protected":false},"author":1,"featured_media":0,"parent":0,"menu_order":0,"comment_status":"closed","ping_status":"closed","template":"","meta":[],"yoast_head":"<!-- This site is optimized with the Yoast SEO plugin v17.1 - https:\/\/yoast.com\/wordpress\/plugins\/seo\/ -->\n<title>Die Liegenschaft der Armen Schulschwestern Unserer Lieben Frau von Bad Niedernau - Neckar-Donau-Wegekreuz<\/title>\n<meta name=\"robots\" content=\"index, follow, max-snippet:-1, max-image-preview:large, max-video-preview:-1\" \/>\n<link rel=\"canonical\" href=\"https:\/\/neckar-donau-wegekreuz.de\/?page_id=2558\" \/>\n<meta property=\"og:locale\" content=\"de_DE\" \/>\n<meta property=\"og:type\" content=\"article\" \/>\n<meta property=\"og:title\" content=\"Die Liegenschaft der Armen Schulschwestern Unserer Lieben Frau von Bad Niedernau - Neckar-Donau-Wegekreuz\" \/>\n<meta property=\"og:description\" content=\"\u00a0 Foto: Archiv Bad Niedernau Umfang der Liegenschaft Haus am Berg (Steinersche Villa), mit dem Fritz Keller-Haus (ehem.Wirtschaftsgeb\u00e4ude) und der Gartenanlage mit S\u00e4ulen-Wandelgang. Im Bildhintergrund; rechts oben: die denkmalgesch\u00fctzte Steinersche Villa; (Haus mit spitzem Giebel davor die Gartenanlage (heute Klostergarten genannt) mit dem fr\u00fcheren Wirtschaftsgeb\u00e4ude und dem \u00fcberdachtem Wandelgang mit ehem. Kegelbahn. Diese Geb\u00e4ude erwarben &hellip; Die Liegenschaft der Armen Schulschwestern Unserer Lieben Frau von Bad Niedernau Read More \u00bb\" \/>\n<meta property=\"og:url\" content=\"https:\/\/neckar-donau-wegekreuz.de\/?page_id=2558\" \/>\n<meta property=\"og:site_name\" content=\"Neckar-Donau-Wegekreuz\" \/>\n<meta property=\"article:modified_time\" content=\"2021-07-02T06:38:48+00:00\" \/>\n<meta property=\"og:image\" content=\"http:\/\/neckar-donau-wegekreuz.de\/wp-content\/uploads\/2021\/07\/Luftbild-Anwesen--214x300.jpg\" \/>\n<meta name=\"twitter:card\" content=\"summary_large_image\" \/>\n<meta name=\"twitter:label1\" content=\"Gesch\u00e4tzte Lesezeit\" \/>\n\t<meta name=\"twitter:data1\" content=\"2\u00a0Minuten\" \/>\n<script type=\"application\/ld+json\" class=\"yoast-schema-graph\">{\"@context\":\"https:\/\/schema.org\",\"@graph\":[{\"@type\":\"Organization\",\"@id\":\"https:\/\/neckar-donau-wegekreuz.de\/#organization\",\"name\":\"Neckar-Donau-Wegekreuz\",\"url\":\"https:\/\/neckar-donau-wegekreuz.de\/\",\"sameAs\":[],\"logo\":{\"@type\":\"ImageObject\",\"@id\":\"https:\/\/neckar-donau-wegekreuz.de\/#logo\",\"inLanguage\":\"de\",\"url\":\"http:\/\/neckar-donau-wegekreuz.de\/wp-content\/uploads\/2020\/05\/Logo_NeckarDonauWegeX-kl.png\",\"contentUrl\":\"http:\/\/neckar-donau-wegekreuz.de\/wp-content\/uploads\/2020\/05\/Logo_NeckarDonauWegeX-kl.png\",\"width\":2500,\"height\":2221,\"caption\":\"Neckar-Donau-Wegekreuz\"},\"image\":{\"@id\":\"https:\/\/neckar-donau-wegekreuz.de\/#logo\"}},{\"@type\":\"WebSite\",\"@id\":\"https:\/\/neckar-donau-wegekreuz.de\/#website\",\"url\":\"https:\/\/neckar-donau-wegekreuz.de\/\",\"name\":\"Neckar-Donau-Wegekreuz\",\"description\":\"Menschen, Orte, Zeiten treffen sich!\",\"publisher\":{\"@id\":\"https:\/\/neckar-donau-wegekreuz.de\/#organization\"},\"potentialAction\":[{\"@type\":\"SearchAction\",\"target\":{\"@type\":\"EntryPoint\",\"urlTemplate\":\"https:\/\/neckar-donau-wegekreuz.de\/?s={search_term_string}\"},\"query-input\":\"required name=search_term_string\"}],\"inLanguage\":\"de\"},{\"@type\":\"ImageObject\",\"@id\":\"https:\/\/neckar-donau-wegekreuz.de\/?page_id=2558#primaryimage\",\"inLanguage\":\"de\",\"url\":\"http:\/\/neckar-donau-wegekreuz.de\/wp-content\/uploads\/2021\/07\/Luftbild-Anwesen--214x300.jpg\",\"contentUrl\":\"http:\/\/neckar-donau-wegekreuz.de\/wp-content\/uploads\/2021\/07\/Luftbild-Anwesen--214x300.jpg\"},{\"@type\":\"WebPage\",\"@id\":\"https:\/\/neckar-donau-wegekreuz.de\/?page_id=2558#webpage\",\"url\":\"https:\/\/neckar-donau-wegekreuz.de\/?page_id=2558\",\"name\":\"Die Liegenschaft der Armen Schulschwestern Unserer Lieben Frau von Bad Niedernau - Neckar-Donau-Wegekreuz\",\"isPartOf\":{\"@id\":\"https:\/\/neckar-donau-wegekreuz.de\/#website\"},\"primaryImageOfPage\":{\"@id\":\"https:\/\/neckar-donau-wegekreuz.de\/?page_id=2558#primaryimage\"},\"datePublished\":\"2021-07-02T06:38:46+00:00\",\"dateModified\":\"2021-07-02T06:38:48+00:00\",\"breadcrumb\":{\"@id\":\"https:\/\/neckar-donau-wegekreuz.de\/?page_id=2558#breadcrumb\"},\"inLanguage\":\"de\",\"potentialAction\":[{\"@type\":\"ReadAction\",\"target\":[\"https:\/\/neckar-donau-wegekreuz.de\/?page_id=2558\"]}]},{\"@type\":\"BreadcrumbList\",\"@id\":\"https:\/\/neckar-donau-wegekreuz.de\/?page_id=2558#breadcrumb\",\"itemListElement\":[{\"@type\":\"ListItem\",\"position\":1,\"name\":\"Startseite\",\"item\":\"https:\/\/neckar-donau-wegekreuz.de\/\"},{\"@type\":\"ListItem\",\"position\":2,\"name\":\"Die Liegenschaft der Armen Schulschwestern Unserer Lieben Frau von Bad Niedernau\"}]}]}<\/script>\n<!-- \/ Yoast SEO plugin. -->","yoast_head_json":{"title":"Die Liegenschaft der Armen Schulschwestern Unserer Lieben Frau von Bad Niedernau - Neckar-Donau-Wegekreuz","robots":{"index":"index","follow":"follow","max-snippet":"max-snippet:-1","max-image-preview":"max-image-preview:large","max-video-preview":"max-video-preview:-1"},"canonical":"https:\/\/neckar-donau-wegekreuz.de\/?page_id=2558","og_locale":"de_DE","og_type":"article","og_title":"Die Liegenschaft der Armen Schulschwestern Unserer Lieben Frau von Bad Niedernau - Neckar-Donau-Wegekreuz","og_description":"\u00a0 Foto: Archiv Bad Niedernau Umfang der Liegenschaft Haus am Berg (Steinersche Villa), mit dem Fritz Keller-Haus (ehem.Wirtschaftsgeb\u00e4ude) und der Gartenanlage mit S\u00e4ulen-Wandelgang. Im Bildhintergrund; rechts oben: die denkmalgesch\u00fctzte Steinersche Villa; (Haus mit spitzem Giebel davor die Gartenanlage (heute Klostergarten genannt) mit dem fr\u00fcheren Wirtschaftsgeb\u00e4ude und dem \u00fcberdachtem Wandelgang mit ehem. Kegelbahn. Diese Geb\u00e4ude erwarben &hellip; Die Liegenschaft der Armen Schulschwestern Unserer Lieben Frau von Bad Niedernau Read More \u00bb","og_url":"https:\/\/neckar-donau-wegekreuz.de\/?page_id=2558","og_site_name":"Neckar-Donau-Wegekreuz","article_modified_time":"2021-07-02T06:38:48+00:00","og_image":[{"url":"http:\/\/neckar-donau-wegekreuz.de\/wp-content\/uploads\/2021\/07\/Luftbild-Anwesen--214x300.jpg"}],"twitter_card":"summary_large_image","twitter_misc":{"Gesch\u00e4tzte Lesezeit":"2\u00a0Minuten"},"schema":{"@context":"https:\/\/schema.org","@graph":[{"@type":"Organization","@id":"https:\/\/neckar-donau-wegekreuz.de\/#organization","name":"Neckar-Donau-Wegekreuz","url":"https:\/\/neckar-donau-wegekreuz.de\/","sameAs":[],"logo":{"@type":"ImageObject","@id":"https:\/\/neckar-donau-wegekreuz.de\/#logo","inLanguage":"de","url":"http:\/\/neckar-donau-wegekreuz.de\/wp-content\/uploads\/2020\/05\/Logo_NeckarDonauWegeX-kl.png","contentUrl":"http:\/\/neckar-donau-wegekreuz.de\/wp-content\/uploads\/2020\/05\/Logo_NeckarDonauWegeX-kl.png","width":2500,"height":2221,"caption":"Neckar-Donau-Wegekreuz"},"image":{"@id":"https:\/\/neckar-donau-wegekreuz.de\/#logo"}},{"@type":"WebSite","@id":"https:\/\/neckar-donau-wegekreuz.de\/#website","url":"https:\/\/neckar-donau-wegekreuz.de\/","name":"Neckar-Donau-Wegekreuz","description":"Menschen, Orte, Zeiten treffen sich!","publisher":{"@id":"https:\/\/neckar-donau-wegekreuz.de\/#organization"},"potentialAction":[{"@type":"SearchAction","target":{"@type":"EntryPoint","urlTemplate":"https:\/\/neckar-donau-wegekreuz.de\/?s={search_term_string}"},"query-input":"required name=search_term_string"}],"inLanguage":"de"},{"@type":"ImageObject","@id":"https:\/\/neckar-donau-wegekreuz.de\/?page_id=2558#primaryimage","inLanguage":"de","url":"http:\/\/neckar-donau-wegekreuz.de\/wp-content\/uploads\/2021\/07\/Luftbild-Anwesen--214x300.jpg","contentUrl":"http:\/\/neckar-donau-wegekreuz.de\/wp-content\/uploads\/2021\/07\/Luftbild-Anwesen--214x300.jpg"},{"@type":"WebPage","@id":"https:\/\/neckar-donau-wegekreuz.de\/?page_id=2558#webpage","url":"https:\/\/neckar-donau-wegekreuz.de\/?page_id=2558","name":"Die Liegenschaft der Armen Schulschwestern Unserer Lieben Frau von Bad Niedernau - Neckar-Donau-Wegekreuz","isPartOf":{"@id":"https:\/\/neckar-donau-wegekreuz.de\/#website"},"primaryImageOfPage":{"@id":"https:\/\/neckar-donau-wegekreuz.de\/?page_id=2558#primaryimage"},"datePublished":"2021-07-02T06:38:46+00:00","dateModified":"2021-07-02T06:38:48+00:00","breadcrumb":{"@id":"https:\/\/neckar-donau-wegekreuz.de\/?page_id=2558#breadcrumb"},"inLanguage":"de","potentialAction":[{"@type":"ReadAction","target":["https:\/\/neckar-donau-wegekreuz.de\/?page_id=2558"]}]},{"@type":"BreadcrumbList","@id":"https:\/\/neckar-donau-wegekreuz.de\/?page_id=2558#breadcrumb","itemListElement":[{"@type":"ListItem","position":1,"name":"Startseite","item":"https:\/\/neckar-donau-wegekreuz.de\/"},{"@type":"ListItem","position":2,"name":"Die Liegenschaft der Armen Schulschwestern Unserer Lieben Frau von Bad Niedernau"}]}]}},"_links":{"self":[{"href":"https:\/\/neckar-donau-wegekreuz.de\/index.php?rest_route=\/wp\/v2\/pages\/2558"}],"collection":[{"href":"https:\/\/neckar-donau-wegekreuz.de\/index.php?rest_route=\/wp\/v2\/pages"}],"about":[{"href":"https:\/\/neckar-donau-wegekreuz.de\/index.php?rest_route=\/wp\/v2\/types\/page"}],"author":[{"embeddable":true,"href":"https:\/\/neckar-donau-wegekreuz.de\/index.php?rest_route=\/wp\/v2\/users\/1"}],"replies":[{"embeddable":true,"href":"https:\/\/neckar-donau-wegekreuz.de\/index.php?rest_route=%2Fwp%2Fv2%2Fcomments&post=2558"}],"version-history":[{"count":4,"href":"https:\/\/neckar-donau-wegekreuz.de\/index.php?rest_route=\/wp\/v2\/pages\/2558\/revisions"}],"predecessor-version":[{"id":2567,"href":"https:\/\/neckar-donau-wegekreuz.de\/index.php?rest_route=\/wp\/v2\/pages\/2558\/revisions\/2567"}],"wp:attachment":[{"href":"https:\/\/neckar-donau-wegekreuz.de\/index.php?rest_route=%2Fwp%2Fv2%2Fmedia&parent=2558"}],"curies":[{"name":"wp","href":"https:\/\/api.w.org\/{rel}","templated":true}]}}