{"id":2563,"date":"2021-07-03T05:23:36","date_gmt":"2021-07-03T05:23:36","guid":{"rendered":"http:\/\/neckar-donau-wegekreuz.de\/?page_id=2563"},"modified":"2021-07-03T05:23:37","modified_gmt":"2021-07-03T05:23:37","slug":"gedaechtnis-kapelle-unserer-lieben-frau-von-bad-niedernau","status":"publish","type":"page","link":"https:\/\/neckar-donau-wegekreuz.de\/?page_id=2563","title":{"rendered":"Ged\u00e4chtnis &#8211; Kapelle Unserer Lieben Frau von Bad Niedernau"},"content":{"rendered":"\n\n\n<p><img loading=\"lazy\" class=\"alignnone  wp-image-2571\" src=\"http:\/\/neckar-donau-wegekreuz.de\/wp-content\/uploads\/2021\/07\/Kapelle-aussen_-002-300x223.png\" alt=\"\" width=\"792\" height=\"589\" srcset=\"https:\/\/neckar-donau-wegekreuz.de\/wp-content\/uploads\/2021\/07\/Kapelle-aussen_-002-300x223.png 300w, https:\/\/neckar-donau-wegekreuz.de\/wp-content\/uploads\/2021\/07\/Kapelle-aussen_-002-768x570.png 768w, https:\/\/neckar-donau-wegekreuz.de\/wp-content\/uploads\/2021\/07\/Kapelle-aussen_-002.png 835w\" sizes=\"(max-width: 792px) 100vw, 792px\" \/><\/p>\n\n\n\n<p>Geweiht am 25. M\u00e4rz 1979 durch Bischof Dr. Georg Moser \u2013 Foto: Archiv Arme <br>Schulschwestern<\/p>\n<p>In der Zeit gro\u00dfer Not und Bedr\u00e4ngnis w\u00e4hrend und nach dem zweiten Weltkrieg, in <br>den Vernichtungslagern Gakovo, Kruschiwl, Jarek, Rudolfsgnad und anderen Orten <br>des Leidens, auf der Flucht und w\u00e4hrend der Vertreibung , war das Gebet, das <br>Vertrauen auf Gott und die Mutter Gottes der einzige Trost der Schwaben aus dem <br>Donauraum und vielen Deutschen , die das Los der Vertreibung und der Vernichtung <br>betroffen hat.<br>Am 24. M\u00e4rz 1946, als man das Leid auf seinem H\u00f6hepunkt glaubte, haben die <br>Gl\u00e4ubigen, versammelt um Pater Wendelin Gruber Sj, w\u00e4hrend eines <br>ausnahmsweise von der Lagerleitung genehmigten Gottesdienstes, in der \u00fcberf\u00fcllten <br>Pfarrkirche von Gakovo, Jugoslawien , ein Gel\u00f6bnis abgelegt:<br><strong>&#8222;Wenn wir \u00fcberleben, wollen wir wallfahren, und wenn wir wieder zu Hab und Gut <\/strong><br><strong>kommen, wollen wir aus Dankbarkeit eine Kapelle bauen&#8220;.<\/strong><\/p>\n<p>Dieses Gel\u00f6bnis wurde zu Pfingsten darauf in einem gro\u00dfen Hinterhof eines <br>Bauerhauses in Rudolfsgnad, in Anwesenheit von ca. 1000 Lagerleuten, w\u00e4hrend <br>der Heiligen Messe, unter freiem Himmel wiederholt.<br>An dieses Gel\u00f6bnis erinnerte Pater Gruber seine in Deutschland und \u00d6sterreich <br>lebenden Landsleute im Jahr 1960 und initiierte die erste Wallfahrt und nunmehr <br>allj\u00e4hrlich stattfindenden Wallfahrten der Donauschwaben zum gro\u00dfen <br>Marienheiligtum nach Alt\u00f6tting.<\/p>\n<p><img loading=\"lazy\" class=\"alignnone  wp-image-2570\" src=\"http:\/\/neckar-donau-wegekreuz.de\/wp-content\/uploads\/2021\/07\/Kapelle-innen-002-300x209.png\" alt=\"\" width=\"791\" height=\"551\" srcset=\"https:\/\/neckar-donau-wegekreuz.de\/wp-content\/uploads\/2021\/07\/Kapelle-innen-002-300x209.png 300w, https:\/\/neckar-donau-wegekreuz.de\/wp-content\/uploads\/2021\/07\/Kapelle-innen-002-768x534.png 768w, https:\/\/neckar-donau-wegekreuz.de\/wp-content\/uploads\/2021\/07\/Kapelle-innen-002.png 821w\" sizes=\"(max-width: 791px) 100vw, 791px\" \/><br>Foto: Archiv Arme Schulschwestern<\/p>\n<p><br>Nach Jahren der Heimatsuche, flei\u00dfiger Aufbauarbeit und Gr\u00fcndung von <br>Eigenheimen erinnerte die Gruppe der Armen Schulschwestern Unserer Lieben Frau <br>von Bad Niedernau, Mitte der 70 er Jahre, ihre Landsleute daran, dass nur der erste <br>Teil des Gel\u00f6bnisses erf\u00fcllt ist, der zweite Teil; wenn wir zu Hab und Gut kommen<br>wollen wir eine Votivkirche bauen, noch auf seine Einl\u00f6sung wartet. <br>So kam es dazu, dass das Anliegen in das Baukonzept der Armen Schulschwestern <br>mit aufgenommen wurde. Die \u00fcber die Heimatortsgemeinschaften aufgerufenen <br>Spendenaktion wurde zu einem gro\u00dfartigen Erfolg. Die Erlebnisgeneration zeigte <br>sich als gro\u00dfz\u00fcgige F\u00f6rderer und G\u00f6nner des Vorhabens. Am Feste Maria <br>Verk\u00fcndigung und dem Ordenshauptfest am 25. M\u00e4rz 1979 fand die Einweihung <br>unter gro\u00dfer Teilnahme der Landsleute, rund 500 Donauschwaben , stellvertretend <br>f\u00fcr viele Tausend, das Gel\u00f6bnis einzul\u00f6sen, statt.<\/p>\n<p>Durch die j\u00e4hrliche Wallfahrt an Christi Himmelfahrt soll die Dankbarkeit f\u00fcr das <br>\u00dcberleben und Entkommen aus der Knechtschaft und Verfolgung allj\u00e4hrlich erneuert <br>werden.<\/p>\n<p><img loading=\"lazy\" class=\" wp-image-2569 alignleft\" src=\"http:\/\/neckar-donau-wegekreuz.de\/wp-content\/uploads\/2021\/07\/Gedenktafel-an-der-Aussenansicht-Kapelle-002-109x300.png\" alt=\"\" width=\"426\" height=\"1172\" srcset=\"https:\/\/neckar-donau-wegekreuz.de\/wp-content\/uploads\/2021\/07\/Gedenktafel-an-der-Aussenansicht-Kapelle-002-109x300.png 109w, https:\/\/neckar-donau-wegekreuz.de\/wp-content\/uploads\/2021\/07\/Gedenktafel-an-der-Aussenansicht-Kapelle-002.png 320w\" sizes=\"(max-width: 426px) 100vw, 426px\" \/>Die Ged\u00e4chtniskapelle ist gleichzeitig <br>Gedenkst\u00e4tte f\u00fcr die Gefallenen der <br>Kriege, die Opfer der vielen <br>Vernichtungslager und der Vertreibung. <br>Sie soll auch an die abgerissenen <br>Kirchen, Kapellen, die zerst\u00f6rten <br>Friedh\u00f6fe und an Feldkreuze der alten <br>Heimat erinnern.<br>In die an der Au\u00dfenseite der Kapelle <br>angebrachte Gedenktafel ist ein <br>Teilst\u00fcck eines Mauerziegels der <br>abgerissenen Kirche von Filipowa <br>eingearbeitet.<br>Die Armen Schulschwestern von <br>Unseren Lieben Frau von Bad <br>Niedernau sind nicht nur H\u00fcter und <br>Pfleger der Ged\u00e4chtniskapelle , sie <br>wollen auch Betende f\u00fcr die Anliegen<br>ihrer donauschw\u00e4bischen Landsleute <br>sein.<br>Wiedergabe der Inschrift auf der <br>Broncetafel:.<br>Diese Ged\u00e4chtniskapelle UNSERER <br>LIEBEN FRAU wurde gr\u00f6\u00dftenteils aus <br>Spenden von Donauschwaben erbaut.<br>In Erf\u00fcllung des Gel\u00f6bnisses vom <br>24.M\u00e4rz 1946 im Lager Gakovo, <br>Jugoslawien, w\u00e4hrend einer <br>Eucharistiefeier mit Pater W. Gruber SJ <br><strong>WENN WIR \u00dcBERLEBEN WOLLEN <\/strong><br><strong>WIR AUS DANKBARKEIT EINE <\/strong><br><strong>KAPELLE ERBAUEN +<\/strong> Zum Gedenken <br>an die verlorenen Heiligt\u00fcmer der alten <br>Heimat, der Opfer von Krieg, <br>Vernichtungslager und Vertreibung. <br>Geweiht am 25.3.1979 durch Bischof Dr. <br>Georg Moser.<\/p>\n<p>Foto: Archiv Bad Niedernau<\/p>\n<p>Quellen: Aus den Aufzeichnungen der Armen Schulschwestern Unserer Lieben Frau <br>von Bad Niedernau.<br>Bericht: Adam Kupferschmidt<\/p>\n\n\n","protected":false},"excerpt":{"rendered":"<p>Geweiht am 25. M\u00e4rz 1979 durch Bischof Dr. Georg Moser \u2013 Foto: Archiv Arme Schulschwestern In der Zeit gro\u00dfer Not und Bedr\u00e4ngnis w\u00e4hrend und nach dem zweiten Weltkrieg, in den Vernichtungslagern Gakovo, Kruschiwl, Jarek, Rudolfsgnad und anderen Orten des Leidens, auf der Flucht und w\u00e4hrend der Vertreibung , war das Gebet, das Vertrauen auf Gott &hellip;<\/p>\n<p class=\"read-more\"> <a class=\"\" href=\"https:\/\/neckar-donau-wegekreuz.de\/?page_id=2563\"> <span class=\"screen-reader-text\">Ged\u00e4chtnis &#8211; Kapelle Unserer Lieben Frau von Bad Niedernau<\/span> Read More \u00bb<\/a><\/p>\n","protected":false},"author":1,"featured_media":0,"parent":0,"menu_order":0,"comment_status":"closed","ping_status":"closed","template":"","meta":[],"yoast_head":"<!-- This site is optimized with the Yoast SEO plugin v17.1 - https:\/\/yoast.com\/wordpress\/plugins\/seo\/ -->\n<title>Ged\u00e4chtnis - Kapelle Unserer Lieben Frau von Bad Niedernau - Neckar-Donau-Wegekreuz<\/title>\n<meta name=\"robots\" content=\"index, follow, max-snippet:-1, max-image-preview:large, max-video-preview:-1\" \/>\n<link rel=\"canonical\" href=\"https:\/\/neckar-donau-wegekreuz.de\/?page_id=2563\" \/>\n<meta property=\"og:locale\" content=\"de_DE\" \/>\n<meta property=\"og:type\" content=\"article\" \/>\n<meta property=\"og:title\" content=\"Ged\u00e4chtnis - Kapelle Unserer Lieben Frau von Bad Niedernau - Neckar-Donau-Wegekreuz\" \/>\n<meta property=\"og:description\" content=\"Geweiht am 25. M\u00e4rz 1979 durch Bischof Dr. Georg Moser \u2013 Foto: Archiv Arme Schulschwestern In der Zeit gro\u00dfer Not und Bedr\u00e4ngnis w\u00e4hrend und nach dem zweiten Weltkrieg, in den Vernichtungslagern Gakovo, Kruschiwl, Jarek, Rudolfsgnad und anderen Orten des Leidens, auf der Flucht und w\u00e4hrend der Vertreibung , war das Gebet, das Vertrauen auf Gott &hellip; Ged\u00e4chtnis &#8211; Kapelle Unserer Lieben Frau von Bad Niedernau Read More \u00bb\" \/>\n<meta property=\"og:url\" content=\"https:\/\/neckar-donau-wegekreuz.de\/?page_id=2563\" \/>\n<meta property=\"og:site_name\" content=\"Neckar-Donau-Wegekreuz\" \/>\n<meta property=\"article:modified_time\" content=\"2021-07-03T05:23:37+00:00\" \/>\n<meta property=\"og:image\" content=\"http:\/\/neckar-donau-wegekreuz.de\/wp-content\/uploads\/2021\/07\/Kapelle-aussen_-002-300x223.png\" \/>\n<meta name=\"twitter:card\" content=\"summary_large_image\" \/>\n<meta name=\"twitter:label1\" content=\"Gesch\u00e4tzte Lesezeit\" \/>\n\t<meta name=\"twitter:data1\" content=\"3\u00a0Minuten\" \/>\n<script type=\"application\/ld+json\" class=\"yoast-schema-graph\">{\"@context\":\"https:\/\/schema.org\",\"@graph\":[{\"@type\":\"Organization\",\"@id\":\"https:\/\/neckar-donau-wegekreuz.de\/#organization\",\"name\":\"Neckar-Donau-Wegekreuz\",\"url\":\"https:\/\/neckar-donau-wegekreuz.de\/\",\"sameAs\":[],\"logo\":{\"@type\":\"ImageObject\",\"@id\":\"https:\/\/neckar-donau-wegekreuz.de\/#logo\",\"inLanguage\":\"de\",\"url\":\"http:\/\/neckar-donau-wegekreuz.de\/wp-content\/uploads\/2020\/05\/Logo_NeckarDonauWegeX-kl.png\",\"contentUrl\":\"http:\/\/neckar-donau-wegekreuz.de\/wp-content\/uploads\/2020\/05\/Logo_NeckarDonauWegeX-kl.png\",\"width\":2500,\"height\":2221,\"caption\":\"Neckar-Donau-Wegekreuz\"},\"image\":{\"@id\":\"https:\/\/neckar-donau-wegekreuz.de\/#logo\"}},{\"@type\":\"WebSite\",\"@id\":\"https:\/\/neckar-donau-wegekreuz.de\/#website\",\"url\":\"https:\/\/neckar-donau-wegekreuz.de\/\",\"name\":\"Neckar-Donau-Wegekreuz\",\"description\":\"Menschen, Orte, Zeiten treffen sich!\",\"publisher\":{\"@id\":\"https:\/\/neckar-donau-wegekreuz.de\/#organization\"},\"potentialAction\":[{\"@type\":\"SearchAction\",\"target\":{\"@type\":\"EntryPoint\",\"urlTemplate\":\"https:\/\/neckar-donau-wegekreuz.de\/?s={search_term_string}\"},\"query-input\":\"required name=search_term_string\"}],\"inLanguage\":\"de\"},{\"@type\":\"ImageObject\",\"@id\":\"https:\/\/neckar-donau-wegekreuz.de\/?page_id=2563#primaryimage\",\"inLanguage\":\"de\",\"url\":\"http:\/\/neckar-donau-wegekreuz.de\/wp-content\/uploads\/2021\/07\/Kapelle-aussen_-002-300x223.png\",\"contentUrl\":\"http:\/\/neckar-donau-wegekreuz.de\/wp-content\/uploads\/2021\/07\/Kapelle-aussen_-002-300x223.png\"},{\"@type\":\"WebPage\",\"@id\":\"https:\/\/neckar-donau-wegekreuz.de\/?page_id=2563#webpage\",\"url\":\"https:\/\/neckar-donau-wegekreuz.de\/?page_id=2563\",\"name\":\"Ged\\u00e4chtnis - Kapelle Unserer Lieben Frau von Bad Niedernau - Neckar-Donau-Wegekreuz\",\"isPartOf\":{\"@id\":\"https:\/\/neckar-donau-wegekreuz.de\/#website\"},\"primaryImageOfPage\":{\"@id\":\"https:\/\/neckar-donau-wegekreuz.de\/?page_id=2563#primaryimage\"},\"datePublished\":\"2021-07-03T05:23:36+00:00\",\"dateModified\":\"2021-07-03T05:23:37+00:00\",\"breadcrumb\":{\"@id\":\"https:\/\/neckar-donau-wegekreuz.de\/?page_id=2563#breadcrumb\"},\"inLanguage\":\"de\",\"potentialAction\":[{\"@type\":\"ReadAction\",\"target\":[\"https:\/\/neckar-donau-wegekreuz.de\/?page_id=2563\"]}]},{\"@type\":\"BreadcrumbList\",\"@id\":\"https:\/\/neckar-donau-wegekreuz.de\/?page_id=2563#breadcrumb\",\"itemListElement\":[{\"@type\":\"ListItem\",\"position\":1,\"name\":\"Startseite\",\"item\":\"https:\/\/neckar-donau-wegekreuz.de\/\"},{\"@type\":\"ListItem\",\"position\":2,\"name\":\"Ged\\u00e4chtnis &#8211; Kapelle Unserer Lieben Frau von Bad Niedernau\"}]}]}<\/script>\n<!-- \/ Yoast SEO plugin. -->","yoast_head_json":{"title":"Ged\u00e4chtnis - Kapelle Unserer Lieben Frau von Bad Niedernau - Neckar-Donau-Wegekreuz","robots":{"index":"index","follow":"follow","max-snippet":"max-snippet:-1","max-image-preview":"max-image-preview:large","max-video-preview":"max-video-preview:-1"},"canonical":"https:\/\/neckar-donau-wegekreuz.de\/?page_id=2563","og_locale":"de_DE","og_type":"article","og_title":"Ged\u00e4chtnis - Kapelle Unserer Lieben Frau von Bad Niedernau - Neckar-Donau-Wegekreuz","og_description":"Geweiht am 25. M\u00e4rz 1979 durch Bischof Dr. Georg Moser \u2013 Foto: Archiv Arme Schulschwestern In der Zeit gro\u00dfer Not und Bedr\u00e4ngnis w\u00e4hrend und nach dem zweiten Weltkrieg, in den Vernichtungslagern Gakovo, Kruschiwl, Jarek, Rudolfsgnad und anderen Orten des Leidens, auf der Flucht und w\u00e4hrend der Vertreibung , war das Gebet, das Vertrauen auf Gott &hellip; Ged\u00e4chtnis &#8211; Kapelle Unserer Lieben Frau von Bad Niedernau Read More \u00bb","og_url":"https:\/\/neckar-donau-wegekreuz.de\/?page_id=2563","og_site_name":"Neckar-Donau-Wegekreuz","article_modified_time":"2021-07-03T05:23:37+00:00","og_image":[{"url":"http:\/\/neckar-donau-wegekreuz.de\/wp-content\/uploads\/2021\/07\/Kapelle-aussen_-002-300x223.png"}],"twitter_card":"summary_large_image","twitter_misc":{"Gesch\u00e4tzte Lesezeit":"3\u00a0Minuten"},"schema":{"@context":"https:\/\/schema.org","@graph":[{"@type":"Organization","@id":"https:\/\/neckar-donau-wegekreuz.de\/#organization","name":"Neckar-Donau-Wegekreuz","url":"https:\/\/neckar-donau-wegekreuz.de\/","sameAs":[],"logo":{"@type":"ImageObject","@id":"https:\/\/neckar-donau-wegekreuz.de\/#logo","inLanguage":"de","url":"http:\/\/neckar-donau-wegekreuz.de\/wp-content\/uploads\/2020\/05\/Logo_NeckarDonauWegeX-kl.png","contentUrl":"http:\/\/neckar-donau-wegekreuz.de\/wp-content\/uploads\/2020\/05\/Logo_NeckarDonauWegeX-kl.png","width":2500,"height":2221,"caption":"Neckar-Donau-Wegekreuz"},"image":{"@id":"https:\/\/neckar-donau-wegekreuz.de\/#logo"}},{"@type":"WebSite","@id":"https:\/\/neckar-donau-wegekreuz.de\/#website","url":"https:\/\/neckar-donau-wegekreuz.de\/","name":"Neckar-Donau-Wegekreuz","description":"Menschen, Orte, Zeiten treffen sich!","publisher":{"@id":"https:\/\/neckar-donau-wegekreuz.de\/#organization"},"potentialAction":[{"@type":"SearchAction","target":{"@type":"EntryPoint","urlTemplate":"https:\/\/neckar-donau-wegekreuz.de\/?s={search_term_string}"},"query-input":"required name=search_term_string"}],"inLanguage":"de"},{"@type":"ImageObject","@id":"https:\/\/neckar-donau-wegekreuz.de\/?page_id=2563#primaryimage","inLanguage":"de","url":"http:\/\/neckar-donau-wegekreuz.de\/wp-content\/uploads\/2021\/07\/Kapelle-aussen_-002-300x223.png","contentUrl":"http:\/\/neckar-donau-wegekreuz.de\/wp-content\/uploads\/2021\/07\/Kapelle-aussen_-002-300x223.png"},{"@type":"WebPage","@id":"https:\/\/neckar-donau-wegekreuz.de\/?page_id=2563#webpage","url":"https:\/\/neckar-donau-wegekreuz.de\/?page_id=2563","name":"Ged\u00e4chtnis - Kapelle Unserer Lieben Frau von Bad Niedernau - Neckar-Donau-Wegekreuz","isPartOf":{"@id":"https:\/\/neckar-donau-wegekreuz.de\/#website"},"primaryImageOfPage":{"@id":"https:\/\/neckar-donau-wegekreuz.de\/?page_id=2563#primaryimage"},"datePublished":"2021-07-03T05:23:36+00:00","dateModified":"2021-07-03T05:23:37+00:00","breadcrumb":{"@id":"https:\/\/neckar-donau-wegekreuz.de\/?page_id=2563#breadcrumb"},"inLanguage":"de","potentialAction":[{"@type":"ReadAction","target":["https:\/\/neckar-donau-wegekreuz.de\/?page_id=2563"]}]},{"@type":"BreadcrumbList","@id":"https:\/\/neckar-donau-wegekreuz.de\/?page_id=2563#breadcrumb","itemListElement":[{"@type":"ListItem","position":1,"name":"Startseite","item":"https:\/\/neckar-donau-wegekreuz.de\/"},{"@type":"ListItem","position":2,"name":"Ged\u00e4chtnis &#8211; Kapelle Unserer Lieben Frau von Bad Niedernau"}]}]}},"_links":{"self":[{"href":"https:\/\/neckar-donau-wegekreuz.de\/index.php?rest_route=\/wp\/v2\/pages\/2563"}],"collection":[{"href":"https:\/\/neckar-donau-wegekreuz.de\/index.php?rest_route=\/wp\/v2\/pages"}],"about":[{"href":"https:\/\/neckar-donau-wegekreuz.de\/index.php?rest_route=\/wp\/v2\/types\/page"}],"author":[{"embeddable":true,"href":"https:\/\/neckar-donau-wegekreuz.de\/index.php?rest_route=\/wp\/v2\/users\/1"}],"replies":[{"embeddable":true,"href":"https:\/\/neckar-donau-wegekreuz.de\/index.php?rest_route=%2Fwp%2Fv2%2Fcomments&post=2563"}],"version-history":[{"count":5,"href":"https:\/\/neckar-donau-wegekreuz.de\/index.php?rest_route=\/wp\/v2\/pages\/2563\/revisions"}],"predecessor-version":[{"id":2575,"href":"https:\/\/neckar-donau-wegekreuz.de\/index.php?rest_route=\/wp\/v2\/pages\/2563\/revisions\/2575"}],"wp:attachment":[{"href":"https:\/\/neckar-donau-wegekreuz.de\/index.php?rest_route=%2Fwp%2Fv2%2Fmedia&parent=2563"}],"curies":[{"name":"wp","href":"https:\/\/api.w.org\/{rel}","templated":true}]}}